{"id":6665,"date":"2025-09-17T11:42:04","date_gmt":"2025-09-17T09:42:04","guid":{"rendered":"https:\/\/boreait.com\/hu\/?post_type=product&#038;p=6665"},"modified":"2025-09-17T11:42:18","modified_gmt":"2025-09-17T09:42:18","slug":"hp-compaq-6820s-bal-es-jobb-csuklopantos-lcd-kepernyo-tartokonzolok","status":"publish","type":"product","link":"https:\/\/boreait.com\/hu\/termek\/hp-compaq-6820s-bal-es-jobb-csuklopantos-lcd-kepernyo-tartokonzolok\/","title":{"rendered":"HP Compaq 6820S bal \u00e9s jobb csukl\u00f3p\u00e1ntos LCD-k\u00e9perny\u0151 tart\u00f3konzolok"},"content":{"rendered":"<p>N\u00f6velje HP Compaq 6820S laptopja stabilit\u00e1s\u00e1t \u00e9s tart\u00f3ss\u00e1g\u00e1t ezzel a bal \u00e9s jobb oldali zsan\u00e9rk\u00e9szlettel, amelyet kifejezetten az LCD-k\u00e9perny\u0151 t\u00e1mogat\u00e1s\u00e1ra terveztek. A prec\u00edzi\u00f3s tervez\u00e9ssel k\u00e9sz\u00fclt zsan\u00e9rok egyenletes \u00e9s megb\u00edzhat\u00f3 mozg\u00e1st biztos\u00edtanak, lehet\u0151v\u00e9 t\u00e9ve a laptop k\u00f6nny\u0171 kinyit\u00e1s\u00e1t \u00e9s z\u00e1r\u00e1s\u00e1t. Ezek a zsan\u00e9rok \u00fagy k\u00e9sz\u00fcltek, hogy ellen\u00e1lljanak a mindennapi haszn\u00e1latnak, \u00e9s hosszan tart\u00f3 t\u00e1mogat\u00e1st ny\u00fajtanak k\u00e9perny\u0151j\u00e9nek, jav\u00edtva a funkcionalit\u00e1st \u00e9s az eszt\u00e9tik\u00e1t. A HP Compaq 6820S modellel kompatibilis, a telep\u00edt\u00e9s egyszer\u0171, \u00edgy k\u00f6nnyen cser\u00e9lhet\u0151k az elhaszn\u00e1l\u00f3dott vagy s\u00e9r\u00fclt zsan\u00e9rok. \u00c1ll\u00edtsa vissza laptopja teljes\u00edtm\u00e9ny\u00e9t \u00e9s megjelen\u00e9s\u00e9t ezekkel a kiv\u00e1l\u00f3 min\u0151s\u00e9g\u0171 LCD-k\u00e9perny\u0151 tart\u00f3konzolokkal.<\/p>\n","protected":false},"excerpt":{"rendered":"<p>N\u00f6velje HP Compaq 6820S laptopja stabilit\u00e1s\u00e1t \u00e9s tart\u00f3ss\u00e1g\u00e1t ezzel a bal \u00e9s jobb zsan\u00e9rk\u00e9szlettel. Kifejezetten az LCD-k\u00e9perny\u0151 t\u00e1mogat\u00e1s\u00e1ra kialak\u00edtott zsan\u00e9rok egyenletes mozg\u00e1st \u00e9s hosszan tart\u00f3 teljes\u00edtm\u00e9nyt biztos\u00edtanak. K\u00f6nnyen telep\u00edthet\u0151k, t\u00f6k\u00e9letes megold\u00e1st jelentenek az elhaszn\u00e1l\u00f3dott vagy s\u00e9r\u00fclt zsan\u00e9rok cser\u00e9j\u00e9re \u00e9s a laptop funkcionalit\u00e1s\u00e1nak helyre\u00e1ll\u00edt\u00e1s\u00e1ra.<\/p>\n","protected":false},"featured_media":6683,"template":"","meta":[],"product_brand":[],"product_cat":[19],"product_tag":[25],"class_list":{"0":"post-6665","1":"product","2":"type-product","3":"status-publish","4":"has-post-thumbnail","6":"product_cat-screen-hinge","7":"product_tag-hp","9":"first","10":"instock","11":"taxable","12":"shipping-taxable","13":"purchasable","14":"product-type-simple"},"_links":{"self":[{"href":"https:\/\/boreait.com\/hu\/wp-json\/wp\/v2\/product\/6665","targetHints":{"allow":["GET"]}}],"collection":[{"href":"https:\/\/boreait.com\/hu\/wp-json\/wp\/v2\/product"}],"about":[{"href":"https:\/\/boreait.com\/hu\/wp-json\/wp\/v2\/types\/product"}],"wp:featuredmedia":[{"embeddable":true,"href":"https:\/\/boreait.com\/hu\/wp-json\/wp\/v2\/media\/6683"}],"wp:attachment":[{"href":"https:\/\/boreait.com\/hu\/wp-json\/wp\/v2\/media?parent=6665"}],"wp:term":[{"taxonomy":"product_brand","embeddable":true,"href":"https:\/\/boreait.com\/hu\/wp-json\/wp\/v2\/product_brand?post=6665"},{"taxonomy":"product_cat","embeddable":true,"href":"https:\/\/boreait.com\/hu\/wp-json\/wp\/v2\/product_cat?post=6665"},{"taxonomy":"product_tag","embeddable":true,"href":"https:\/\/boreait.com\/hu\/wp-json\/wp\/v2\/product_tag?post=6665"}],"curies":[{"name":"wp","href":"https:\/\/api.w.org\/{rel}","templated":true}]}}