{"id":6662,"date":"2025-09-17T11:42:03","date_gmt":"2025-09-17T09:42:03","guid":{"rendered":"https:\/\/boreait.com\/hu\/?post_type=product&#038;p=6662"},"modified":"2025-09-17T11:42:16","modified_gmt":"2025-09-17T09:42:16","slug":"eredeti-fujitsu-lifebook-e754-15-6-smart-card-olvaso-modul-cp621951-x1","status":"publish","type":"product","link":"https:\/\/boreait.com\/hu\/termek\/eredeti-fujitsu-lifebook-e754-15-6-smart-card-olvaso-modul-cp621951-x1\/","title":{"rendered":"Eredeti Fujitsu Lifebook E754 15.6 Smart Card olvas\u00f3 modul CP621951-X1"},"content":{"rendered":"<p>Friss\u00edtse Fujitsu Lifebook E754 laptopj\u00e1t ezzel az eredeti intelligensk\u00e1rtya-olvas\u00f3 modullal, amelyet \u00fagy terveztek, hogy biztons\u00e1gos hozz\u00e1f\u00e9r\u00e9st biztos\u00edtson eszk\u00f6z\u00e9hez. Ez az eredeti Fujitsu alkatr\u00e9sz kompatibilit\u00e1st \u00e9s z\u00f6kken\u0151mentes integr\u00e1ci\u00f3t biztos\u00edt laptopj\u00e1val, lehet\u0151v\u00e9 t\u00e9ve annak funkcionalit\u00e1s\u00e1nak z\u00f6kken\u0151mentes b\u0151v\u00edt\u00e9s\u00e9t. Intelligens k\u00e1rtyaolvas\u00f3 funkci\u00f3j\u00e1val k\u00e9nyelmesen hozz\u00e1f\u00e9rhet a biztons\u00e1gos rendszerekhez \u00e9s adatokhoz, \u00edgy ide\u00e1lis az adatbiztons\u00e1got el\u0151nyben r\u00e9szes\u00edt\u0151 szakemberek \u00e9s mag\u00e1nszem\u00e9lyek sz\u00e1m\u00e1ra. K\u00f6nnyen telep\u00edthet\u0151 \u00e9s tart\u00f3san \u00e9p\u00edthet\u0151, ez a modul t\u00f6k\u00e9letes helyettes\u00edti a megl\u00e9v\u0151 vagy s\u00e9r\u00fclt olvas\u00f3t. Fektessen be a Fujitsu \u00f6sszetev\u0151inek hiteless\u00e9g\u00e9be \u00e9s megb\u00edzhat\u00f3s\u00e1g\u00e1ba, \u00e9s tapasztalja meg a fokozott biztons\u00e1got \u00e9s k\u00e9nyelmet Lifebook E754 laptopj\u00e1val.<\/p>\n","protected":false},"excerpt":{"rendered":"<p>Fokozza Fujitsu Lifebook E754 laptopja biztons\u00e1g\u00e1t \u00e9s funkcionalit\u00e1s\u00e1t ezzel az eredeti intelligensk\u00e1rtya-olvas\u00f3 modullal. A z\u00f6kken\u0151mentes integr\u00e1ci\u00f3ra \u00e9s az egyszer\u0171 haszn\u00e1latra tervezett eredeti Fujitsu alkatr\u00e9sz biztons\u00e1gos hozz\u00e1f\u00e9r\u00e9st biztos\u00edt eszk\u00f6z\u00e9hez \u00e9s adataihoz. Friss\u00edtsen m\u00e9g ma a nagyobb nyugalom \u00e9s k\u00e9nyelem \u00e9rdek\u00e9ben.<\/p>\n","protected":false},"featured_media":6680,"template":"","meta":[],"product_brand":[],"product_cat":[27],"product_tag":[28],"class_list":{"0":"post-6662","1":"product","2":"type-product","3":"status-publish","4":"has-post-thumbnail","6":"product_cat-motherboards-board-parts","7":"product_tag-fujitsu","9":"first","10":"instock","11":"taxable","12":"shipping-taxable","13":"purchasable","14":"product-type-simple"},"_links":{"self":[{"href":"https:\/\/boreait.com\/hu\/wp-json\/wp\/v2\/product\/6662","targetHints":{"allow":["GET"]}}],"collection":[{"href":"https:\/\/boreait.com\/hu\/wp-json\/wp\/v2\/product"}],"about":[{"href":"https:\/\/boreait.com\/hu\/wp-json\/wp\/v2\/types\/product"}],"wp:featuredmedia":[{"embeddable":true,"href":"https:\/\/boreait.com\/hu\/wp-json\/wp\/v2\/media\/6680"}],"wp:attachment":[{"href":"https:\/\/boreait.com\/hu\/wp-json\/wp\/v2\/media?parent=6662"}],"wp:term":[{"taxonomy":"product_brand","embeddable":true,"href":"https:\/\/boreait.com\/hu\/wp-json\/wp\/v2\/product_brand?post=6662"},{"taxonomy":"product_cat","embeddable":true,"href":"https:\/\/boreait.com\/hu\/wp-json\/wp\/v2\/product_cat?post=6662"},{"taxonomy":"product_tag","embeddable":true,"href":"https:\/\/boreait.com\/hu\/wp-json\/wp\/v2\/product_tag?post=6662"}],"curies":[{"name":"wp","href":"https:\/\/api.w.org\/{rel}","templated":true}]}}