{"id":6661,"date":"2025-09-17T11:42:03","date_gmt":"2025-09-17T09:42:03","guid":{"rendered":"https:\/\/boreait.com\/hu\/?post_type=product&#038;p=6661"},"modified":"2026-01-19T10:54:15","modified_gmt":"2026-01-19T09:54:15","slug":"led-tabla-fujitsu-lifebook-e734-e744-e754-hez-cp642201-x3-cp642200-z3","status":"publish","type":"product","link":"https:\/\/boreait.com\/hu\/termek\/led-tabla-fujitsu-lifebook-e734-e744-e754-hez-cp642201-x3-cp642200-z3\/","title":{"rendered":"LED t\u00e1bla Fujitsu Lifebook E734 E744 E754-hez &#8211; CP642201-X3 CP642200-Z3"},"content":{"rendered":"<p>Friss\u00edtse Fujitsu Lifebook E734, E744 vagy E754 LED-k\u00e1rty\u00e1j\u00e1t ezzel a kiv\u00e1l\u00f3 min\u0151s\u00e9g\u0171 cserealkatr\u00e9szsel. Az OEM-specifik\u00e1ci\u00f3knak megfelel\u0151en kialak\u00edtott LED-es k\u00e1rtya optim\u00e1lis megjelen\u00edt\u00e9si teljes\u00edtm\u00e9nyt \u00e9s megb\u00edzhat\u00f3s\u00e1got biztos\u00edt. Ak\u00e1r profi, akinek megb\u00edzhat\u00f3 munka\u00e1llom\u00e1sra van sz\u00fcks\u00e9ge, ak\u00e1r di\u00e1k, aki megb\u00edzhat\u00f3 laptopot keres tanulm\u00e1nyaihoz, ez a LED-t\u00e1bla \u00e9les \u00e9s tiszta l\u00e1tv\u00e1nyt ny\u00fajt a tov\u00e1bbfejlesztett sz\u00e1m\u00edt\u00e1stechnikai \u00e9lm\u00e9ny \u00e9rdek\u00e9ben. A telep\u00edt\u00e9s egyszer\u0171, lehet\u0151v\u00e9 teszi a r\u00e9gi vagy hib\u00e1s LED-k\u00e1rtya gyors \u00e9s k\u00f6nnyed cser\u00e9j\u00e9t. Fektessen be ebbe a LED t\u00e1bl\u00e1ba m\u00e9g ma, \u00e9s \u00e1ll\u00edtsa vissza Fujitsu Lifebookja teljes funkcionalit\u00e1s\u00e1t.<\/p>\n","protected":false},"excerpt":{"rendered":"<p>Cser\u00e9lje ki Fujitsu Lifebook E734, E744 vagy E754 LED-k\u00e1rty\u00e1j\u00e1t erre a kiv\u00e1l\u00f3 min\u0151s\u00e9g\u0171 cserealkatr\u00e9szre. \u00c9lvezze az \u00e9les \u00e9s tiszta l\u00e1tv\u00e1nyt a tov\u00e1bbfejlesztett sz\u00e1m\u00edt\u00e1stechnikai \u00e9lm\u00e9ny \u00e9rdek\u00e9ben. K\u00f6nnyen felszerelhet\u0151, ez a LED t\u00e1bla optim\u00e1lis kijelz\u0151 teljes\u00edtm\u00e9nyt \u00e9s megb\u00edzhat\u00f3s\u00e1got biztos\u00edt.<\/p>\n","protected":false},"featured_media":6679,"template":"","meta":[],"product_brand":[],"product_cat":[27],"product_tag":[28],"class_list":{"0":"post-6661","1":"product","2":"type-product","3":"status-publish","4":"has-post-thumbnail","6":"product_cat-motherboards-board-parts","7":"product_tag-fujitsu","9":"first","10":"instock","11":"taxable","12":"shipping-taxable","13":"purchasable","14":"product-type-simple"},"_links":{"self":[{"href":"https:\/\/boreait.com\/hu\/wp-json\/wp\/v2\/product\/6661","targetHints":{"allow":["GET"]}}],"collection":[{"href":"https:\/\/boreait.com\/hu\/wp-json\/wp\/v2\/product"}],"about":[{"href":"https:\/\/boreait.com\/hu\/wp-json\/wp\/v2\/types\/product"}],"wp:featuredmedia":[{"embeddable":true,"href":"https:\/\/boreait.com\/hu\/wp-json\/wp\/v2\/media\/6679"}],"wp:attachment":[{"href":"https:\/\/boreait.com\/hu\/wp-json\/wp\/v2\/media?parent=6661"}],"wp:term":[{"taxonomy":"product_brand","embeddable":true,"href":"https:\/\/boreait.com\/hu\/wp-json\/wp\/v2\/product_brand?post=6661"},{"taxonomy":"product_cat","embeddable":true,"href":"https:\/\/boreait.com\/hu\/wp-json\/wp\/v2\/product_cat?post=6661"},{"taxonomy":"product_tag","embeddable":true,"href":"https:\/\/boreait.com\/hu\/wp-json\/wp\/v2\/product_tag?post=6661"}],"curies":[{"name":"wp","href":"https:\/\/api.w.org\/{rel}","templated":true}]}}