{"id":666,"date":"2025-09-17T09:29:46","date_gmt":"2025-09-17T07:29:46","guid":{"rendered":"https:\/\/boreait.com\/hu\/?post_type=product&#038;p=666"},"modified":"2025-09-17T09:30:51","modified_gmt":"2025-09-17T07:30:51","slug":"0tyvfg-dell-latitude-5490-5590-precision-7730-7530-infravoros-kamerahoz-tyvfg","status":"publish","type":"product","link":"https:\/\/boreait.com\/hu\/termek\/0tyvfg-dell-latitude-5490-5590-precision-7730-7530-infravoros-kamerahoz-tyvfg\/","title":{"rendered":"0TYVFG Dell Latitude 5490 5590 Precision 7730 7530 infrav\u00f6r\u00f6s kamer\u00e1hoz TYVFG"},"content":{"rendered":"<p>N\u00f6velje Dell Latitude 5490, Latitude 5590, Precision 7730 vagy Precision 7530 laptopja biztons\u00e1g\u00e1t \u00e9s felhaszn\u00e1l\u00f3i \u00e9lm\u00e9ny\u00e9t az eredeti Dell 0TYVFG infrav\u00f6r\u00f6s kamer\u00e1val. Ez a tartoz\u00e9k olyan fejlett funkci\u00f3kat k\u00edn\u00e1l, mint az arcfelismer\u00e9s \u00e9s az infrav\u00f6r\u00f6s funkci\u00f3.<\/p>\n<p>Az infrav\u00f6r\u00f6s kamera lehet\u0151v\u00e9 teszi az arcfelismer\u0151 technol\u00f3gi\u00e1t, amely biztons\u00e1gos \u00e9s k\u00e9nyelmes hiteles\u00edt\u00e9st tesz lehet\u0151v\u00e9. Ezzel a funkci\u00f3val egyszer\u0171en a kamer\u00e1ba n\u00e9zve bejelentkezhet laptopj\u00e1ba, \u00edgy nincs sz\u00fcks\u00e9g jelszavakra vagy PIN-k\u00f3dokra. Az arcfelismer\u00e9s egy extra biztons\u00e1gi r\u00e9teggel ruh\u00e1zza fel laptopj\u00e1t, biztos\u00edtva, hogy csak az arra jogosult szem\u00e9lyek f\u00e9rhessenek hozz\u00e1 a rendszerhez.<\/p>\n<p>Emellett a 0TYVFG kamera infrav\u00f6r\u00f6s funkci\u00f3ja lehet\u0151s\u00e9geket nyit a kiterjesztett val\u00f3s\u00e1g (AR) \u00e9s a virtu\u00e1lis val\u00f3s\u00e1g (VR) alkalmaz\u00e1sok sz\u00e1m\u00e1ra. Lehet\u0151v\u00e9 teszi, hogy laptopja kommunik\u00e1ljon kompatibilis infrav\u00f6r\u00f6s eszk\u00f6z\u00f6kkel, b\u0151v\u00edtve a sz\u00e1m\u00edt\u00e1stechnikai \u00e9lm\u00e9nyt, \u00e9s \u00faj lehet\u0151s\u00e9geket k\u00edn\u00e1l a j\u00e1t\u00e9k, a sz\u00f3rakoz\u00e1s \u00e9s a termel\u00e9kenys\u00e9g ter\u00e9n.<\/p>\n<p>A 0TYVFG infrav\u00f6r\u00f6s kamera telep\u00edt\u00e9se egyszer\u0171 folyamat. Gy\u0151z\u0151dj\u00f6n meg arr\u00f3l, hogy laptopja ki van kapcsolva, \u00e9s le van v\u00e1lasztva minden \u00e1ramforr\u00e1sr\u00f3l. Keresse meg a megl\u00e9v\u0151 kameramodult laptopja kijelz\u0151el\u0151lapj\u00e1n, \u00e9s \u00f3vatosan t\u00e1vol\u00edtsa el. Csatlakoztassa a 0TYVFG infrav\u00f6r\u00f6s kamer\u00e1t a megfelel\u0151 porthoz, ezzel biztos\u00edtva a biztons\u00e1gos kapcsolatot. Szerelje \u00f6ssze laptopj\u00e1t, majd kapcsolja be, hogy \u00e9lvezze a fokozott biztons\u00e1got \u00e9s funkcionalit\u00e1st.<\/p>\n<p>Friss\u00edtse Dell Latitude 5490, Latitude 5590, Precision 7730 vagy Precision 7530 laptopj\u00e1t az eredeti Dell 0TYVFG infrav\u00f6r\u00f6s kamer\u00e1val. Tapasztalja meg az arcfelismer\u00e9s k\u00e9nyelm\u00e9t, \u00e9s fedezze fel az \u00faj lehet\u0151s\u00e9geket az infrav\u00f6r\u00f6s funkci\u00f3val.<\/p>\n","protected":false},"excerpt":{"rendered":"<p>Friss\u00edtse Dell Latitude 5490, Latitude 5590, Precision 7730 vagy Precision 7530 laptopj\u00e1t a 0TYVFG infrav\u00f6r\u00f6s kamer\u00e1val. Ez az eredeti Dell-tartoz\u00e9k lehet\u0151v\u00e9 teszi az arcfelismer\u00e9st \u00e9s az infrav\u00f6r\u00f6s funkci\u00f3kat, \u00edgy biztons\u00e1gos \u00e9s k\u00e9nyelmes hiteles\u00edt\u00e9st tesz lehet\u0151v\u00e9. Fokozza laptopja biztons\u00e1g\u00e1t \u00e9s felhaszn\u00e1l\u00f3i \u00e9lm\u00e9ny\u00e9t ezzel a kiv\u00e1l\u00f3 min\u0151s\u00e9g\u0171 infrav\u00f6r\u00f6s kamer\u00e1val.<\/p>\n","protected":false},"featured_media":716,"template":"","meta":[],"product_brand":[],"product_cat":[27],"product_tag":[17],"class_list":{"0":"post-666","1":"product","2":"type-product","3":"status-publish","4":"has-post-thumbnail","6":"product_cat-motherboards-board-parts","7":"product_tag-dell","9":"first","10":"instock","11":"taxable","12":"shipping-taxable","13":"purchasable","14":"product-type-simple"},"_links":{"self":[{"href":"https:\/\/boreait.com\/hu\/wp-json\/wp\/v2\/product\/666","targetHints":{"allow":["GET"]}}],"collection":[{"href":"https:\/\/boreait.com\/hu\/wp-json\/wp\/v2\/product"}],"about":[{"href":"https:\/\/boreait.com\/hu\/wp-json\/wp\/v2\/types\/product"}],"wp:featuredmedia":[{"embeddable":true,"href":"https:\/\/boreait.com\/hu\/wp-json\/wp\/v2\/media\/716"}],"wp:attachment":[{"href":"https:\/\/boreait.com\/hu\/wp-json\/wp\/v2\/media?parent=666"}],"wp:term":[{"taxonomy":"product_brand","embeddable":true,"href":"https:\/\/boreait.com\/hu\/wp-json\/wp\/v2\/product_brand?post=666"},{"taxonomy":"product_cat","embeddable":true,"href":"https:\/\/boreait.com\/hu\/wp-json\/wp\/v2\/product_cat?post=666"},{"taxonomy":"product_tag","embeddable":true,"href":"https:\/\/boreait.com\/hu\/wp-json\/wp\/v2\/product_tag?post=666"}],"curies":[{"name":"wp","href":"https:\/\/api.w.org\/{rel}","templated":true}]}}