{"id":6659,"date":"2025-09-17T11:42:03","date_gmt":"2025-09-17T09:42:03","guid":{"rendered":"https:\/\/boreait.com\/hu\/?post_type=product&#038;p=6659"},"modified":"2025-09-17T11:42:14","modified_gmt":"2025-09-17T09:42:14","slug":"fujitsu-lifebook-e754-156-huvelykes-dvd-2-akkumulatorkartya-cp642151-x3-cp642150-z3","status":"publish","type":"product","link":"https:\/\/boreait.com\/hu\/termek\/fujitsu-lifebook-e754-156-huvelykes-dvd-2-akkumulatorkartya-cp642151-x3-cp642150-z3\/","title":{"rendered":"Fujitsu Lifebook E754 15,6 h\u00fcvelykes DVD 2. akkumul\u00e1tork\u00e1rtya CP642151-X3 CP642150-Z3"},"content":{"rendered":"<p>Friss\u00edtse Fujitsu Lifebook E754 15,6&#8243;-es modellj\u00e9t ezzel a CP642151-X3-mal \u00e9s CP642150-Z3-mal kompatibilis DVD 2. akkumul\u00e1tork\u00e1rty\u00e1val. A tov\u00e1bbi akkumul\u00e1tor-t\u00e1mogat\u00e1sra tervezett k\u00e1rtya hosszabb haszn\u00e1lati id\u0151t biztos\u00edt laptopja sz\u00e1m\u00e1ra, ak\u00e1r \u00fatk\u00f6zben dolgozik, ak\u00e1r akkumul\u00e1toros, ak\u00e1r prec\u00edzi\u00f3s multim\u00e9di\u00e1s tartalom megtekint\u00e9s\u00e9t k\u00edn\u00e1lja. z\u00f6kken\u0151mentes integr\u00e1ci\u00f3 \u00e9s egyszer\u0171 telep\u00edt\u00e9s, amely lehet\u0151v\u00e9 teszi, hogy megszak\u00edt\u00e1s n\u00e9lk\u00fcl \u00e9lvezhesse a Lifebook E754-et. Fokozza laptopja sokoldal\u00fas\u00e1g\u00e1t \u00e9s funkcionalit\u00e1s\u00e1t ezzel az alapvet\u0151 \u00f6sszetev\u0151vel.<\/p>\n","protected":false},"excerpt":{"rendered":"<p>Friss\u00edtse Fujitsu Lifebook E754 15,6&#8243;-es modellj\u00e9t ezzel a DVD 2. akkumul\u00e1tork\u00e1rty\u00e1val, amely kompatibilis a CP642151-X3 \u00e9s CP642150-Z3 k\u00e1rty\u00e1kkal. \u00c9lvezze a hosszabb haszn\u00e1lati id\u0151t \u00e9s a nagyobb teljes\u00edtm\u00e9nyt ezzel az alapvet\u0151 laptop-komponenssel. K\u00f6nnyen telep\u00edthet\u0151 \u00e9s z\u00f6kken\u0151mentesen integr\u00e1lhat\u00f3, ez az alaplap gondoskodik a megszak\u00edt\u00e1s n\u00e9lk\u00fcli termel\u00e9kenys\u00e9gr\u0151l.<\/p>\n","protected":false},"featured_media":6677,"template":"","meta":[],"product_brand":[],"product_cat":[27],"product_tag":[28],"class_list":{"0":"post-6659","1":"product","2":"type-product","3":"status-publish","4":"has-post-thumbnail","6":"product_cat-motherboards-board-parts","7":"product_tag-fujitsu","9":"first","10":"instock","11":"taxable","12":"shipping-taxable","13":"purchasable","14":"product-type-simple"},"_links":{"self":[{"href":"https:\/\/boreait.com\/hu\/wp-json\/wp\/v2\/product\/6659","targetHints":{"allow":["GET"]}}],"collection":[{"href":"https:\/\/boreait.com\/hu\/wp-json\/wp\/v2\/product"}],"about":[{"href":"https:\/\/boreait.com\/hu\/wp-json\/wp\/v2\/types\/product"}],"wp:featuredmedia":[{"embeddable":true,"href":"https:\/\/boreait.com\/hu\/wp-json\/wp\/v2\/media\/6677"}],"wp:attachment":[{"href":"https:\/\/boreait.com\/hu\/wp-json\/wp\/v2\/media?parent=6659"}],"wp:term":[{"taxonomy":"product_brand","embeddable":true,"href":"https:\/\/boreait.com\/hu\/wp-json\/wp\/v2\/product_brand?post=6659"},{"taxonomy":"product_cat","embeddable":true,"href":"https:\/\/boreait.com\/hu\/wp-json\/wp\/v2\/product_cat?post=6659"},{"taxonomy":"product_tag","embeddable":true,"href":"https:\/\/boreait.com\/hu\/wp-json\/wp\/v2\/product_tag?post=6659"}],"curies":[{"name":"wp","href":"https:\/\/api.w.org\/{rel}","templated":true}]}}