{"id":6642,"date":"2025-09-17T11:41:38","date_gmt":"2025-09-17T09:41:38","guid":{"rendered":"https:\/\/boreait.com\/hu\/?post_type=product&#038;p=6642"},"modified":"2025-09-17T11:42:12","modified_gmt":"2025-09-17T09:42:12","slug":"sierra-airprime-em8805-qualcomm-4g-hspa-cp699547-01-mobil-szelessavu-mini-pci-express-kartya","status":"publish","type":"product","link":"https:\/\/boreait.com\/hu\/termek\/sierra-airprime-em8805-qualcomm-4g-hspa-cp699547-01-mobil-szelessavu-mini-pci-express-kartya\/","title":{"rendered":"Sierra AirPrime EM8805 Qualcomm 4G HSPA+ CP699547-01 mobil sz\u00e9less\u00e1v\u00fa mini PCI Express k\u00e1rtya"},"content":{"rendered":"<p>Tapasztalja meg a nagy sebess\u00e9g\u0171 mobil sz\u00e9less\u00e1v\u00fa kapcsolatot a Sierra AirPrime EM8805 Qualcomm 4G HSPA+ CP699547-01 Mini PCI Express k\u00e1rty\u00e1val. A kompatibilis eszk\u00f6z\u00f6kbe val\u00f3 z\u00f6kken\u0151mentes integr\u00e1ci\u00f3ra tervezett k\u00e1rtya megb\u00edzhat\u00f3 4G HSPA+ kapcsolatot k\u00edn\u00e1l a gyors internet-hozz\u00e1f\u00e9r\u00e9shez \u00fatk\u00f6zben. Ak\u00e1r \u00fczleti, ak\u00e1r szabadid\u0151s c\u00e9llal utazik, maradjon kapcsolatban ezzel a kompakt \u00e9s hat\u00e9kony sz\u00e9less\u00e1v\u00fa megold\u00e1ssal. Ez a sz\u00e1mos eszk\u00f6zzel kompatibilis Mini PCI Express k\u00e1rtya k\u00f6nnyen telep\u00edthet\u0151, \u00e9s egyenletes teljes\u00edtm\u00e9nyt ny\u00fajt minden mobilkapcsolati ig\u00e9ny\u00e9hez. Friss\u00edtse eszk\u00f6z\u00e9t m\u00e9g ma, \u00e9s \u00e9lvezze a gyors \u00e9s megb\u00edzhat\u00f3 4G internetet, b\u00e1rhol is van.<\/p>\n","protected":false},"excerpt":{"rendered":"<p>Friss\u00edtse eszk\u00f6z\u00e9t a Sierra AirPrime EM8805 Qualcomm 4G HSPA+ CP699547-01 Mini PCI Express k\u00e1rty\u00e1val a nagy sebess\u00e9g\u0171 mobil sz\u00e9less\u00e1v\u00fa csatlakoz\u00e1shoz. Maradjon kapcsolatban \u00fatk\u00f6zben is a megb\u00edzhat\u00f3 4G HSPA+ internet-hozz\u00e1f\u00e9r\u00e9ssel. K\u00f6nnyen telep\u00edthet\u0151 \u00e9s sz\u00e1mos eszk\u00f6zzel kompatibilis.<\/p>\n","protected":false},"featured_media":6675,"template":"","meta":[],"product_brand":[],"product_cat":[27],"product_tag":[],"class_list":{"0":"post-6642","1":"product","2":"type-product","3":"status-publish","4":"has-post-thumbnail","6":"product_cat-motherboards-board-parts","8":"first","9":"instock","10":"taxable","11":"shipping-taxable","12":"purchasable","13":"product-type-simple"},"_links":{"self":[{"href":"https:\/\/boreait.com\/hu\/wp-json\/wp\/v2\/product\/6642","targetHints":{"allow":["GET"]}}],"collection":[{"href":"https:\/\/boreait.com\/hu\/wp-json\/wp\/v2\/product"}],"about":[{"href":"https:\/\/boreait.com\/hu\/wp-json\/wp\/v2\/types\/product"}],"wp:featuredmedia":[{"embeddable":true,"href":"https:\/\/boreait.com\/hu\/wp-json\/wp\/v2\/media\/6675"}],"wp:attachment":[{"href":"https:\/\/boreait.com\/hu\/wp-json\/wp\/v2\/media?parent=6642"}],"wp:term":[{"taxonomy":"product_brand","embeddable":true,"href":"https:\/\/boreait.com\/hu\/wp-json\/wp\/v2\/product_brand?post=6642"},{"taxonomy":"product_cat","embeddable":true,"href":"https:\/\/boreait.com\/hu\/wp-json\/wp\/v2\/product_cat?post=6642"},{"taxonomy":"product_tag","embeddable":true,"href":"https:\/\/boreait.com\/hu\/wp-json\/wp\/v2\/product_tag?post=6642"}],"curies":[{"name":"wp","href":"https:\/\/api.w.org\/{rel}","templated":true}]}}