{"id":6641,"date":"2025-09-17T11:41:38","date_gmt":"2025-09-17T09:41:38","guid":{"rendered":"https:\/\/boreait.com\/hu\/?post_type=product&#038;p=6641"},"modified":"2026-01-19T10:53:51","modified_gmt":"2026-01-19T09:53:51","slug":"egyenaramu-csatlakozo-vezetekes-hp-15-pn-cbl00378-0150-8-erintkezohoz-laptop-tapcsatlakozojanak-csereje","status":"publish","type":"product","link":"https:\/\/boreait.com\/hu\/termek\/egyenaramu-csatlakozo-vezetekes-hp-15-pn-cbl00378-0150-8-erintkezohoz-laptop-tapcsatlakozojanak-csereje\/","title":{"rendered":"Egyen\u00e1ram\u00fa csatlakoz\u00f3 vezet\u00e9kes HP 15 PN CBL00378-0150 8 \u00e9rintkez\u0151h\u00f6z \u2013 Laptop t\u00e1pcsatlakoz\u00f3j\u00e1nak cser\u00e9je"},"content":{"rendered":"<p>B\u0151v\u00edtse HP laptopja t\u00e1pcsatlakoz\u00f3j\u00e1t ezzel a vezet\u00e9kes egyen\u00e1ram\u00fa csatlakoz\u00f3val, amelyet 15 P\/N CBL00378-0150-hez terveztek, \u00e9s 8 t\u0171s konfigur\u00e1ci\u00f3val rendelkezik. A tart\u00f3ss\u00e1got \u00e9s a kompatibilit\u00e1st szem el\u0151tt tartva k\u00e9sz\u00fclt ez a cserealjzat, amely biztons\u00e1gos t\u00e1pcsatlakoz\u00e1st biztos\u00edt eszk\u00f6ze sz\u00e1m\u00e1ra. \u00dagy tervezt\u00e9k, hogy megfeleljen vagy meghaladja az OEM szabv\u00e1nyokat, ez az egyen\u00e1ram\u00fa csatlakoz\u00f3 megb\u00edzhat\u00f3 teljes\u00edtm\u00e9nyt \u00e9s optim\u00e1lis er\u0151\u00e1tvitelt garant\u00e1l. A telep\u00edt\u00e9s egyszer\u0171, \u00edgy ide\u00e1lis megold\u00e1s a bark\u00e1csol\u00e1s szerelmeseinek vagy a technikusoknak, akik szeretn\u00e9k vissza\u00e1ll\u00edtani HP laptopjaik t\u00e1pell\u00e1t\u00e1s\u00e1t. Fektessen be ebbe a kiv\u00e1l\u00f3 min\u0151s\u00e9g\u0171 egyen\u00e1ram\u00fa csatlakoz\u00f3aljzatba m\u00e9g ma, \u00e9s \u00e9lvezze HP laptopja megszak\u00edt\u00e1s n\u00e9lk\u00fcli t\u00e1pell\u00e1t\u00e1s\u00e1t<\/p>\n","protected":false},"excerpt":{"rendered":"<p>Cser\u00e9lje ki HP laptopja t\u00e1pcsatlakoz\u00f3j\u00e1t erre a vezet\u00e9kes egyen\u00e1ram\u00fa jack csatlakoz\u00f3ra, amely kompatibilis a SuyIn P\/N CBL00378-0150-vel, \u00e9s 8 t\u0171s konfigur\u00e1ci\u00f3val rendelkezik. Ezzel a kiv\u00e1l\u00f3 min\u0151s\u00e9g\u0171 cserealkatr\u00e9szrel biztos\u00edthatja k\u00e9sz\u00fcl\u00e9k\u00e9nek biztons\u00e1gos \u00e9s megb\u00edzhat\u00f3 t\u00e1pcsatlakoz\u00e1s\u00e1t. K\u00f6nnyen telep\u00edthet\u0151, t\u00f6k\u00e9letes megold\u00e1s HP laptopja t\u00e1pell\u00e1t\u00e1s\u00e1nak helyre\u00e1ll\u00edt\u00e1s\u00e1hoz.<\/p>\n","protected":false},"featured_media":6674,"template":"","meta":[],"product_brand":[],"product_cat":[20],"product_tag":[25],"class_list":{"0":"post-6641","1":"product","2":"type-product","3":"status-publish","4":"has-post-thumbnail","6":"product_cat-cables","7":"product_tag-hp","9":"first","10":"instock","11":"taxable","12":"shipping-taxable","13":"purchasable","14":"product-type-simple"},"_links":{"self":[{"href":"https:\/\/boreait.com\/hu\/wp-json\/wp\/v2\/product\/6641","targetHints":{"allow":["GET"]}}],"collection":[{"href":"https:\/\/boreait.com\/hu\/wp-json\/wp\/v2\/product"}],"about":[{"href":"https:\/\/boreait.com\/hu\/wp-json\/wp\/v2\/types\/product"}],"wp:featuredmedia":[{"embeddable":true,"href":"https:\/\/boreait.com\/hu\/wp-json\/wp\/v2\/media\/6674"}],"wp:attachment":[{"href":"https:\/\/boreait.com\/hu\/wp-json\/wp\/v2\/media?parent=6641"}],"wp:term":[{"taxonomy":"product_brand","embeddable":true,"href":"https:\/\/boreait.com\/hu\/wp-json\/wp\/v2\/product_brand?post=6641"},{"taxonomy":"product_cat","embeddable":true,"href":"https:\/\/boreait.com\/hu\/wp-json\/wp\/v2\/product_cat?post=6641"},{"taxonomy":"product_tag","embeddable":true,"href":"https:\/\/boreait.com\/hu\/wp-json\/wp\/v2\/product_tag?post=6641"}],"curies":[{"name":"wp","href":"https:\/\/api.w.org\/{rel}","templated":true}]}}