{"id":6640,"date":"2025-09-17T11:41:37","date_gmt":"2025-09-17T09:41:37","guid":{"rendered":"https:\/\/boreait.com\/hu\/?post_type=product&#038;p=6640"},"modified":"2026-01-19T10:53:32","modified_gmt":"2026-01-19T09:53:32","slug":"fujitsu-lifebook-e754-usb-hdmi-kartya-cp642205-z1","status":"publish","type":"product","link":"https:\/\/boreait.com\/hu\/termek\/fujitsu-lifebook-e754-usb-hdmi-kartya-cp642205-z1\/","title":{"rendered":"Fujitsu LifeBook E754 USB HDMI k\u00e1rtya CP642205-Z1"},"content":{"rendered":"<p>Revitaliz\u00e1lja Fujitsu LifeBook E754 laptopj\u00e1t ezzel az alapvet\u0151 USB HDMI k\u00e1rtya cserealkatr\u00e9szrel. A funkcionalit\u00e1s \u00e9s a csatlakoztathat\u00f3s\u00e1g helyre\u00e1ll\u00edt\u00e1s\u00e1ra tervezett k\u00e1rtya biztos\u00edtja az USB- \u00e9s HDMI-portok z\u00f6kken\u0151mentes integr\u00e1ci\u00f3j\u00e1t, lehet\u0151v\u00e9 t\u00e9ve a laptop k\u00e9pess\u00e9geinek b\u0151v\u00edt\u00e9s\u00e9t. A prec\u00edzi\u00f3s \u00e9s min\u0151s\u00e9gi anyagokb\u00f3l k\u00e9sz\u00fclt cseret\u00e1bla megb\u00edzhat\u00f3 teljes\u00edtm\u00e9nyt \u00e9s tart\u00f3ss\u00e1got garant\u00e1l. F\u00fcggetlen\u00fcl att\u00f3l, hogy k\u00fcls\u0151 kijelz\u0151ket, perif\u00e9ri\u00e1kat vagy t\u00e1rol\u00f3eszk\u00f6z\u00f6ket csatlakoztat, ez az alaplap biztos\u00edtja a sz\u00fcks\u00e9ges interf\u00e9szeket a fokozott termel\u00e9kenys\u00e9ghez. Friss\u00edtse laptopj\u00e1t k\u00f6nnyed\u00e9n ezzel az eredeti cserealkatr\u00e9szrel, \u00e9s tapasztalja meg a teljesen m\u0171k\u00f6d\u0151k\u00e9pes USB- \u00e9s HDMI-csatlakoz\u00e1s k\u00e9nyelm\u00e9t.<\/p>\n<p>Alkatr\u00e9szsz\u00e1m: CP642205-Z1<\/p>\n","protected":false},"excerpt":{"rendered":"<p>\u00c1ll\u00edtsa vissza az USB- \u00e9s HDMI-kapcsolatot Fujitsu LifeBook E754 laptopj\u00e1hoz ezzel a kiv\u00e1l\u00f3 min\u0151s\u00e9g\u0171 cserek\u00e1rty\u00e1val. Biztos\u00edtsa a k\u00fcls\u0151 eszk\u00f6z\u00f6k \u00e9s kijelz\u0151k z\u00f6kken\u0151mentes integr\u00e1ci\u00f3j\u00e1t a fokozott termel\u00e9kenys\u00e9g \u00e9rdek\u00e9ben<\/p>\n","protected":false},"featured_media":6673,"template":"","meta":[],"product_brand":[],"product_cat":[27],"product_tag":[28],"class_list":{"0":"post-6640","1":"product","2":"type-product","3":"status-publish","4":"has-post-thumbnail","6":"product_cat-motherboards-board-parts","7":"product_tag-fujitsu","9":"first","10":"instock","11":"taxable","12":"shipping-taxable","13":"purchasable","14":"product-type-simple"},"_links":{"self":[{"href":"https:\/\/boreait.com\/hu\/wp-json\/wp\/v2\/product\/6640","targetHints":{"allow":["GET"]}}],"collection":[{"href":"https:\/\/boreait.com\/hu\/wp-json\/wp\/v2\/product"}],"about":[{"href":"https:\/\/boreait.com\/hu\/wp-json\/wp\/v2\/types\/product"}],"wp:featuredmedia":[{"embeddable":true,"href":"https:\/\/boreait.com\/hu\/wp-json\/wp\/v2\/media\/6673"}],"wp:attachment":[{"href":"https:\/\/boreait.com\/hu\/wp-json\/wp\/v2\/media?parent=6640"}],"wp:term":[{"taxonomy":"product_brand","embeddable":true,"href":"https:\/\/boreait.com\/hu\/wp-json\/wp\/v2\/product_brand?post=6640"},{"taxonomy":"product_cat","embeddable":true,"href":"https:\/\/boreait.com\/hu\/wp-json\/wp\/v2\/product_cat?post=6640"},{"taxonomy":"product_tag","embeddable":true,"href":"https:\/\/boreait.com\/hu\/wp-json\/wp\/v2\/product_tag?post=6640"}],"curies":[{"name":"wp","href":"https:\/\/api.w.org\/{rel}","templated":true}]}}