{"id":6639,"date":"2025-09-17T11:41:37","date_gmt":"2025-09-17T09:41:37","guid":{"rendered":"https:\/\/boreait.com\/hu\/?post_type=product&#038;p=6639"},"modified":"2026-01-19T10:53:14","modified_gmt":"2026-01-19T09:53:14","slug":"tartosinek-fujitsu-lifebook-e754-e756-lcd-hez-bal-es-jobb-rogzites","status":"publish","type":"product","link":"https:\/\/boreait.com\/hu\/termek\/tartosinek-fujitsu-lifebook-e754-e756-lcd-hez-bal-es-jobb-rogzites\/","title":{"rendered":"Tart\u00f3s\u00ednek Fujitsu Lifebook E754 E756 LCD-hez &#8211; Bal \u00e9s jobb r\u00f6gz\u00edt\u00e9s"},"content":{"rendered":"<p>Friss\u00edtse Fujitsu Lifebook E754 vagy E756 laptopj\u00e1t ezekkel a konzols\u00ednekkel, amelyeket az LCD bal \u00e9s jobb oldali r\u00f6gz\u00edt\u00e9s\u00e9re terveztek. A prec\u00edz kompatibilit\u00e1sra \u00e9s tart\u00f3ss\u00e1gra kialak\u00edtott tart\u00f3s\u00ednek biztons\u00e1gos t\u00e1mogat\u00e1st biztos\u00edtanak laptopja k\u00e9perny\u0151j\u00e9nek, fokozva a stabilit\u00e1st \u00e9s a funkcionalit\u00e1st. A kiv\u00e1l\u00f3 min\u0151s\u00e9g\u0171 anyagokb\u00f3l k\u00e9sz\u00fclt s\u00ednek \u00fagy k\u00e9sz\u00fcltek, hogy ellen\u00e1lljanak a napi haszn\u00e1latnak, \u00e9s hossz\u00fa \u00e9lettartamot biztos\u00edtsanak. Legyen sz\u00f3 professzion\u00e1lis, tanul\u00f3 vagy alkalmi felhaszn\u00e1l\u00f3r\u00f3l, ezekre a tart\u00f3s\u00ednekre t\u00e1maszkodhat, hogy a k\u00e9perny\u0151t biztons\u00e1gosan a hely\u00e9n tarts\u00e1k, mik\u00f6zben dolgozik, vide\u00f3kat streamel vagy b\u00f6ng\u00e9szik az interneten. A Fujitsu Lifebook E754 \u00e9s E756 modellekkel kompatibilis, a telep\u00edt\u00e9s gyerekj\u00e1t\u00e9k, nem ig\u00e9nyel m\u0171szaki szak\u00e9rtelmet. Egyszer\u0171en cser\u00e9lje ki a r\u00e9gi konzols\u00edneket ezekkel az \u00fajakkal, hogy helyre\u00e1ll\u00edtsa laptopja funkcionalit\u00e1s\u00e1t \u00e9s megjelen\u00e9s\u00e9t. Fektessen be ezekbe a konzols\u00ednekbe m\u00e9g ma, \u00e9s \u00e9lvezze Fujitsu laptopja jobb stabilit\u00e1s\u00e1t, funkcionalit\u00e1s\u00e1t \u00e9s eszt\u00e9tik\u00e1j\u00e1t.<\/p>\n","protected":false},"excerpt":{"rendered":"<p>N\u00f6velje Fujitsu Lifebook E754 vagy E756 laptopja stabilit\u00e1s\u00e1t \u00e9s funkcionalit\u00e1s\u00e1t ezekkel a konzols\u00ednekkel az LCD bal \u00e9s jobb oldali r\u00f6gz\u00edt\u00e9s\u00e9hez. Ezek a prec\u00edz kompatibilit\u00e1s \u00e9s tart\u00f3ss\u00e1g \u00e9rdek\u00e9ben kialak\u00edtott tart\u00f3s\u00ednek biztons\u00e1gos t\u00e1mogat\u00e1st ny\u00fajtanak laptopja k\u00e9perny\u0151j\u00e9nek, \u00e9s hossz\u00fa \u00e9lettartamot biztos\u00edtanak. K\u00f6nnyen felszerelhet\u0151 \u00e9s tart\u00f3s kivitel\u0171, ezek a konzols\u00ednek t\u00f6k\u00e9letes megold\u00e1st jelentenek az elhaszn\u00e1l\u00f3dott vagy s\u00e9r\u00fclt s\u00ednek cser\u00e9j\u00e9re. Szerezze be a mag\u00e1\u00e9t, \u00e9s \u00e1ll\u00edtsa vissza laptopj\u00e1t optim\u00e1lis \u00e1llapotba!<\/p>\n","protected":false},"featured_media":6672,"template":"","meta":[],"product_brand":[],"product_cat":[16],"product_tag":[28],"class_list":{"0":"post-6639","1":"product","2":"type-product","3":"status-publish","4":"has-post-thumbnail","6":"product_cat-laptop-housing","7":"product_tag-fujitsu","9":"first","10":"instock","11":"taxable","12":"shipping-taxable","13":"purchasable","14":"product-type-simple"},"_links":{"self":[{"href":"https:\/\/boreait.com\/hu\/wp-json\/wp\/v2\/product\/6639","targetHints":{"allow":["GET"]}}],"collection":[{"href":"https:\/\/boreait.com\/hu\/wp-json\/wp\/v2\/product"}],"about":[{"href":"https:\/\/boreait.com\/hu\/wp-json\/wp\/v2\/types\/product"}],"wp:featuredmedia":[{"embeddable":true,"href":"https:\/\/boreait.com\/hu\/wp-json\/wp\/v2\/media\/6672"}],"wp:attachment":[{"href":"https:\/\/boreait.com\/hu\/wp-json\/wp\/v2\/media?parent=6639"}],"wp:term":[{"taxonomy":"product_brand","embeddable":true,"href":"https:\/\/boreait.com\/hu\/wp-json\/wp\/v2\/product_brand?post=6639"},{"taxonomy":"product_cat","embeddable":true,"href":"https:\/\/boreait.com\/hu\/wp-json\/wp\/v2\/product_cat?post=6639"},{"taxonomy":"product_tag","embeddable":true,"href":"https:\/\/boreait.com\/hu\/wp-json\/wp\/v2\/product_tag?post=6639"}],"curies":[{"name":"wp","href":"https:\/\/api.w.org\/{rel}","templated":true}]}}