{"id":6638,"date":"2025-09-17T11:41:37","date_gmt":"2025-09-17T09:41:37","guid":{"rendered":"https:\/\/boreait.com\/hu\/?post_type=product&#038;p=6638"},"modified":"2025-09-17T11:42:10","modified_gmt":"2025-09-17T09:42:10","slug":"fujitsu-siemens-lifebook-e754-lcd-zsarnok-baljobb-kepernyos-kijelzo-monitor-tamogatas","status":"publish","type":"product","link":"https:\/\/boreait.com\/hu\/termek\/fujitsu-siemens-lifebook-e754-lcd-zsarnok-baljobb-kepernyos-kijelzo-monitor-tamogatas\/","title":{"rendered":"Fujitsu Siemens Lifebook E754 LCD ZSARNOK (BAL+JOBB) \u2013 K\u00e9perny\u0151s kijelz\u0151-monitor t\u00e1mogat\u00e1s"},"content":{"rendered":"<p>Friss\u00edtse Fujitsu Siemens Lifebook E754 laptopj\u00e1t ezzel az LCD zsan\u00e9rk\u00e9szlettel, amely bal \u00e9s jobb oldali zsan\u00e9rokat is tartalmaz a teljes k\u00e9perny\u0151monitor t\u00e1mogat\u00e1s \u00e9rdek\u00e9ben. A pontoss\u00e1g \u00e9s a tart\u00f3ss\u00e1g szem el\u0151tt tart\u00e1s\u00e1val kialak\u00edtott zsan\u00e9rok z\u00f6kken\u0151mentes m\u0171k\u00f6d\u00e9st biztos\u00edtanak, lehet\u0151v\u00e9 t\u00e9ve a laptop fedel\u00e9nek k\u00f6nny\u0171 kinyit\u00e1s\u00e1t \u00e9s z\u00e1r\u00e1s\u00e1t. Kiv\u00e1l\u00f3 min\u0151s\u00e9g\u0171 anyagokb\u00f3l k\u00e9sz\u00fcltek, \u00e9s \u00fagy k\u00e9sz\u00fcltek, hogy ellen\u00e1lljanak a napi haszn\u00e1latnak, hossz\u00fa \u00e9lettartamot \u00e9s stabilit\u00e1st biztos\u00edtva. Ak\u00e1r profi, ak\u00e1r di\u00e1k, ezekre a zsan\u00e9rokra t\u00e1maszkodhat, hogy biztons\u00e1gosan a hely\u00e9n tarts\u00e1k a k\u00e9perny\u0151t, mik\u00f6zben dolgozik, vide\u00f3kat n\u00e9z vagy b\u00f6ng\u00e9szik az interneten. A kifejezetten a Fujitsu Siemens Lifebook E754 modellhez tervezett zsan\u00e9rok t\u00f6k\u00e9letes illeszked\u00e9st \u00e9s egyszer\u0171 telep\u00edt\u00e9st k\u00edn\u00e1lnak. Egyszer\u0171en cser\u00e9lje ki r\u00e9gi zsan\u00e9rjait ezekkel az \u00fajakkal, hogy helyre\u00e1ll\u00edtsa laptopja funkcionalit\u00e1s\u00e1t \u00e9s megjelen\u00e9s\u00e9t. Fektessen be ezekbe az LCD zsan\u00e9rokba m\u00e9g ma, \u00e9s tapasztalja meg Fujitsu Siemens Lifebook E754 laptopja jobb stabilit\u00e1s\u00e1t \u00e9s t\u00e1mogat\u00e1s\u00e1t.<\/p>\n","protected":false},"excerpt":{"rendered":"<p>N\u00f6velje Fujitsu Siemens Lifebook E754 laptopja stabilit\u00e1s\u00e1t \u00e9s funkcionalit\u00e1s\u00e1t ezzel az LCD zsan\u00e9rk\u00e9szlettel. A bal \u00e9s jobb oldali zsan\u00e9rokkal egy\u00fctt ezek a kiv\u00e1l\u00f3 min\u0151s\u00e9g\u0171 alkatr\u00e9szek megb\u00edzhat\u00f3 t\u00e1mogat\u00e1st ny\u00fajtanak k\u00e9perny\u0151je sz\u00e1m\u00e1ra, biztos\u00edtva a laptop fedel\u00e9nek z\u00f6kken\u0151mentes nyit\u00e1s\u00e1t \u00e9s z\u00e1r\u00e1s\u00e1t. K\u00f6nnyen felszerelhet\u0151 \u00e9s tart\u00f3s kivitelez\u00e9s\u0171, t\u00f6k\u00e9letes helyettes\u00edt\u0151 az elhaszn\u00e1l\u00f3dott vagy s\u00e9r\u00fclt zsan\u00e9rokhoz. Friss\u00edtse laptopj\u00e1t m\u00e9g ma, \u00e9s \u00e9lvezze a jobb stabilit\u00e1st \u00e9s t\u00e1mogat\u00e1st a napi feladataihoz!<\/p>\n","protected":false},"featured_media":6671,"template":"","meta":[],"product_brand":[],"product_cat":[19],"product_tag":[28],"class_list":{"0":"post-6638","1":"product","2":"type-product","3":"status-publish","4":"has-post-thumbnail","6":"product_cat-screen-hinge","7":"product_tag-fujitsu","9":"first","10":"instock","11":"taxable","12":"shipping-taxable","13":"purchasable","14":"product-type-simple"},"_links":{"self":[{"href":"https:\/\/boreait.com\/hu\/wp-json\/wp\/v2\/product\/6638","targetHints":{"allow":["GET"]}}],"collection":[{"href":"https:\/\/boreait.com\/hu\/wp-json\/wp\/v2\/product"}],"about":[{"href":"https:\/\/boreait.com\/hu\/wp-json\/wp\/v2\/types\/product"}],"wp:featuredmedia":[{"embeddable":true,"href":"https:\/\/boreait.com\/hu\/wp-json\/wp\/v2\/media\/6671"}],"wp:attachment":[{"href":"https:\/\/boreait.com\/hu\/wp-json\/wp\/v2\/media?parent=6638"}],"wp:term":[{"taxonomy":"product_brand","embeddable":true,"href":"https:\/\/boreait.com\/hu\/wp-json\/wp\/v2\/product_brand?post=6638"},{"taxonomy":"product_cat","embeddable":true,"href":"https:\/\/boreait.com\/hu\/wp-json\/wp\/v2\/product_cat?post=6638"},{"taxonomy":"product_tag","embeddable":true,"href":"https:\/\/boreait.com\/hu\/wp-json\/wp\/v2\/product_tag?post=6638"}],"curies":[{"name":"wp","href":"https:\/\/api.w.org\/{rel}","templated":true}]}}