{"id":6637,"date":"2025-09-17T11:41:37","date_gmt":"2025-09-17T09:41:37","guid":{"rendered":"https:\/\/boreait.com\/hu\/?post_type=product&#038;p=6637"},"modified":"2025-09-17T11:42:09","modified_gmt":"2025-09-17T09:42:09","slug":"eredeti-fujitsu-lifebook-e733-133-laptop-ezust-szinu-felso-burkolat-csuklotamasz","status":"publish","type":"product","link":"https:\/\/boreait.com\/hu\/termek\/eredeti-fujitsu-lifebook-e733-133-laptop-ezust-szinu-felso-burkolat-csuklotamasz\/","title":{"rendered":"Eredeti Fujitsu Lifebook E733 13,3&#8243; laptop, ez\u00fcst sz\u00edn\u0171 fels\u0151 burkolat csukl\u00f3t\u00e1masz"},"content":{"rendered":"<p>Alak\u00edtsa \u00e1t Fujitsu Lifebook E733 laptopj\u00e1t ezzel az eredeti fels\u0151 burkolat\u00fa, eleg\u00e1ns ez\u00fcst csukl\u00f3t\u00e1maszral. Az OEM szabv\u00e1nyoknak megfelel\u0151en kialak\u00edtott fels\u0151 tokot bor\u00edt\u00f3 csukl\u00f3t\u00e1masz t\u00f6k\u00e9letes illeszked\u00e9st \u00e9s z\u00f6kken\u0151mentes integr\u00e1ci\u00f3t biztos\u00edt a k\u00e9sz\u00fcl\u00e9khez. A tart\u00f3ss\u00e1gra \u00e9s az eszt\u00e9tik\u00e1ra tervezve v\u00e9d\u0151 \u00e9s st\u00edlusos h\u00e1zat biztos\u00edt laptopja bels\u0151 alkatr\u00e9szeinek. Cser\u00e9lje ki kopott vagy s\u00e9r\u00fclt fels\u0151 burkolat\u00e1nak csukl\u00f3t\u00e1masz\u00e1t erre az eredeti Fujitsu alkatr\u00e9szre, hogy vissza\u00e1ll\u00edtsa laptopja eredeti megjelen\u00e9s\u00e9t \u00e9s hangulat\u00e1t. K\u00f6nnyen felszerelhet\u0151 \u00e9s a Fujitsu min\u0151s\u00e9gi h\u00edrnev\u00e9nek k\u00f6sz\u00f6nhet\u0151en ez a fels\u0151 burkolat\u00fa csukl\u00f3t\u00e1masz t\u00f6k\u00e9letes megold\u00e1s eszk\u00f6ze integrit\u00e1s\u00e1nak \u00e9s teljes\u00edtm\u00e9ny\u00e9nek meg\u0151rz\u00e9s\u00e9re.<\/p>\n","protected":false},"excerpt":{"rendered":"<p>Friss\u00edtse Fujitsu Lifebook E733 laptopj\u00e1t ezzel az eredeti ez\u00fcst sz\u00edn\u0171 fels\u0151 burkolat\u00fa csukl\u00f3t\u00e1maszral. A t\u00f6k\u00e9letes illeszked\u00e9sre \u00e9s tart\u00f3ss\u00e1gra tervezt\u00e9k, v\u00e9di eszk\u00f6ze bels\u0151 alkatr\u00e9szeit, mik\u00f6zben st\u00edlust ad hozz\u00e1. K\u00f6nnyen felszerelhet\u0151, ez az eredeti Fujitsu alkatr\u00e9sz ide\u00e1lis megold\u00e1s az elhaszn\u00e1l\u00f3dott vagy s\u00e9r\u00fclt csukl\u00f3t\u00e1maszok cser\u00e9j\u00e9re \u00e9s a laptop \u00e9ps\u00e9g\u00e9nek meg\u0151rz\u00e9s\u00e9re.<\/p>\n","protected":false},"featured_media":6669,"template":"","meta":[],"product_brand":[],"product_cat":[16],"product_tag":[28],"class_list":{"0":"post-6637","1":"product","2":"type-product","3":"status-publish","4":"has-post-thumbnail","6":"product_cat-laptop-housing","7":"product_tag-fujitsu","9":"first","10":"instock","11":"taxable","12":"shipping-taxable","13":"purchasable","14":"product-type-simple"},"_links":{"self":[{"href":"https:\/\/boreait.com\/hu\/wp-json\/wp\/v2\/product\/6637","targetHints":{"allow":["GET"]}}],"collection":[{"href":"https:\/\/boreait.com\/hu\/wp-json\/wp\/v2\/product"}],"about":[{"href":"https:\/\/boreait.com\/hu\/wp-json\/wp\/v2\/types\/product"}],"wp:featuredmedia":[{"embeddable":true,"href":"https:\/\/boreait.com\/hu\/wp-json\/wp\/v2\/media\/6669"}],"wp:attachment":[{"href":"https:\/\/boreait.com\/hu\/wp-json\/wp\/v2\/media?parent=6637"}],"wp:term":[{"taxonomy":"product_brand","embeddable":true,"href":"https:\/\/boreait.com\/hu\/wp-json\/wp\/v2\/product_brand?post=6637"},{"taxonomy":"product_cat","embeddable":true,"href":"https:\/\/boreait.com\/hu\/wp-json\/wp\/v2\/product_cat?post=6637"},{"taxonomy":"product_tag","embeddable":true,"href":"https:\/\/boreait.com\/hu\/wp-json\/wp\/v2\/product_tag?post=6637"}],"curies":[{"name":"wp","href":"https:\/\/api.w.org\/{rel}","templated":true}]}}