{"id":6635,"date":"2025-09-17T11:41:37","date_gmt":"2025-09-17T09:41:37","guid":{"rendered":"https:\/\/boreait.com\/hu\/?post_type=product&#038;p=6635"},"modified":"2025-09-17T11:41:56","modified_gmt":"2025-09-17T09:41:56","slug":"eredeti-fujitsu-lifebook-e754-also-hazfedel-cserealkatresz","status":"publish","type":"product","link":"https:\/\/boreait.com\/hu\/termek\/eredeti-fujitsu-lifebook-e754-also-hazfedel-cserealkatresz\/","title":{"rendered":"Eredeti Fujitsu Lifebook E754 als\u00f3 h\u00e1zfed\u00e9l cserealkatr\u00e9sz"},"content":{"rendered":"<p>Cser\u00e9lje ki elhaszn\u00e1l\u00f3dott vagy s\u00e9r\u00fclt als\u00f3 burkolat\u00e1t erre az eredeti Fujitsu Lifebook E754 cserealkatr\u00e9szre. Az eredeti specifik\u00e1ci\u00f3k szerint kialak\u00edtott als\u00f3 tokburkolat t\u00f6k\u00e9letes illeszked\u00e9st \u00e9s z\u00f6kken\u0151mentes integr\u00e1ci\u00f3t biztos\u00edt laptopj\u00e1val. Kiv\u00e1l\u00f3 min\u0151s\u00e9g\u0171 anyagokb\u00f3l k\u00e9sz\u00fclt, \u00e9s tart\u00f3s v\u00e9delmet ny\u00fajt laptopja bels\u0151 alkatr\u00e9szeinek, mik\u00f6zben meg\u0151rzi karcs\u00fa megjelen\u00e9s\u00e9t. K\u00f6nnyen felszerelhet\u0151, ez az als\u00f3 burkolat lehet\u0151v\u00e9 teszi, hogy gyorsan vissza\u00e1ll\u00edtsa Lifebook E754-et eredeti \u00e1llapot\u00e1ba. Fektessen be ebbe az eredeti cserealkatr\u00e9szbe m\u00e9g ma, \u00e9s tartsa v\u00e9dve \u00e9s m\u0171k\u00f6d\u0151k\u00e9pes laptopj\u00e1t az elk\u00f6vetkez\u0151 \u00e9vekben.<\/p>\n","protected":false},"excerpt":{"rendered":"<p>Eredeti csere als\u00f3 h\u00e1zfed\u00e9l a Fujitsu Lifebook E754-hez. T\u00f6k\u00e9letes illeszked\u00e9st \u00e9s tart\u00f3s v\u00e9delmet biztos\u00edt laptopja bels\u0151 alkatr\u00e9szeinek. K\u00f6nnyen telep\u00edthet\u0151, ez a p\u00f3talkatr\u00e9sz gyorsan \u00e9s k\u00f6nnyed\u00e9n vissza\u00e1ll\u00edtja laptopj\u00e1t eredeti \u00e1llapot\u00e1ba.<\/p>\n","protected":false},"featured_media":6654,"template":"","meta":[],"product_brand":[],"product_cat":[16],"product_tag":[28],"class_list":{"0":"post-6635","1":"product","2":"type-product","3":"status-publish","4":"has-post-thumbnail","6":"product_cat-laptop-housing","7":"product_tag-fujitsu","9":"first","10":"instock","11":"taxable","12":"shipping-taxable","13":"purchasable","14":"product-type-simple"},"_links":{"self":[{"href":"https:\/\/boreait.com\/hu\/wp-json\/wp\/v2\/product\/6635","targetHints":{"allow":["GET"]}}],"collection":[{"href":"https:\/\/boreait.com\/hu\/wp-json\/wp\/v2\/product"}],"about":[{"href":"https:\/\/boreait.com\/hu\/wp-json\/wp\/v2\/types\/product"}],"wp:featuredmedia":[{"embeddable":true,"href":"https:\/\/boreait.com\/hu\/wp-json\/wp\/v2\/media\/6654"}],"wp:attachment":[{"href":"https:\/\/boreait.com\/hu\/wp-json\/wp\/v2\/media?parent=6635"}],"wp:term":[{"taxonomy":"product_brand","embeddable":true,"href":"https:\/\/boreait.com\/hu\/wp-json\/wp\/v2\/product_brand?post=6635"},{"taxonomy":"product_cat","embeddable":true,"href":"https:\/\/boreait.com\/hu\/wp-json\/wp\/v2\/product_cat?post=6635"},{"taxonomy":"product_tag","embeddable":true,"href":"https:\/\/boreait.com\/hu\/wp-json\/wp\/v2\/product_tag?post=6635"}],"curies":[{"name":"wp","href":"https:\/\/api.w.org\/{rel}","templated":true}]}}