{"id":6634,"date":"2025-09-17T11:41:37","date_gmt":"2025-09-17T09:41:37","guid":{"rendered":"https:\/\/boreait.com\/hu\/?post_type=product&#038;p=6634"},"modified":"2025-09-17T11:41:53","modified_gmt":"2025-09-17T09:41:53","slug":"eredeti-laptop-billentyuzet-samsung-cnba5902420zbil998s-cnba5902438g-cnba590-laptop-alkatreszek","status":"publish","type":"product","link":"https:\/\/boreait.com\/hu\/termek\/eredeti-laptop-billentyuzet-samsung-cnba5902420zbil998s-cnba5902438g-cnba590-laptop-alkatreszek\/","title":{"rendered":"Eredeti laptop billenty\u0171zet: SAMSUNG CNBA5902420ZBIL998S CNBA5902438G CNBA590 | Laptop alkatr\u00e9szek"},"content":{"rendered":"<p>Fokozza laptopja funkcionalit\u00e1s\u00e1t az eredeti SAMSUNG CNBA5902420ZBIL998S CNBA5902438G CNBA590 billenty\u0171zettel. Ez a prec\u00edzen kidolgozott billenty\u0171zet sima \u00e9s \u00e9rz\u00e9keny g\u00e9pel\u00e9st biztos\u00edt, \u00edgy t\u00f6k\u00e9letes helyettes\u00edt\u0151je az elhaszn\u00e1l\u00f3dott vagy s\u00e9r\u00fclt laptop billenty\u0171zet\u00e9nek.<\/p>\n<p><strong>F\u0151bb jellemz\u0151k:<\/strong><\/p>\n<ul>\n<li><strong>Kompatibilit\u00e1s:<\/strong> Kifejezetten a SAMSUNG CNBA5902420ZBIL998S CNBA5902438G CNBA590 laptopokhoz tervezt\u00e9k.<\/li>\n<li><strong>Prec\u00edzi\u00f3s tervez\u00e9s:<\/strong> Minden billenty\u0171t a pontoss\u00e1gra \u00e9s a hossz\u00fa \u00e9lettartamra terveztek, \u00edgy biztos\u00edtva a k\u00f6vetkezetes \u00e9s megb\u00edzhat\u00f3 g\u00e9pel\u00e9si \u00e9lm\u00e9nyt.<\/li>\n<li><strong>Egyszer\u0171 telep\u00edt\u00e9s:<\/strong> K\u00f6nnyed\u00e9n cser\u00e9lje ki r\u00e9gi billenty\u0171zet\u00e9t, nincs sz\u00fcks\u00e9g bonyolult utas\u00edt\u00e1sokra. Ha k\u00e9rd\u00e9se van, forduljon hozz\u00e1nk bizalommal.<\/li>\n<li><strong>Sz\u00e1ll\u00edt\u00e1s az eg\u00e9sz vil\u00e1gon:<\/strong> Eur\u00f3p\u00e1ba \u00e9s vil\u00e1gszerte sz\u00e1ll\u00edtunk, min\u0151s\u00e9gi laptop alkatr\u00e9szeket sz\u00e1ll\u00edtva h\u00e1zhoz.<\/li>\n<\/ul>\n<p>Ak\u00e1r bark\u00e1csol\u00e1srajong\u00f3, ak\u00e1r profi, ez a SAMSUNG CNBA590 billenty\u0171zet ide\u00e1lis v\u00e1laszt\u00e1s mindazok sz\u00e1m\u00e1ra, akik megb\u00edzhat\u00f3 \u00e9s kiv\u00e1l\u00f3 min\u0151s\u00e9g\u0171 laptop cserealkatr\u00e9szt keresnek. Friss\u00edtse laptopj\u00e1t m\u00e9g ma, \u00e9s \u00e9lvezze a meg\u00fajult g\u00e9pel\u00e9si \u00e9lm\u00e9nyt.<\/p>\n","protected":false},"excerpt":{"rendered":"<p>Friss\u00edtse laptopj\u00e1t ezzel az eredeti SAMSUNG CNBA5902420ZBIL998S CNBA5902438G CNBA590 billenty\u0171zettel. A pontoss\u00e1gra \u00e9s tart\u00f3ss\u00e1gra tervezett laptop billenty\u0171zet z\u00f6kken\u0151mentes g\u00e9pel\u00e9si \u00e9lm\u00e9nyt biztos\u00edt. Rendeljen most min\u0151s\u00e9gi cserealkatr\u00e9sz\u00e9rt!<\/p>\n","protected":false},"featured_media":6652,"template":"","meta":[],"product_brand":[],"product_cat":[35],"product_tag":[60],"class_list":{"0":"post-6634","1":"product","2":"type-product","3":"status-publish","4":"has-post-thumbnail","6":"product_cat-laptop-keyboard","7":"product_tag-samsung","9":"first","10":"instock","11":"taxable","12":"shipping-taxable","13":"purchasable","14":"product-type-simple"},"_links":{"self":[{"href":"https:\/\/boreait.com\/hu\/wp-json\/wp\/v2\/product\/6634","targetHints":{"allow":["GET"]}}],"collection":[{"href":"https:\/\/boreait.com\/hu\/wp-json\/wp\/v2\/product"}],"about":[{"href":"https:\/\/boreait.com\/hu\/wp-json\/wp\/v2\/types\/product"}],"wp:featuredmedia":[{"embeddable":true,"href":"https:\/\/boreait.com\/hu\/wp-json\/wp\/v2\/media\/6652"}],"wp:attachment":[{"href":"https:\/\/boreait.com\/hu\/wp-json\/wp\/v2\/media?parent=6634"}],"wp:term":[{"taxonomy":"product_brand","embeddable":true,"href":"https:\/\/boreait.com\/hu\/wp-json\/wp\/v2\/product_brand?post=6634"},{"taxonomy":"product_cat","embeddable":true,"href":"https:\/\/boreait.com\/hu\/wp-json\/wp\/v2\/product_cat?post=6634"},{"taxonomy":"product_tag","embeddable":true,"href":"https:\/\/boreait.com\/hu\/wp-json\/wp\/v2\/product_tag?post=6634"}],"curies":[{"name":"wp","href":"https:\/\/api.w.org\/{rel}","templated":true}]}}