{"id":6633,"date":"2025-09-17T11:41:36","date_gmt":"2025-09-17T09:41:36","guid":{"rendered":"https:\/\/boreait.com\/hu\/?post_type=product&#038;p=6633"},"modified":"2025-09-17T11:41:50","modified_gmt":"2025-09-17T09:41:50","slug":"lcd-inverter-kartya-4h-v2092-031-samsung-np-r620-js05fr-cserealkatresz-laptop-kepernyohoz","status":"publish","type":"product","link":"https:\/\/boreait.com\/hu\/termek\/lcd-inverter-kartya-4h-v2092-031-samsung-np-r620-js05fr-cserealkatresz-laptop-kepernyohoz\/","title":{"rendered":"LCD inverter k\u00e1rtya 4H.V2092.031 Samsung NP-R620-JS05FR &#8211; Cserealkatr\u00e9sz laptop k\u00e9perny\u0151h\u00f6z"},"content":{"rendered":"<p>Cser\u00e9lje ki hib\u00e1s vagy s\u00e9r\u00fclt LCD inverterk\u00e1rty\u00e1j\u00e1t erre a kiv\u00e1l\u00f3 min\u0151s\u00e9g\u0171 4H.V2092.031 cserealkatr\u00e9szre a Samsung NP-R620-JS05FR k\u00e9sz\u00fcl\u00e9khez. A laptop k\u00e9perny\u0151j\u00e9nek megfelel\u0151 m\u0171k\u00f6d\u00e9s\u00e9nek helyre\u00e1ll\u00edt\u00e1s\u00e1ra tervezett inverterk\u00e1rtya optim\u00e1lis f\u00e9nyer\u0151t \u00e9s tisztas\u00e1got biztos\u00edt a jobb megtekint\u00e9si \u00e9lm\u00e9ny \u00e9rdek\u00e9ben. A pontoss\u00e1g \u00e9s a tart\u00f3ss\u00e1g szem el\u0151tt tart\u00e1s\u00e1val k\u00e9sz\u00fclt, ez a t\u00e1bla tart\u00f3sra k\u00e9sz\u00fclt, \u00e9s megb\u00edzhat\u00f3 teljes\u00edtm\u00e9nyt k\u00edn\u00e1l hossz\u00fa t\u00e1v\u00fa haszn\u00e1latra. Ez a k\u00fcl\u00f6nf\u00e9le laptopmodellekkel kompatibilis inverterk\u00e1rtya k\u00f6nnyen telep\u00edthet\u0151, lehet\u0151v\u00e9 t\u00e9ve a r\u00e9gi vagy hib\u00e1san m\u0171k\u00f6d\u0151 k\u00e1rtya gyors \u00e9s k\u00f6nnyed cser\u00e9j\u00e9t. Fektessen be ebbe az LCD inverterk\u00e1rty\u00e1ba m\u00e9g ma, \u00e9s \u00e9lvezze \u00fajra az \u00e9les, tiszta l\u00e1tv\u00e1nyt laptopja k\u00e9perny\u0151j\u00e9n.<\/p>\n","protected":false},"excerpt":{"rendered":"<p>\u00c1ll\u00edtsa vissza laptopja k\u00e9perny\u0151j\u00e9nek megfelel\u0151 m\u0171k\u00f6d\u00e9s\u00e9t ezzel a 4H.V2092.031 Samsung NP-R620-JS05FR csere LCD inverterk\u00e1rty\u00e1val. A pontoss\u00e1g \u00e9s a tart\u00f3ss\u00e1g szem el\u0151tt tart\u00e1s\u00e1val k\u00e9sz\u00fclt t\u00e1bla optim\u00e1lis f\u00e9nyer\u0151t \u00e9s tisztas\u00e1got biztos\u00edt a jobb megtekint\u00e9si \u00e9lm\u00e9ny \u00e9rdek\u00e9ben. K\u00f6nnyen telep\u00edthet\u0151 \u00e9s kompatibilis a k\u00fcl\u00f6nf\u00e9le laptopmodellekkel, ez az inverteres k\u00e1rtya t\u00f6k\u00e9letes megold\u00e1s a hib\u00e1s vagy s\u00e9r\u00fclt k\u00e9perny\u0151k jav\u00edt\u00e1s\u00e1ra.<\/p>\n","protected":false},"featured_media":6650,"template":"","meta":[],"product_brand":[],"product_cat":[27],"product_tag":[60],"class_list":{"0":"post-6633","1":"product","2":"type-product","3":"status-publish","4":"has-post-thumbnail","6":"product_cat-motherboards-board-parts","7":"product_tag-samsung","9":"first","10":"instock","11":"taxable","12":"shipping-taxable","13":"purchasable","14":"product-type-simple"},"_links":{"self":[{"href":"https:\/\/boreait.com\/hu\/wp-json\/wp\/v2\/product\/6633","targetHints":{"allow":["GET"]}}],"collection":[{"href":"https:\/\/boreait.com\/hu\/wp-json\/wp\/v2\/product"}],"about":[{"href":"https:\/\/boreait.com\/hu\/wp-json\/wp\/v2\/types\/product"}],"wp:featuredmedia":[{"embeddable":true,"href":"https:\/\/boreait.com\/hu\/wp-json\/wp\/v2\/media\/6650"}],"wp:attachment":[{"href":"https:\/\/boreait.com\/hu\/wp-json\/wp\/v2\/media?parent=6633"}],"wp:term":[{"taxonomy":"product_brand","embeddable":true,"href":"https:\/\/boreait.com\/hu\/wp-json\/wp\/v2\/product_brand?post=6633"},{"taxonomy":"product_cat","embeddable":true,"href":"https:\/\/boreait.com\/hu\/wp-json\/wp\/v2\/product_cat?post=6633"},{"taxonomy":"product_tag","embeddable":true,"href":"https:\/\/boreait.com\/hu\/wp-json\/wp\/v2\/product_tag?post=6633"}],"curies":[{"name":"wp","href":"https:\/\/api.w.org\/{rel}","templated":true}]}}