{"id":6631,"date":"2025-09-17T11:41:36","date_gmt":"2025-09-17T09:41:36","guid":{"rendered":"https:\/\/boreait.com\/hu\/?post_type=product&#038;p=6631"},"modified":"2025-09-17T11:41:47","modified_gmt":"2025-09-17T09:41:47","slug":"lcd-zsanerok-samsung-np-r60s-r60plus-kepernyos-monitor-video-kijelzohoz","status":"publish","type":"product","link":"https:\/\/boreait.com\/hu\/termek\/lcd-zsanerok-samsung-np-r60s-r60plus-kepernyos-monitor-video-kijelzohoz\/","title":{"rendered":"LCD zsan\u00e9rok Samsung NP-R60S &#8211; R60plus k\u00e9perny\u0151s monitor vide\u00f3 kijelz\u0151h\u00f6z"},"content":{"rendered":"<p>N\u00f6velje Samsung NP-R60S vagy R60plus laptopja stabilit\u00e1s\u00e1t \u00e9s funkcionalit\u00e1s\u00e1t ezekkel a k\u00e9perny\u0151-monitor t\u00e1mogat\u00e1s\u00e1ra kialak\u00edtott LCD zsan\u00e9rokkal. Ezek a zsan\u00e9rok z\u00f6kken\u0151mentes m\u0171k\u00f6d\u00e9st biztos\u00edtanak, megk\u00f6nny\u00edtve a laptop fedel\u00e9nek nyit\u00e1s\u00e1t \u00e9s z\u00e1r\u00e1s\u00e1t. Pr\u00e9mium anyagokb\u00f3l k\u00e9sz\u00fcltek, tart\u00f3ss\u00e1got \u00e9s hossz\u00fa \u00e9lettartamot biztos\u00edtanak. A Samsung NP-R60S \u00e9s R60plus modellekkel kompatibilis zsan\u00e9rok t\u00f6k\u00e9letes illeszked\u00e9st \u00e9s egyszer\u0171 telep\u00edt\u00e9st garant\u00e1lnak. Cser\u00e9lje ki a r\u00e9gi zsan\u00e9rokat k\u00f6nnyed\u00e9n, hogy helyre\u00e1ll\u00edtsa laptopja funkcionalit\u00e1s\u00e1t \u00e9s megjelen\u00e9s\u00e9t. Fektessen be ezekbe az LCD-zsan\u00e9rokba m\u00e9g ma, \u00e9s \u00e9lvezze Samsung laptopja fokozott stabilit\u00e1s\u00e1t, funkcionalit\u00e1s\u00e1t \u00e9s eszt\u00e9tik\u00e1j\u00e1t.<\/p>\n","protected":false},"excerpt":{"rendered":"<p>Fejlessze Samsung NP-R60S vagy R60plus laptopj\u00e1t ezekkel az LCD-p\u00e1ntokkal, amelyeket a k\u00e9perny\u0151-monitor t\u00e1mogat\u00e1s\u00e1ra terveztek. Ezekkel a tart\u00f3s zsan\u00e9rokkal biztos\u00edthatja a laptop fedel\u00e9nek z\u00f6kken\u0151mentes nyit\u00e1s\u00e1t \u00e9s z\u00e1r\u00e1s\u00e1t, amelyek funkcionalit\u00e1st \u00e9s eszt\u00e9tik\u00e1t egyar\u00e1nt k\u00edn\u00e1lnak. K\u00f6nnyen felszerelhet\u0151 \u00e9s bizonyos Samsung modellekkel kompatibilis, ezek a zsan\u00e9rok t\u00f6k\u00e9letes cseremegold\u00e1st jelentenek. N\u00f6velje laptopja teljes\u00edtm\u00e9ny\u00e9t m\u00e9g ma!<\/p>\n","protected":false},"featured_media":6648,"template":"","meta":[],"product_brand":[],"product_cat":[19],"product_tag":[60],"class_list":{"0":"post-6631","1":"product","2":"type-product","3":"status-publish","4":"has-post-thumbnail","6":"product_cat-screen-hinge","7":"product_tag-samsung","9":"first","10":"instock","11":"taxable","12":"shipping-taxable","13":"purchasable","14":"product-type-simple"},"_links":{"self":[{"href":"https:\/\/boreait.com\/hu\/wp-json\/wp\/v2\/product\/6631","targetHints":{"allow":["GET"]}}],"collection":[{"href":"https:\/\/boreait.com\/hu\/wp-json\/wp\/v2\/product"}],"about":[{"href":"https:\/\/boreait.com\/hu\/wp-json\/wp\/v2\/types\/product"}],"wp:featuredmedia":[{"embeddable":true,"href":"https:\/\/boreait.com\/hu\/wp-json\/wp\/v2\/media\/6648"}],"wp:attachment":[{"href":"https:\/\/boreait.com\/hu\/wp-json\/wp\/v2\/media?parent=6631"}],"wp:term":[{"taxonomy":"product_brand","embeddable":true,"href":"https:\/\/boreait.com\/hu\/wp-json\/wp\/v2\/product_brand?post=6631"},{"taxonomy":"product_cat","embeddable":true,"href":"https:\/\/boreait.com\/hu\/wp-json\/wp\/v2\/product_cat?post=6631"},{"taxonomy":"product_tag","embeddable":true,"href":"https:\/\/boreait.com\/hu\/wp-json\/wp\/v2\/product_tag?post=6631"}],"curies":[{"name":"wp","href":"https:\/\/api.w.org\/{rel}","templated":true}]}}