{"id":6628,"date":"2025-09-17T11:41:36","date_gmt":"2025-09-17T09:41:36","guid":{"rendered":"https:\/\/boreait.com\/hu\/?post_type=product&#038;p=6628"},"modified":"2026-01-19T10:52:52","modified_gmt":"2026-01-19T09:52:52","slug":"samsung-r60-plus-videokabel-kijelzokabel-ba39-00658a-oem-cserealkatresz","status":"publish","type":"product","link":"https:\/\/boreait.com\/hu\/termek\/samsung-r60-plus-videokabel-kijelzokabel-ba39-00658a-oem-cserealkatresz\/","title":{"rendered":"Samsung R60 Plus videok\u00e1bel kijelz\u0151k\u00e1bel BA39-00658A OEM cserealkatr\u00e9sz"},"content":{"rendered":"<p>Tapasztalja meg az \u00e9les \u00e9s \u00e9l\u00e9nk l\u00e1tv\u00e1nyt Samsung R60 Plus laptopj\u00e1n az eredeti Samsung videok\u00e1bel BA39-00658A kijelz\u0151k\u00e1bellel. Ez az OEM cserealkatr\u00e9sz z\u00f6kken\u0151mentes kapcsolatot biztos\u00edt a laptop alaplapja \u00e9s a kijelz\u0151 k\u00f6z\u00f6tt, kiv\u00e1l\u00f3 min\u0151s\u00e9g\u0171 videokimenetet biztos\u00edtva a mag\u00e1val ragad\u00f3 vizu\u00e1lis \u00e9lm\u00e9ny \u00e9rdek\u00e9ben. Ezt a prec\u00edzen \u00e9s tart\u00f3san kialak\u00edtott videok\u00e1belt \u00fagy tervezt\u00e9k, hogy megfeleljen a Samsung szigor\u00fa min\u0151s\u00e9gi el\u0151\u00edr\u00e1sainak, garant\u00e1lva az optim\u00e1lis teljes\u00edtm\u00e9nyt \u00e9s megb\u00edzhat\u00f3s\u00e1got. Mondjon b\u00facs\u00fat a villog\u00f3 k\u00e9perny\u0151knek \u00e9s a torz k\u00e9peknek \u2013 friss\u00edtsen a Samsung videok\u00e1bel BA39-00658A kijelz\u0151k\u00e1bel\u00e9re m\u00e9g ma, \u00e9s \u00e9lvezze a m\u00e9g soha nem l\u00e1tott krist\u00e1lytiszta kijelz\u0151t!<\/p>\n","protected":false},"excerpt":{"rendered":"<p>Fokozza a megtekint\u00e9si \u00e9lm\u00e9nyt a Samsung R60 Plus laptopon az OEM Samsung videok\u00e1bel BA39-00658A kijelz\u0151k\u00e1bellel. \u00c9lvezze a kiv\u00e1l\u00f3 min\u0151s\u00e9g\u0171 videokimenetet \u00e9s a laptop alaplapja \u00e9s a kijelz\u0151 k\u00f6z\u00f6tti megb\u00edzhat\u00f3 csatlakoz\u00e1st. Friss\u00edtsen most a krist\u00e1lytiszta kijelz\u0151 tisztas\u00e1g\u00e1\u00e9rt!<\/p>\n","protected":false},"featured_media":6646,"template":"","meta":[],"product_brand":[],"product_cat":[20],"product_tag":[60],"class_list":{"0":"post-6628","1":"product","2":"type-product","3":"status-publish","4":"has-post-thumbnail","6":"product_cat-cables","7":"product_tag-samsung","9":"first","10":"instock","11":"taxable","12":"shipping-taxable","13":"purchasable","14":"product-type-simple"},"_links":{"self":[{"href":"https:\/\/boreait.com\/hu\/wp-json\/wp\/v2\/product\/6628","targetHints":{"allow":["GET"]}}],"collection":[{"href":"https:\/\/boreait.com\/hu\/wp-json\/wp\/v2\/product"}],"about":[{"href":"https:\/\/boreait.com\/hu\/wp-json\/wp\/v2\/types\/product"}],"wp:featuredmedia":[{"embeddable":true,"href":"https:\/\/boreait.com\/hu\/wp-json\/wp\/v2\/media\/6646"}],"wp:attachment":[{"href":"https:\/\/boreait.com\/hu\/wp-json\/wp\/v2\/media?parent=6628"}],"wp:term":[{"taxonomy":"product_brand","embeddable":true,"href":"https:\/\/boreait.com\/hu\/wp-json\/wp\/v2\/product_brand?post=6628"},{"taxonomy":"product_cat","embeddable":true,"href":"https:\/\/boreait.com\/hu\/wp-json\/wp\/v2\/product_cat?post=6628"},{"taxonomy":"product_tag","embeddable":true,"href":"https:\/\/boreait.com\/hu\/wp-json\/wp\/v2\/product_tag?post=6628"}],"curies":[{"name":"wp","href":"https:\/\/api.w.org\/{rel}","templated":true}]}}