{"id":6627,"date":"2025-09-17T11:41:35","date_gmt":"2025-09-17T09:41:35","guid":{"rendered":"https:\/\/boreait.com\/hu\/?post_type=product&#038;p=6627"},"modified":"2025-09-17T11:41:42","modified_gmt":"2025-09-17T09:41:42","slug":"eredeti-hordozhato-hangszoro-samsung-r60-ba96-03296a-eredeti-cserealkatresz","status":"publish","type":"product","link":"https:\/\/boreait.com\/hu\/termek\/eredeti-hordozhato-hangszoro-samsung-r60-ba96-03296a-eredeti-cserealkatresz\/","title":{"rendered":"Eredeti hordozhat\u00f3 hangsz\u00f3r\u00f3 Samsung R60 BA96-03296A &#8211; Eredeti cserealkatr\u00e9sz"},"content":{"rendered":"<p>Friss\u00edtse vagy cser\u00e9lje ki Samsung R60 laptopja hordozhat\u00f3 hangsz\u00f3r\u00f3j\u00e1t ezzel az eredeti BA96-03296A hangsz\u00f3r\u00f3egys\u00e9ggel. A Samsung \u00e1ltal tervezett \u00e9s gy\u00e1rtott eredeti hangsz\u00f3r\u00f3 kompatibilit\u00e1st \u00e9s optim\u00e1lis teljes\u00edtm\u00e9nyt biztos\u00edt a k\u00e9sz\u00fcl\u00e9kkel. \u00c9lvezze az \u00e9les \u00e9s tiszta hangkimenetet zen\u00e9ihez, vide\u00f3ihoz \u00e9s multim\u00e9di\u00e1s tartalmaihoz. K\u00f6nnyen, m\u0171szaki szak\u00e9rtelem n\u00e9lk\u00fcl telep\u00edthet\u0151, ez az eredeti cserealkatr\u00e9sz vissza\u00e1ll\u00edtja laptopja hangmin\u0151s\u00e9g\u00e9t az eredeti \u00e1llapot\u00e1ba. Fektessen be a Samsung alkatr\u00e9szek eredetis\u00e9g\u00e9be \u00e9s megb\u00edzhat\u00f3s\u00e1g\u00e1ba R60 laptopj\u00e1hoz m\u00e9g ma!<\/p>\n","protected":false},"excerpt":{"rendered":"<p>Cser\u00e9lje vagy friss\u00edtse Samsung R60 laptopja hordozhat\u00f3 hangsz\u00f3r\u00f3j\u00e1t ezzel az eredeti BA96-03296A hangsz\u00f3r\u00f3egys\u00e9ggel. \u00c9lvezze az \u00e9les \u00e9s tiszta hangkimenetet zen\u00e9ihez, vide\u00f3ihoz \u00e9s multim\u00e9di\u00e1s tartalmaihoz. K\u00f6nnyen, m\u0171szaki szak\u00e9rtelem n\u00e9lk\u00fcl telep\u00edthet\u0151, ez az eredeti cserealkatr\u00e9sz vissza\u00e1ll\u00edtja laptopja hangmin\u0151s\u00e9g\u00e9t az eredeti \u00e1llapot\u00e1ba.<\/p>\n","protected":false},"featured_media":6645,"template":"","meta":[],"product_brand":[],"product_cat":[18],"product_tag":[60],"class_list":{"0":"post-6627","1":"product","2":"type-product","3":"status-publish","4":"has-post-thumbnail","6":"product_cat-laptop-speakers","7":"product_tag-samsung","9":"first","10":"instock","11":"taxable","12":"shipping-taxable","13":"purchasable","14":"product-type-simple"},"_links":{"self":[{"href":"https:\/\/boreait.com\/hu\/wp-json\/wp\/v2\/product\/6627","targetHints":{"allow":["GET"]}}],"collection":[{"href":"https:\/\/boreait.com\/hu\/wp-json\/wp\/v2\/product"}],"about":[{"href":"https:\/\/boreait.com\/hu\/wp-json\/wp\/v2\/types\/product"}],"wp:featuredmedia":[{"embeddable":true,"href":"https:\/\/boreait.com\/hu\/wp-json\/wp\/v2\/media\/6645"}],"wp:attachment":[{"href":"https:\/\/boreait.com\/hu\/wp-json\/wp\/v2\/media?parent=6627"}],"wp:term":[{"taxonomy":"product_brand","embeddable":true,"href":"https:\/\/boreait.com\/hu\/wp-json\/wp\/v2\/product_brand?post=6627"},{"taxonomy":"product_cat","embeddable":true,"href":"https:\/\/boreait.com\/hu\/wp-json\/wp\/v2\/product_cat?post=6627"},{"taxonomy":"product_tag","embeddable":true,"href":"https:\/\/boreait.com\/hu\/wp-json\/wp\/v2\/product_tag?post=6627"}],"curies":[{"name":"wp","href":"https:\/\/api.w.org\/{rel}","templated":true}]}}