{"id":6609,"date":"2025-09-17T11:41:12","date_gmt":"2025-09-17T09:41:12","guid":{"rendered":"https:\/\/boreait.com\/hu\/?post_type=product&#038;p=6609"},"modified":"2025-09-17T11:41:41","modified_gmt":"2025-09-17T09:41:41","slug":"eredeti-samsung-r60-plus-bekapcsologomb-burkolat-elolap-ba81-03830a-cserealkatresz","status":"publish","type":"product","link":"https:\/\/boreait.com\/hu\/termek\/eredeti-samsung-r60-plus-bekapcsologomb-burkolat-elolap-ba81-03830a-cserealkatresz\/","title":{"rendered":"Eredeti Samsung R60 Plus bekapcsol\u00f3gomb burkolat el\u0151lap BA81-03830A cserealkatr\u00e9sz"},"content":{"rendered":"<p>Cser\u00e9lje ki Samsung R60 Plus laptopj\u00e1nak elhaszn\u00e1l\u00f3dott vagy s\u00e9r\u00fclt bekapcsol\u00f3gomb-burkolat\u00e1nak el\u0151lapj\u00e1t erre az eredeti BA81-03830A cserealkatr\u00e9szre. Az eredeti specifik\u00e1ci\u00f3knak megfelel\u0151 pontoss\u00e1ggal megalkotott bekapcsol\u00f3gomb-burkolat z\u00f6kken\u0151mentes illeszked\u00e9st \u00e9s funkcionalit\u00e1st biztos\u00edt. Kiv\u00e1l\u00f3 min\u0151s\u00e9g\u0171 anyagokb\u00f3l k\u00e9sz\u00fclt, tart\u00f3ss\u00e1got \u00e9s hossz\u00fa \u00e9lettartamot k\u00edn\u00e1l, garant\u00e1lva k\u00e9sz\u00fcl\u00e9ke megb\u00edzhat\u00f3 teljes\u00edtm\u00e9ny\u00e9t. A telep\u00edt\u00e9s gyors \u00e9s egyszer\u0171, \u00edgy pillanatok alatt vissza\u00e1ll\u00edthatja laptopja megjelen\u00e9s\u00e9t \u00e9s funkcionalit\u00e1s\u00e1t. Ne hagyja, hogy egy t\u00f6r\u00f6tt vagy hi\u00e1nyz\u00f3 bekapcsol\u00f3gomb fedele rontsa laptopja haszn\u00e1lhat\u00f3s\u00e1g\u00e1t \u2013 szerezze be ezt az eredeti Samsung cserealkatr\u00e9szt m\u00e9g ma.<\/p>\n","protected":false},"excerpt":{"rendered":"<p>Eredeti Samsung R60 Plus bekapcsol\u00f3gomb bor\u00edt\u00f3 el\u0151lap cserealkatr\u00e9sz. \u00dagy tervezt\u00e9k, hogy megfeleljen az eredeti specifik\u00e1ci\u00f3knak, biztos\u00edtva a z\u00f6kken\u0151mentes illeszked\u00e9st \u00e9s funkcionalit\u00e1st. Kiv\u00e1l\u00f3 min\u0151s\u00e9g\u0171 anyagokb\u00f3l k\u00e9sz\u00fclt a tart\u00f3ss\u00e1g \u00e9s a hossz\u00fa \u00e9lettartam \u00e9rdek\u00e9ben. Egyszer\u0171 telep\u00edt\u00e9s, amellyel gyorsan vissza\u00e1ll\u00edthatja laptopja megjelen\u00e9s\u00e9t \u00e9s funkcionalit\u00e1s\u00e1t.<\/p>\n","protected":false},"featured_media":6643,"template":"","meta":[],"product_brand":[],"product_cat":[16],"product_tag":[60],"class_list":{"0":"post-6609","1":"product","2":"type-product","3":"status-publish","4":"has-post-thumbnail","6":"product_cat-laptop-housing","7":"product_tag-samsung","9":"first","10":"instock","11":"taxable","12":"shipping-taxable","13":"purchasable","14":"product-type-simple"},"_links":{"self":[{"href":"https:\/\/boreait.com\/hu\/wp-json\/wp\/v2\/product\/6609","targetHints":{"allow":["GET"]}}],"collection":[{"href":"https:\/\/boreait.com\/hu\/wp-json\/wp\/v2\/product"}],"about":[{"href":"https:\/\/boreait.com\/hu\/wp-json\/wp\/v2\/types\/product"}],"wp:featuredmedia":[{"embeddable":true,"href":"https:\/\/boreait.com\/hu\/wp-json\/wp\/v2\/media\/6643"}],"wp:attachment":[{"href":"https:\/\/boreait.com\/hu\/wp-json\/wp\/v2\/media?parent=6609"}],"wp:term":[{"taxonomy":"product_brand","embeddable":true,"href":"https:\/\/boreait.com\/hu\/wp-json\/wp\/v2\/product_brand?post=6609"},{"taxonomy":"product_cat","embeddable":true,"href":"https:\/\/boreait.com\/hu\/wp-json\/wp\/v2\/product_cat?post=6609"},{"taxonomy":"product_tag","embeddable":true,"href":"https:\/\/boreait.com\/hu\/wp-json\/wp\/v2\/product_tag?post=6609"}],"curies":[{"name":"wp","href":"https:\/\/api.w.org\/{rel}","templated":true}]}}