{"id":6608,"date":"2025-09-17T11:41:12","date_gmt":"2025-09-17T09:41:12","guid":{"rendered":"https:\/\/boreait.com\/hu\/?post_type=product&#038;p=6608"},"modified":"2025-09-17T11:41:32","modified_gmt":"2025-09-17T09:41:32","slug":"lcd-zsanerok-samsung-np-r60s-hez-r60plus-csuklopantok-kepernyo-monitor-video-kijelzo","status":"publish","type":"product","link":"https:\/\/boreait.com\/hu\/termek\/lcd-zsanerok-samsung-np-r60s-hez-r60plus-csuklopantok-kepernyo-monitor-video-kijelzo\/","title":{"rendered":"LCD zsan\u00e9rok Samsung NP-R60S-hez &#8211; R60plus csukl\u00f3p\u00e1ntok K\u00e9perny\u0151 monitor vide\u00f3 kijelz\u0151"},"content":{"rendered":"<p>N\u00f6velje Samsung NP-R60S vagy R60plus laptopja stabilit\u00e1s\u00e1t \u00e9s funkcionalit\u00e1s\u00e1t ezekkel a k\u00e9perny\u0151monitorok t\u00e1mogat\u00e1s\u00e1ra tervezett LCD zsan\u00e9rokkal. A pontoss\u00e1g \u00e9s a tart\u00f3ss\u00e1g szem el\u0151tt tart\u00e1s\u00e1val k\u00e9sz\u00fclt zsan\u00e9rok z\u00f6kken\u0151mentes m\u0171k\u00f6d\u00e9st biztos\u00edtanak, lehet\u0151v\u00e9 t\u00e9ve a laptop fedel\u00e9nek k\u00f6nny\u0171 kinyit\u00e1s\u00e1t \u00e9s z\u00e1r\u00e1s\u00e1t. A pr\u00e9mium anyagokb\u00f3l k\u00e9sz\u00fclt zsan\u00e9rok \u00fagy k\u00e9sz\u00fcltek, hogy ellen\u00e1lljanak a napi haszn\u00e1latnak, \u00e9s hossz\u00fa \u00e9lettartamot biztos\u00edtsanak. Legyen sz\u00f3 di\u00e1k, professzion\u00e1lis vagy alkalmi felhaszn\u00e1l\u00f3r\u00f3l, ezekre a zsan\u00e9rokra t\u00e1maszkodhat, hogy a k\u00e9perny\u0151t biztons\u00e1gosan a hely\u00e9n tarts\u00e1k, mik\u00f6zben dolgozik, vide\u00f3kat n\u00e9z vagy b\u00f6ng\u00e9szik az interneten. A Samsung NP-R60S \u00e9s R60plus modellekkel kompatibilis zsan\u00e9rok t\u00f6k\u00e9letes illeszked\u00e9st \u00e9s probl\u00e9mamentes telep\u00edt\u00e9st biztos\u00edtanak. Egyszer\u0171en t\u00e1vol\u00edtsa el a r\u00e9gi zsan\u00e9rokat, \u00e9s cser\u00e9lje ki ezeket az \u00fajakra, hogy helyre\u00e1ll\u00edtsa laptopja funkcionalit\u00e1s\u00e1t \u00e9s megjelen\u00e9s\u00e9t. Fektessen be ezekbe az LCD-zsan\u00e9rokba m\u00e9g ma, \u00e9s \u00e9lvezze Samsung laptopja jobb stabilit\u00e1s\u00e1t, funkcionalit\u00e1s\u00e1t \u00e9s eszt\u00e9tik\u00e1j\u00e1t. Ak\u00e1r az elhaszn\u00e1l\u00f3dott zsan\u00e9rokat cser\u00e9li, ak\u00e1r a teljes\u00edtm\u00e9ny fokoz\u00e1sa \u00e9rdek\u00e9ben friss\u00edt, ezek a zsan\u00e9rok ide\u00e1lis megold\u00e1st jelentenek laptopja alkatr\u00e9szei sz\u00e1m\u00e1ra.<\/p>\n","protected":false},"excerpt":{"rendered":"<p>Friss\u00edtse Samsung NP-R60S vagy R60plus laptopj\u00e1t ezekkel a tart\u00f3s LCD zsan\u00e9rokkal, amelyek megb\u00edzhat\u00f3 t\u00e1mogat\u00e1st ny\u00fajtanak k\u00e9perny\u0151je sz\u00e1m\u00e1ra. Ezekkel a kiv\u00e1l\u00f3 min\u0151s\u00e9g\u0171 zsan\u00e9rokkal biztos\u00edthatja a laptop fedel\u00e9nek z\u00f6kken\u0151mentes nyit\u00e1s\u00e1t \u00e9s z\u00e1r\u00e1s\u00e1t, jav\u00edtva a funkcionalit\u00e1st \u00e9s az eszt\u00e9tikai megjelen\u00e9st. K\u00f6nnyen felszerelhet\u0151 \u00e9s tart\u00f3san meg\u00e9p\u00edthet\u0151, ezek a zsan\u00e9rok t\u00f6k\u00e9letes helyettes\u00edtik az elhaszn\u00e1l\u00f3dott vagy s\u00e9r\u00fclt zsan\u00e9rokat. Szerezze be a mag\u00e1\u00e9t, \u00e9s \u00e1ll\u00edtsa vissza laptopj\u00e1t optim\u00e1lis \u00e1llapotba!<\/p>\n","protected":false},"featured_media":6626,"template":"","meta":[],"product_brand":[],"product_cat":[19],"product_tag":[60],"class_list":{"0":"post-6608","1":"product","2":"type-product","3":"status-publish","4":"has-post-thumbnail","6":"product_cat-screen-hinge","7":"product_tag-samsung","9":"first","10":"instock","11":"taxable","12":"shipping-taxable","13":"purchasable","14":"product-type-simple"},"_links":{"self":[{"href":"https:\/\/boreait.com\/hu\/wp-json\/wp\/v2\/product\/6608","targetHints":{"allow":["GET"]}}],"collection":[{"href":"https:\/\/boreait.com\/hu\/wp-json\/wp\/v2\/product"}],"about":[{"href":"https:\/\/boreait.com\/hu\/wp-json\/wp\/v2\/types\/product"}],"wp:featuredmedia":[{"embeddable":true,"href":"https:\/\/boreait.com\/hu\/wp-json\/wp\/v2\/media\/6626"}],"wp:attachment":[{"href":"https:\/\/boreait.com\/hu\/wp-json\/wp\/v2\/media?parent=6608"}],"wp:term":[{"taxonomy":"product_brand","embeddable":true,"href":"https:\/\/boreait.com\/hu\/wp-json\/wp\/v2\/product_brand?post=6608"},{"taxonomy":"product_cat","embeddable":true,"href":"https:\/\/boreait.com\/hu\/wp-json\/wp\/v2\/product_cat?post=6608"},{"taxonomy":"product_tag","embeddable":true,"href":"https:\/\/boreait.com\/hu\/wp-json\/wp\/v2\/product_tag?post=6608"}],"curies":[{"name":"wp","href":"https:\/\/api.w.org\/{rel}","templated":true}]}}