{"id":66,"date":"2025-09-17T09:21:16","date_gmt":"2025-09-17T07:21:16","guid":{"rendered":"https:\/\/boreait.com\/hu\/?post_type=product&#038;p=66"},"modified":"2025-09-17T09:21:21","modified_gmt":"2025-09-17T07:21:21","slug":"laptop-hangszoro-dell-precision-17-7710-hez","status":"publish","type":"product","link":"https:\/\/boreait.com\/hu\/termek\/laptop-hangszoro-dell-precision-17-7710-hez\/","title":{"rendered":"Laptop hangsz\u00f3r\u00f3 DELL Precision 17 7710-hez"},"content":{"rendered":"<p>PN: GFGE2<\/p>\n<p>A DELL Precision 17 7710 laptop hangsz\u00f3r\u00f3ja egy nagy h\u0171s\u00e9g\u0171 hangrendszer, amely mag\u00e1val ragad\u00f3 hangmin\u0151s\u00e9get biztos\u00edt professzion\u00e1lis \u00e9s sz\u00f3rakoztat\u00f3 c\u00e9lokra. A fejlett audio-meghajt\u00f3kkal \u00e9s er\u0151s\u00edt\u0151kkel felszerelt hangsz\u00f3r\u00f3 \u00e9les \u00e9s tiszta hangz\u00e1st ad gazdag m\u00e9ly- \u00e9s magas hangokkal, lehet\u0151v\u00e9 t\u00e9ve a zene, a vide\u00f3k \u00e9s a konferenciah\u00edv\u00e1sok tiszta \u00e9s m\u00e9ly \u00e9lvezet\u00e9t.<\/p>\n<p>A hangsz\u00f3r\u00f3t intelligensen \u00fagy tervezt\u00e9k, hogy a lej\u00e1tszott tartalomnak megfelel\u0151en optimaliz\u00e1lja a hangkimenetet, legyen sz\u00f3 zen\u00e9r\u0151l, hangr\u00f3l vagy vide\u00f3r\u00f3l. Ezenk\u00edv\u00fcl sz\u00e1mos hangform\u00e1tumot t\u00e1mogat, bele\u00e9rtve a nagyfelbont\u00e1s\u00fa hangot, a Dolby Atmos-t \u00e9s a Waves MaxxAudio Pro-t, \u00edgy biztos\u00edtva, hogy a lehet\u0151 legjobb hangmin\u0151s\u00e9get tapasztalja meg k\u00fcl\u00f6nf\u00e9le alkalmaz\u00e1sokban \u00e9s m\u00e9di\u00e1ban.<\/p>\n<p>Eleg\u00e1ns \u00e9s strapab\u00edr\u00f3 kialak\u00edt\u00e1s\u00e1val a DELL Precision 17 7710 laptop hangsz\u00f3r\u00f3ja tart\u00f3s \u00e9s ellen\u00e1ll a professzion\u00e1lis haszn\u00e1lat k\u00f6vetelm\u00e9nyeinek. Alapvet\u0151 elem mindenki sz\u00e1m\u00e1ra, aki kiv\u00e1l\u00f3 min\u0151s\u00e9g\u0171 hangot ig\u00e9nyel munk\u00e1hoz vagy sz\u00f3rakoz\u00e1shoz, \u00e9s ez biztosan jav\u00edtja az \u00e1ltal\u00e1nos felhaszn\u00e1l\u00f3i \u00e9lm\u00e9nyt.<\/p>\n","protected":false},"excerpt":{"rendered":"<p>A DELL Precision 17 7710 laptop hangsz\u00f3r\u00f3 egy nagy teljes\u00edtm\u00e9ny\u0171 audiorendszer, amely \u00e9les, mag\u00e1val ragad\u00f3 hangz\u00e1st produk\u00e1l gazdag m\u00e9ly- \u00e9s magashangokkal. Intelligens kialak\u00edt\u00e1sa optimaliz\u00e1lja a hangkimenetet a zene, a hang \u00e9s a vide\u00f3 sz\u00e1m\u00e1ra, karcs\u00fa, tart\u00f3s fel\u00e9p\u00edt\u00e9se pedig megb\u00edzhat\u00f3 v\u00e1laszt\u00e1ss\u00e1 teszi professzion\u00e1lis \u00e9s sz\u00f3rakoztat\u00f3 haszn\u00e1latra.<\/p>\n","protected":false},"featured_media":97,"template":"","meta":[],"product_brand":[],"product_cat":[18],"product_tag":[17],"class_list":{"0":"post-66","1":"product","2":"type-product","3":"status-publish","4":"has-post-thumbnail","6":"product_cat-laptop-speakers","7":"product_tag-dell","9":"first","10":"instock","11":"taxable","12":"shipping-taxable","13":"purchasable","14":"product-type-simple"},"_links":{"self":[{"href":"https:\/\/boreait.com\/hu\/wp-json\/wp\/v2\/product\/66","targetHints":{"allow":["GET"]}}],"collection":[{"href":"https:\/\/boreait.com\/hu\/wp-json\/wp\/v2\/product"}],"about":[{"href":"https:\/\/boreait.com\/hu\/wp-json\/wp\/v2\/types\/product"}],"wp:featuredmedia":[{"embeddable":true,"href":"https:\/\/boreait.com\/hu\/wp-json\/wp\/v2\/media\/97"}],"wp:attachment":[{"href":"https:\/\/boreait.com\/hu\/wp-json\/wp\/v2\/media?parent=66"}],"wp:term":[{"taxonomy":"product_brand","embeddable":true,"href":"https:\/\/boreait.com\/hu\/wp-json\/wp\/v2\/product_brand?post=66"},{"taxonomy":"product_cat","embeddable":true,"href":"https:\/\/boreait.com\/hu\/wp-json\/wp\/v2\/product_cat?post=66"},{"taxonomy":"product_tag","embeddable":true,"href":"https:\/\/boreait.com\/hu\/wp-json\/wp\/v2\/product_tag?post=66"}],"curies":[{"name":"wp","href":"https:\/\/api.w.org\/{rel}","templated":true}]}}