{"id":6590,"date":"2025-09-17T11:40:50","date_gmt":"2025-09-17T09:40:50","guid":{"rendered":"https:\/\/boreait.com\/hu\/?post_type=product&#038;p=6590"},"modified":"2025-09-17T11:41:27","modified_gmt":"2025-09-17T09:41:27","slug":"eredeti-hp-vezetek-nelkuli-kartya-690020-005-689215-001-pavilion-11-n-11-n010dx-ca78","status":"publish","type":"product","link":"https:\/\/boreait.com\/hu\/termek\/eredeti-hp-vezetek-nelkuli-kartya-690020-005-689215-001-pavilion-11-n-11-n010dx-ca78\/","title":{"rendered":"Eredeti HP vezet\u00e9k n\u00e9lk\u00fcli k\u00e1rtya 690020-005 689215-001 Pavilion 11-N 11-N010DX (CA78)"},"content":{"rendered":"<p>Friss\u00edtse HP Pavilion 11-N 11-N010DX laptopj\u00e1t az eredeti HP vezet\u00e9k n\u00e9lk\u00fcli k\u00e1rty\u00e1val, amelynek t\u00edpussz\u00e1ma 690020-005 \u00e9s 689215-001. Ez az autentikus HP alkatr\u00e9sz megb\u00edzhat\u00f3 \u00e9s hat\u00e9kony vezet\u00e9k n\u00e9lk\u00fcli kapcsolatot garant\u00e1l, \u00edgy a k\u00e9sz\u00fcl\u00e9k akkor marad kapcsolatban, amikor a legnagyobb sz\u00fcks\u00e9ge van r\u00e1.<\/p>\n<p><strong>F\u0151bb jellemz\u0151k:<\/strong><\/p>\n<ul>\n<li><strong>Kompatibilit\u00e1s:<\/strong> Kifejezetten a Pavilion 11-N 11-N010DX laptopokhoz tervezve, t\u00f6k\u00e9letes illeszked\u00e9st biztos\u00edtva.<\/li>\n<li><strong>Eredeti HP alkatr\u00e9sz:<\/strong> B\u00edzzon a HP hiteless\u00e9g\u00e9ben az optim\u00e1lis teljes\u00edtm\u00e9ny \u00e9s kompatibilit\u00e1s \u00e9rdek\u00e9ben.<\/li>\n<li><strong>Tov\u00e1bbfejlesztett kapcsolat:<\/strong> Tapasztalja meg a tov\u00e1bbfejlesztett vezet\u00e9k n\u00e9lk\u00fcli kapcsolatot ezzel a kiv\u00e1l\u00f3 min\u0151s\u00e9g\u0171 vezet\u00e9k n\u00e9lk\u00fcli k\u00e1rty\u00e1val.<\/li>\n<\/ul>\n<p><strong>K\u00e9rj\u00fck, vegye figyelembe:<\/strong><\/p>\n<ul>\n<li>Ez az adatlap val\u00f3di f\u00e9nyk\u00e9peket tartalmaz a HP vezet\u00e9k n\u00e9lk\u00fcli k\u00e1rty\u00e1r\u00f3l (690020-005 \u00e9s 689215-001), amelyet megkap.<\/li>\n<li>A telep\u00edt\u00e9si utas\u00edt\u00e1sokat nem tartalmazza. Ha seg\u00edts\u00e9gre van sz\u00fcks\u00e9ge, nyugodtan \u00edrjon nek\u00fcnk.<\/li>\n<\/ul>\n<p>Friss\u00edtse laptopja vezet\u00e9k n\u00e9lk\u00fcli k\u00e9pess\u00e9geit m\u00e9g ma ezzel az Eredeti HP vezet\u00e9k n\u00e9lk\u00fcli k\u00e1rty\u00e1val. B\u00edzzon abban a min\u0151s\u00e9gben \u00e9s kompatibilit\u00e1sban, amelyet csak az eredeti HP alkatr\u00e9szek tudnak biztos\u00edtani.<\/p>\n","protected":false},"excerpt":{"rendered":"<p>Fokozza HP Pavilion 11-N 11-N010DX laptopja csatlakoztathat\u00f3s\u00e1g\u00e1t ezzel az eredeti HP vezet\u00e9k n\u00e9lk\u00fcli k\u00e1rty\u00e1val. A 690020-005 \u00e9s 689215-001 modellek z\u00f6kken\u0151mentes vezet\u00e9k n\u00e9lk\u00fcli \u00e9lm\u00e9nyt biztos\u00edtanak. B\u00edzzon a hiteless\u00e9gben az optim\u00e1lis teljes\u00edtm\u00e9ny \u00e9rdek\u00e9ben.<\/p>\n","protected":false},"featured_media":6621,"template":"","meta":[],"product_brand":[],"product_cat":[27],"product_tag":[25],"class_list":{"0":"post-6590","1":"product","2":"type-product","3":"status-publish","4":"has-post-thumbnail","6":"product_cat-motherboards-board-parts","7":"product_tag-hp","9":"first","10":"instock","11":"taxable","12":"shipping-taxable","13":"purchasable","14":"product-type-simple"},"_links":{"self":[{"href":"https:\/\/boreait.com\/hu\/wp-json\/wp\/v2\/product\/6590","targetHints":{"allow":["GET"]}}],"collection":[{"href":"https:\/\/boreait.com\/hu\/wp-json\/wp\/v2\/product"}],"about":[{"href":"https:\/\/boreait.com\/hu\/wp-json\/wp\/v2\/types\/product"}],"wp:featuredmedia":[{"embeddable":true,"href":"https:\/\/boreait.com\/hu\/wp-json\/wp\/v2\/media\/6621"}],"wp:attachment":[{"href":"https:\/\/boreait.com\/hu\/wp-json\/wp\/v2\/media?parent=6590"}],"wp:term":[{"taxonomy":"product_brand","embeddable":true,"href":"https:\/\/boreait.com\/hu\/wp-json\/wp\/v2\/product_brand?post=6590"},{"taxonomy":"product_cat","embeddable":true,"href":"https:\/\/boreait.com\/hu\/wp-json\/wp\/v2\/product_cat?post=6590"},{"taxonomy":"product_tag","embeddable":true,"href":"https:\/\/boreait.com\/hu\/wp-json\/wp\/v2\/product_tag?post=6590"}],"curies":[{"name":"wp","href":"https:\/\/api.w.org\/{rel}","templated":true}]}}