{"id":6587,"date":"2025-09-17T11:40:50","date_gmt":"2025-09-17T09:40:50","guid":{"rendered":"https:\/\/boreait.com\/hu\/?post_type=product&#038;p=6587"},"modified":"2025-09-17T11:41:23","modified_gmt":"2025-09-17T09:41:23","slug":"eredeti-acer-e5-571-dc301000q-j00-power-dc-jack-csatlakozo-laptop-alkatreszek","status":"publish","type":"product","link":"https:\/\/boreait.com\/hu\/termek\/eredeti-acer-e5-571-dc301000q-j00-power-dc-jack-csatlakozo-laptop-alkatreszek\/","title":{"rendered":"Eredeti Acer E5 571 DC301000Q J00 Power DC JACK csatlakoz\u00f3 &#8211; Laptop alkatr\u00e9szek"},"content":{"rendered":"<p>Fektessen be Acer E5 571 laptopja hossz\u00fa \u00e9lettartam\u00e1ba az Eredeti Acer E5 571 DC301000Q J00 Power DC JACK csatlakoz\u00f3val, amely kiz\u00e1r\u00f3lag a Siggm\u00f3n\u00e1l kaphat\u00f3. Ezt az eredeti t\u00e1pcsatlakoz\u00f3t \u00fagy tervezt\u00e9k, hogy biztons\u00e1gos \u00e9s hat\u00e9kony t\u00e1pell\u00e1t\u00e1st biztos\u00edtson laptopja sz\u00e1m\u00e1ra, megel\u0151zve a teljes\u00edtm\u00e9ny megzavar\u00e1s\u00e1t.<\/p>\n<p><strong>F\u0151bb jellemz\u0151k:<\/strong><\/p>\n<ul>\n<li><strong>Kompatibilit\u00e1s:<\/strong> Kifejezetten az Acer E5 571 modellekhez tervezve, t\u00f6k\u00e9letes illeszked\u00e9st biztos\u00edtva.<\/li>\n<li><strong>Eredeti Acer alkatr\u00e9sz:<\/strong> Nyugodjon meg, tudva, hogy eredeti Acer laptop alkatr\u00e9szt v\u00e1s\u00e1rol.<\/li>\n<li><strong>Megb\u00edzhat\u00f3 t\u00e1pcsatlakoz\u00e1s:<\/strong> Minimaliz\u00e1lja az \u00e1ramkimarad\u00e1sok kock\u00e1zat\u00e1t ezzel a kiv\u00e1l\u00f3 min\u0151s\u00e9g\u0171 DC JACK csatlakoz\u00f3val.<\/li>\n<\/ul>\n<p>Ak\u00e1r tech-rajong\u00f3, ak\u00e1r bark\u00e1csolt laptopjav\u00edt\u00e1s rajong\u00f3 vagy profi, ez az Acer E5 571 DC JACK csatlakoz\u00f3 elengedhetetlen eleme laptopja funkcionalit\u00e1s\u00e1nak meg\u0151rz\u00e9s\u00e9hez.<\/p>\n<p><strong>K\u00e9rj\u00fck, vegye figyelembe:<\/strong><\/p>\n<ul>\n<li>A telep\u00edt\u00e9si seg\u00edts\u00e9get nem tartalmazza, de az\u00e9rt vagyunk itt, hogy seg\u00edts\u00fcnk. Nyugodtan \u00edrjon nek\u00fcnk b\u00e1rmilyen tov\u00e1bbi inform\u00e1ci\u00f3\u00e9rt vagy t\u00e1mogat\u00e1s\u00e9rt, amelyre sz\u00fcks\u00e9ge lehet.<\/li>\n<li>A megjelen\u00edtett term\u00e9kk\u00e9pek val\u00f3s fot\u00f3k az \u00d6n \u00e1ltal megkapott alkatr\u00e9szr\u0151l, amely az \u00e1tl\u00e1that\u00f3s\u00e1g \u00e9s a min\u0151s\u00e9g ir\u00e1nti elk\u00f6telezetts\u00e9g\u00fcnket mutatja.<\/li>\n<\/ul>\n<p>Friss\u00edtse Acer E5 571-\u00e9t ezzel az Eredeti Acer E5 571 DC301000Q J00 Power DC JACK csatlakoz\u00f3val, \u00e9s \u00e9lvezze laptopja megszak\u00edt\u00e1s n\u00e9lk\u00fcli \u00e1ramell\u00e1t\u00e1s\u00e1t. B\u00edzzon a Siggm\u00f3ban az autentikus laptop-alkatr\u00e9szek\u00e9rt, amelyeket vil\u00e1gszerte sz\u00e1ll\u00edtanak.<\/p>\n","protected":false},"excerpt":{"rendered":"<p>Gondoskodjon a z\u00f6kken\u0151mentes t\u00e1pell\u00e1t\u00e1sr\u00f3l az Eredeti Acer E5 571 DC301000Q J00 Power DC JACK csatlakoz\u00f3val. Az Acer E5 571 modellekkel kompatibilis, ez az eredeti alkatr\u00e9sz megb\u00edzhat\u00f3 t\u00e1pegys\u00e9get garant\u00e1l. B\u00edzzon laptopja min\u0151s\u00e9g\u00e9ben \u2013 v\u00e1s\u00e1roljon eredeti Acer laptop alkatr\u00e9szeket a Siggm\u00f3n\u00e1l.<\/p>\n","protected":false},"featured_media":6618,"template":"","meta":[],"product_brand":[],"product_cat":[20],"product_tag":[29],"class_list":{"0":"post-6587","1":"product","2":"type-product","3":"status-publish","4":"has-post-thumbnail","6":"product_cat-cables","7":"product_tag-acer","9":"first","10":"instock","11":"taxable","12":"shipping-taxable","13":"purchasable","14":"product-type-simple"},"_links":{"self":[{"href":"https:\/\/boreait.com\/hu\/wp-json\/wp\/v2\/product\/6587","targetHints":{"allow":["GET"]}}],"collection":[{"href":"https:\/\/boreait.com\/hu\/wp-json\/wp\/v2\/product"}],"about":[{"href":"https:\/\/boreait.com\/hu\/wp-json\/wp\/v2\/types\/product"}],"wp:featuredmedia":[{"embeddable":true,"href":"https:\/\/boreait.com\/hu\/wp-json\/wp\/v2\/media\/6618"}],"wp:attachment":[{"href":"https:\/\/boreait.com\/hu\/wp-json\/wp\/v2\/media?parent=6587"}],"wp:term":[{"taxonomy":"product_brand","embeddable":true,"href":"https:\/\/boreait.com\/hu\/wp-json\/wp\/v2\/product_brand?post=6587"},{"taxonomy":"product_cat","embeddable":true,"href":"https:\/\/boreait.com\/hu\/wp-json\/wp\/v2\/product_cat?post=6587"},{"taxonomy":"product_tag","embeddable":true,"href":"https:\/\/boreait.com\/hu\/wp-json\/wp\/v2\/product_tag?post=6587"}],"curies":[{"name":"wp","href":"https:\/\/api.w.org\/{rel}","templated":true}]}}