{"id":6540,"date":"2025-09-17T11:40:05","date_gmt":"2025-09-17T09:40:05","guid":{"rendered":"https:\/\/boreait.com\/hu\/?post_type=product&#038;p=6540"},"modified":"2026-01-19T10:31:59","modified_gmt":"2026-01-19T09:31:59","slug":"eredeti-dell-inspiron-n5110-belso-webkamera-kamera-0t3npc-laptop-alkatreszek","status":"publish","type":"product","link":"https:\/\/boreait.com\/hu\/termek\/eredeti-dell-inspiron-n5110-belso-webkamera-kamera-0t3npc-laptop-alkatreszek\/","title":{"rendered":"Eredeti Dell Inspiron N5110 bels\u0151 webkamera kamera 0T3NPC &#8211; Laptop alkatr\u00e9szek"},"content":{"rendered":"<p>N\u00f6velje Dell Inspiron N5110 k\u00e9pess\u00e9geit eredeti, 0T3NPC cikksz\u00e1m\u00fa bels\u0151 webkamer\u00e1nkkal. Ez a kiv\u00e1l\u00f3 min\u0151s\u00e9g\u0171 kamera \u00e9les \u00e9s tiszta vide\u00f3t biztos\u00edt online tal\u00e1lkoz\u00f3ihoz, konferenci\u00e1ihoz \u00e9s virtu\u00e1lis felz\u00e1rk\u00f3ztat\u00e1saihoz. K\u00f6zvetlen\u00fcl a Dellt\u0151l sz\u00e1rmazik, kompatibilit\u00e1st \u00e9s optim\u00e1lis teljes\u00edtm\u00e9nyt garant\u00e1l laptopj\u00e1val.<\/p>\n<p><strong>F\u0151bb jellemz\u0151k:<\/strong><\/p>\n<ul>\n<li><strong>Kompatibilit\u00e1s:<\/strong> Kifejezetten Dell Inspiron N5110 laptopokhoz tervezve.<\/li>\n<li><strong>Min\u0151s\u00e9gi k\u00e9palkot\u00e1s:<\/strong> R\u00f6gz\u00edtsen \u00e9l\u00e9nk \u00e9s r\u00e9szletes vide\u00f3kat ezzel az eredeti webkamer\u00e1val.<\/li>\n<li><strong>Egyszer\u0171 telep\u00edt\u00e9s:<\/strong> Probl\u00e9mamentes telep\u00edt\u00e9s a technol\u00f3gia szerelmeseinek. Nem tartalmaz utas\u00edt\u00e1sokat, de seg\u00edts\u00e9g\u00e9rt forduljon hozz\u00e1nk bizalommal.<\/li>\n<li><strong>Sz\u00e1ll\u00edt\u00e1s az eg\u00e9sz vil\u00e1gon:<\/strong> B\u00e1rhol is van, mi sz\u00e1ll\u00edtunk. B\u00edzzon a Siggm\u00f3ban az eredeti laptop-alkatr\u00e9szek megb\u00edzhat\u00f3 \u00e9s gyors sz\u00e1ll\u00edt\u00e1s\u00e1ban.<\/li>\n<\/ul>\n<p>Ak\u00e1r hib\u00e1s webkamer\u00e1t cser\u00e9l, ak\u00e1r laptopj\u00e1t friss\u00edti, a Siggmo gondoskodik r\u00f3la. Val\u00f3di term\u00e9kfot\u00f3ink biztos\u00edtj\u00e1k, hogy amit l\u00e1tsz, azt megkapod. Biztos lehet benne, hogy az \u00d6n el\u00e9gedetts\u00e9ge a legfontosabb sz\u00e1munkra.<\/p>\n<p>K\u00e9rj\u00fck, forduljon bizalommal, ha b\u00e1rmilyen k\u00e9rd\u00e9se van, vagy tov\u00e1bbi seg\u00edts\u00e9gre van sz\u00fcks\u00e9ge. B\u00e1tran friss\u00edtse Dell Inspiron N5110 k\u00e9sz\u00fcl\u00e9k\u00e9t, \u00e9s v\u00e1lassza a Siggmo-t laptopja alkatr\u00e9szeihez.<\/p>\n","protected":false},"excerpt":{"rendered":"<p>Friss\u00edtse Dell Inspiron N5110 k\u00e9sz\u00fcl\u00e9k\u00e9t ezzel az eredeti bels\u0151 webkamer\u00e1val (cikksz\u00e1m: 0T3NPC). Biztos\u00edtson krist\u00e1lytiszta videoh\u00edv\u00e1sokat, \u00e9s jav\u00edtsa laptopja funkcionalit\u00e1s\u00e1t. B\u00edzzon a Siggm\u00f3ban az autentikus laptop alkatr\u00e9szek\u00e9rt. Vil\u00e1gszerte el\u00e9rhet\u0151 sz\u00e1ll\u00edt\u00e1s.<\/p>\n","protected":false},"featured_media":6571,"template":"","meta":[],"product_brand":[],"product_cat":[23],"product_tag":[17],"class_list":{"0":"post-6540","1":"product","2":"type-product","3":"status-publish","4":"has-post-thumbnail","6":"product_cat-laptop-camera","7":"product_tag-dell","9":"first","10":"instock","11":"taxable","12":"shipping-taxable","13":"purchasable","14":"product-type-simple"},"_links":{"self":[{"href":"https:\/\/boreait.com\/hu\/wp-json\/wp\/v2\/product\/6540","targetHints":{"allow":["GET"]}}],"collection":[{"href":"https:\/\/boreait.com\/hu\/wp-json\/wp\/v2\/product"}],"about":[{"href":"https:\/\/boreait.com\/hu\/wp-json\/wp\/v2\/types\/product"}],"wp:featuredmedia":[{"embeddable":true,"href":"https:\/\/boreait.com\/hu\/wp-json\/wp\/v2\/media\/6571"}],"wp:attachment":[{"href":"https:\/\/boreait.com\/hu\/wp-json\/wp\/v2\/media?parent=6540"}],"wp:term":[{"taxonomy":"product_brand","embeddable":true,"href":"https:\/\/boreait.com\/hu\/wp-json\/wp\/v2\/product_brand?post=6540"},{"taxonomy":"product_cat","embeddable":true,"href":"https:\/\/boreait.com\/hu\/wp-json\/wp\/v2\/product_cat?post=6540"},{"taxonomy":"product_tag","embeddable":true,"href":"https:\/\/boreait.com\/hu\/wp-json\/wp\/v2\/product_tag?post=6540"}],"curies":[{"name":"wp","href":"https:\/\/api.w.org\/{rel}","templated":true}]}}