{"id":650,"date":"2025-09-17T09:29:24","date_gmt":"2025-09-17T07:29:24","guid":{"rendered":"https:\/\/boreait.com\/hu\/?post_type=product&#038;p=650"},"modified":"2026-01-07T09:21:59","modified_gmt":"2026-01-07T08:21:59","slug":"intel-wireless-wifi-link-4965agn","status":"publish","type":"product","link":"https:\/\/boreait.com\/hu\/termek\/intel-wireless-wifi-link-4965agn\/","title":{"rendered":"Intel Wireless WiFi Link 4965AGN"},"content":{"rendered":"<p>Fokozza laptopja vezet\u00e9k n\u00e9lk\u00fcli k\u00e9pess\u00e9geit az Intel Wireless WiFi Link 4965AGN adapterrel. Ezt a nagy teljes\u00edtm\u00e9ny\u0171 vezet\u00e9k n\u00e9lk\u00fcli k\u00e1rty\u00e1t \u00fagy tervezt\u00e9k, hogy gyors \u00e9s megb\u00edzhat\u00f3 WiFi-kapcsolatot biztos\u00edtson, lehet\u0151v\u00e9 t\u00e9ve, hogy kapcsolatban maradjon, \u00e9s \u00e9lvezze a z\u00f6kken\u0151mentes internet-hozz\u00e1f\u00e9r\u00e9st.<\/p>\n<p>Az Intel Wireless WiFi Link 4965AGN adapter t\u00e1mogatja a 802.11a\/b\/g\/n WiFi szabv\u00e1nyokat, \u00edgy a vezet\u00e9k n\u00e9lk\u00fcli h\u00e1l\u00f3zatok sz\u00e9les sk\u00e1l\u00e1j\u00e1val kompatibilis. A t\u00f6bb adatfolyam t\u00e1mogat\u00e1s\u00e1val gyorsabb adat\u00e1tviteli sebess\u00e9get \u00e9s sim\u00e1bb teljes\u00edtm\u00e9nyt tapasztalhat, ak\u00e1r az interneten b\u00f6ng\u00e9szik, ak\u00e1r streamel, ak\u00e1r f\u00e1jlokat t\u00f6lt le.<\/p>\n<p>Ez az adapter fejlett biztons\u00e1gi funkci\u00f3kkal is rendelkezik, amelyek biztos\u00edtj\u00e1k a vezet\u00e9k n\u00e9lk\u00fcli kapcsolat v\u00e9delm\u00e9t. T\u00e1mogatja a k\u00fcl\u00f6nf\u00e9le titkos\u00edt\u00e1si m\u00f3dszereket, bele\u00e9rtve a WEP-et, a WPA-t \u00e9s a WPA2-t, hogy meg\u0151rizze adatai biztons\u00e1g\u00e1t.<\/p>\n<p>Az Intel Wireless WiFi Link 4965AGN adapter telep\u00edt\u00e9se viszonylag egyszer\u0171 folyamat. Gy\u0151z\u0151dj\u00f6n meg arr\u00f3l, hogy laptopja ki van kapcsolva, \u00e9s le van v\u00e1lasztva az \u00e1ramforr\u00e1sr\u00f3l. Keresse meg a Mini PCI Express ny\u00edl\u00e1st a laptop alaplapj\u00e1n, \u00e9s helyezze be az adaptert a foglalatba. R\u00f6gz\u00edtse megfelel\u0151en, \u00e9s szerelje \u00f6ssze laptopj\u00e1t.<\/p>\n<p>Friss\u00edtse laptopja vezet\u00e9k n\u00e9lk\u00fcli kapcsolat\u00e1t az Intel Wireless WiFi Link 4965AGN adapterrel. Maradjon kapcsolatban a WiFi h\u00e1l\u00f3zatokkal, b\u00f6ng\u00e9sszen az interneten, \u00e9s streameljen tartalmat k\u00f6nnyed\u00e9n. Tapasztalja meg a gyorsabb adat\u00e1tviteli sebess\u00e9get \u00e9s a nagyobb teljes\u00edtm\u00e9nyt ezzel a megb\u00edzhat\u00f3 Intel adapterrel.<\/p>\n","protected":false},"excerpt":{"rendered":"<p>B\u0151v\u00edtse laptopja vezet\u00e9k n\u00e9lk\u00fcli kapcsolat\u00e1t az Intel Wireless WiFi Link 4965AGN adapterrel. Ez a megb\u00edzhat\u00f3 \u00e9s nagy teljes\u00edtm\u00e9ny\u0171 vezet\u00e9k n\u00e9lk\u00fcli k\u00e1rtya gyors \u00e9s biztons\u00e1gos WiFi-kapcsolatot biztos\u00edt laptopj\u00e1hoz. Maradjon kapcsolatban, \u00e9s \u00e9lvezze a z\u00f6kken\u0151mentes internet-hozz\u00e1f\u00e9r\u00e9st ezzel az Intel adapterrel.<\/p>\n","protected":false},"featured_media":709,"template":"","meta":[],"product_brand":[],"product_cat":[27],"product_tag":[],"class_list":{"0":"post-650","1":"product","2":"type-product","3":"status-publish","4":"has-post-thumbnail","6":"product_cat-motherboards-board-parts","8":"first","9":"instock","10":"taxable","11":"shipping-taxable","12":"purchasable","13":"product-type-simple"},"_links":{"self":[{"href":"https:\/\/boreait.com\/hu\/wp-json\/wp\/v2\/product\/650","targetHints":{"allow":["GET"]}}],"collection":[{"href":"https:\/\/boreait.com\/hu\/wp-json\/wp\/v2\/product"}],"about":[{"href":"https:\/\/boreait.com\/hu\/wp-json\/wp\/v2\/types\/product"}],"wp:featuredmedia":[{"embeddable":true,"href":"https:\/\/boreait.com\/hu\/wp-json\/wp\/v2\/media\/709"}],"wp:attachment":[{"href":"https:\/\/boreait.com\/hu\/wp-json\/wp\/v2\/media?parent=650"}],"wp:term":[{"taxonomy":"product_brand","embeddable":true,"href":"https:\/\/boreait.com\/hu\/wp-json\/wp\/v2\/product_brand?post=650"},{"taxonomy":"product_cat","embeddable":true,"href":"https:\/\/boreait.com\/hu\/wp-json\/wp\/v2\/product_cat?post=650"},{"taxonomy":"product_tag","embeddable":true,"href":"https:\/\/boreait.com\/hu\/wp-json\/wp\/v2\/product_tag?post=650"}],"curies":[{"name":"wp","href":"https:\/\/api.w.org\/{rel}","templated":true}]}}