{"id":65,"date":"2025-09-17T09:21:16","date_gmt":"2025-09-17T07:21:16","guid":{"rendered":"https:\/\/boreait.com\/hu\/?post_type=product&#038;p=65"},"modified":"2025-09-17T09:21:20","modified_gmt":"2025-09-17T07:21:20","slug":"dell-precision-7710-m7710-laptophaz","status":"publish","type":"product","link":"https:\/\/boreait.com\/hu\/termek\/dell-precision-7710-m7710-laptophaz\/","title":{"rendered":"DELL Precision 7710 M7710 Laptoph\u00e1z"},"content":{"rendered":"<p>A Dell Precision 7710 (M7710) h\u00e1z\u00e1t \u00fagy tervezt\u00e9k, hogy egyszerre legyen strapab\u00edr\u00f3 \u00e9s st\u00edlusos, eleg\u00e1ns \u00e9s modern megjelen\u00e9se pedig biztosan leny\u0171g\u00f6z. A laptop kiv\u00e1l\u00f3 min\u0151s\u00e9g\u0171 anyagokb\u00f3l k\u00e9sz\u00fclt, bele\u00e9rtve a meger\u0151s\u00edtett magn\u00e9zium\u00f6tv\u00f6zetet, amely kiv\u00e1l\u00f3 szil\u00e1rds\u00e1got \u00e9s tart\u00f3ss\u00e1got biztos\u00edt, mik\u00f6zben a laptop viszonylag k\u00f6nny\u0171.<\/p>\n<p>A Precision 7710 h\u00e1z\u00e1t \u00fagy tervezt\u00e9k, hogy ellen\u00e1lljon a mindennapi ig\u00e9nybev\u00e9telnek, massz\u00edv kialak\u00edt\u00e1sa pedig ellen\u00e1ll az es\u00e9seknek, \u00fct\u00e9seknek \u00e9s m\u00e1s t\u00edpus\u00fa fizikai b\u00e1ntalmaz\u00e1snak. Ez ide\u00e1lis v\u00e1laszt\u00e1ss\u00e1 teszi azokat a szakembereket, akiknek olyan laptopra van sz\u00fcks\u00e9g\u00fck, amely k\u00e9pes kezelni a forgalmas munkak\u00f6rnyezet ig\u00e9nyeit.<\/p>\n<p>Emellett a Precision 7710 h\u00e1za nagym\u00e9rt\u00e9kben szem\u00e9lyre szabhat\u00f3, sz\u00e1mos sz\u00edn- \u00e9s kivitelez\u00e9si lehet\u0151s\u00e9g \u00e1ll rendelkez\u00e9sre az \u00d6n egy\u00e9ni st\u00edlus\u00e1nak \u00e9s preferenci\u00e1inak megfelel\u0151en. Ak\u00e1r a klasszikus ez\u00fcst fel\u00fcletet r\u00e9szes\u00edti el\u0151nyben, ak\u00e1r valami mer\u00e9szebb \u00e9s sz\u00ednesebb, megtal\u00e1lhatja az ig\u00e9nyeinek \u00e9s \u00edzl\u00e9s\u00e9nek megfelel\u0151 Dell Precision 7710 laptopot.<\/p>\n","protected":false},"excerpt":{"rendered":"<p>A Dell Precision 7710 (M7710) laptoph\u00e1z st\u00edlusos \u00e9s tart\u00f3s, meger\u0151s\u00edtett magn\u00e9zium\u00f6tv\u00f6zetb\u0151l k\u00e9sz\u00fclt konstrukci\u00f3, amely kiv\u00e1l\u00f3 szil\u00e1rds\u00e1got \u00e9s v\u00e9delmet biztos\u00edt, mik\u00f6zben megtartja a laptop k\u00f6nny\u0171 s\u00faly\u00e1t. Testreszabhat\u00f3 sz\u00e1mos sz\u00edn- \u00e9s kivitelez\u00e9si lehet\u0151s\u00e9ggel, hogy megfeleljen az \u00d6n st\u00edlus\u00e1nak \u00e9s preferenci\u00e1inak.<\/p>\n","protected":false},"featured_media":95,"template":"","meta":[],"product_brand":[],"product_cat":[16],"product_tag":[17],"class_list":{"0":"post-65","1":"product","2":"type-product","3":"status-publish","4":"has-post-thumbnail","6":"product_cat-laptop-housing","7":"product_tag-dell","9":"first","10":"instock","11":"taxable","12":"shipping-taxable","13":"purchasable","14":"product-type-simple"},"_links":{"self":[{"href":"https:\/\/boreait.com\/hu\/wp-json\/wp\/v2\/product\/65","targetHints":{"allow":["GET"]}}],"collection":[{"href":"https:\/\/boreait.com\/hu\/wp-json\/wp\/v2\/product"}],"about":[{"href":"https:\/\/boreait.com\/hu\/wp-json\/wp\/v2\/types\/product"}],"wp:featuredmedia":[{"embeddable":true,"href":"https:\/\/boreait.com\/hu\/wp-json\/wp\/v2\/media\/95"}],"wp:attachment":[{"href":"https:\/\/boreait.com\/hu\/wp-json\/wp\/v2\/media?parent=65"}],"wp:term":[{"taxonomy":"product_brand","embeddable":true,"href":"https:\/\/boreait.com\/hu\/wp-json\/wp\/v2\/product_brand?post=65"},{"taxonomy":"product_cat","embeddable":true,"href":"https:\/\/boreait.com\/hu\/wp-json\/wp\/v2\/product_cat?post=65"},{"taxonomy":"product_tag","embeddable":true,"href":"https:\/\/boreait.com\/hu\/wp-json\/wp\/v2\/product_tag?post=65"}],"curies":[{"name":"wp","href":"https:\/\/api.w.org\/{rel}","templated":true}]}}