{"id":6483,"date":"2025-09-17T11:39:12","date_gmt":"2025-09-17T09:39:12","guid":{"rendered":"https:\/\/boreait.com\/hu\/?post_type=product&#038;p=6483"},"modified":"2025-09-17T11:39:31","modified_gmt":"2025-09-17T09:39:31","slug":"eredeti-ventilator-hutoborda-dell-latitude-e5440-e5540-087xfx-at0wr0020cl-04tdcf-nagy-teljesitmenyu-hutes","status":"publish","type":"product","link":"https:\/\/boreait.com\/hu\/termek\/eredeti-ventilator-hutoborda-dell-latitude-e5440-e5540-087xfx-at0wr0020cl-04tdcf-nagy-teljesitmenyu-hutes\/","title":{"rendered":"Eredeti ventil\u00e1tor + h\u0171t\u0151borda Dell Latitude E5440 E5540 087XFX + at0wr0020cl &#8211; 04TDCF- Nagy teljes\u00edtm\u00e9ny\u0171 h\u0171t\u00e9s"},"content":{"rendered":"<p>Friss\u00edtse laptopja h\u0171t\u0151rendszer\u00e9t az eredeti at0wr0020cl h\u0171t\u0151bord\u00e1val \u00e9s a Dell Latitude E5440 \u00e9s E5540 kompatibilis ventil\u00e1torral. Ezt a nagy teljes\u00edtm\u00e9ny\u0171 h\u0171t\u0151bord\u00e1t \u00fagy tervezt\u00e9k, hogy hat\u00e9konyan elvezesse a h\u0151t, \u00edgy biztos\u00edtva a laptop z\u00f6kken\u0151mentes m\u0171k\u00f6d\u00e9s\u00e9t m\u00e9g a meger\u0151ltet\u0151 feladatok sor\u00e1n is.<\/p>\n<p><strong>F\u0151bb jellemz\u0151k:<\/strong><\/p>\n<ul>\n<li><strong>Kompatibilit\u00e1s:<\/strong> Ez a VENTIL\u00c1TOR + h\u0171t\u0151borda kompatibilis a Dell Latitude E5440 E5540 modellel, bele\u00e9rtve a CN-04TDCF-41362-4C3-7130-A00 modelleket.<\/li>\n<li><strong>Teljes\u00edtm\u00e9ny:<\/strong> \u00c9lvezze a hat\u00e9kony h\u0171t\u00e9st a t\u00falmeleged\u00e9s megel\u0151z\u00e9se \u00e9s az optim\u00e1lis teljes\u00edtm\u00e9ny meg\u0151rz\u00e9se \u00e9rdek\u00e9ben.<\/li>\n<li><strong>Eredeti term\u00e9k:<\/strong> Az at0wr0020cl h\u0171t\u0151bord\u00e1nk eredeti \u00e9s megb\u00edzhat\u00f3 helyettes\u00edt\u0151je laptopja h\u0171t\u00e9si ig\u00e9nyeinek.<\/li>\n<li><strong>Sz\u00e1ll\u00edt\u00e1s az eg\u00e9sz vil\u00e1gon:<\/strong> Vil\u00e1gszerte k\u00edn\u00e1lunk sz\u00e1ll\u00edt\u00e1st, \u00edgy b\u00e1rhol is van, \u00e9lvezheti a jobb h\u0171t\u00e9s el\u0151nyeit.<\/li>\n<\/ul>\n<p>Friss\u00edtse laptopja h\u0171t\u0151rendszer\u00e9t m\u00e9g ma, \u00e9s tapasztalja meg a teljes\u00edtm\u00e9nybeli k\u00fcl\u00f6nbs\u00e9geket. Felh\u00edvjuk figyelm\u00e9t, hogy nem adunk \u00fatmutat\u00e1st az alkatr\u00e9szcser\u00e9hez, de ha b\u00e1rmilyen k\u00e9rd\u00e9se van, vagy seg\u00edts\u00e9gre van sz\u00fcks\u00e9ge, forduljon bizalommal. A term\u00e9kk\u00e9pek hitelesek, bemutatj\u00e1k a t\u00e9nylegesen kapott alkatr\u00e9szeket.<\/p>\n<p>Biztos a v\u00e1s\u00e1rl\u00e1sakor a siggmo eredeti laptop-alkatr\u00e9szeivel. Ha k\u00e9rd\u00e9se van, vagy tov\u00e1bbi seg\u00edts\u00e9gre van sz\u00fcks\u00e9ge, ne habozzon kapcsolatba l\u00e9pni vel\u00fcnk. Az \u00d6n el\u00e9gedetts\u00e9ge sz\u00e1munkra a legfontosabb.<\/p>\n","protected":false},"excerpt":{"rendered":"<p>Eredeti ventil\u00e1tor + h\u0171t\u0151borda Dell Latitude E5440 E5540 087XFX + at0wr0020cl &#8211; 04TDCF- Nagy teljes\u00edtm\u00e9ny\u0171 h\u0171t\u00e9s<\/p>\n","protected":false},"featured_media":6500,"template":"","meta":[],"product_brand":[],"product_cat":[33],"product_tag":[17],"class_list":{"0":"post-6483","1":"product","2":"type-product","3":"status-publish","4":"has-post-thumbnail","6":"product_cat-cpu-fans-heatsinks","7":"product_tag-dell","9":"first","10":"instock","11":"taxable","12":"shipping-taxable","13":"purchasable","14":"product-type-simple"},"_links":{"self":[{"href":"https:\/\/boreait.com\/hu\/wp-json\/wp\/v2\/product\/6483","targetHints":{"allow":["GET"]}}],"collection":[{"href":"https:\/\/boreait.com\/hu\/wp-json\/wp\/v2\/product"}],"about":[{"href":"https:\/\/boreait.com\/hu\/wp-json\/wp\/v2\/types\/product"}],"wp:featuredmedia":[{"embeddable":true,"href":"https:\/\/boreait.com\/hu\/wp-json\/wp\/v2\/media\/6500"}],"wp:attachment":[{"href":"https:\/\/boreait.com\/hu\/wp-json\/wp\/v2\/media?parent=6483"}],"wp:term":[{"taxonomy":"product_brand","embeddable":true,"href":"https:\/\/boreait.com\/hu\/wp-json\/wp\/v2\/product_brand?post=6483"},{"taxonomy":"product_cat","embeddable":true,"href":"https:\/\/boreait.com\/hu\/wp-json\/wp\/v2\/product_cat?post=6483"},{"taxonomy":"product_tag","embeddable":true,"href":"https:\/\/boreait.com\/hu\/wp-json\/wp\/v2\/product_tag?post=6483"}],"curies":[{"name":"wp","href":"https:\/\/api.w.org\/{rel}","templated":true}]}}