{"id":6367,"date":"2025-09-17T11:37:16","date_gmt":"2025-09-17T09:37:16","guid":{"rendered":"https:\/\/boreait.com\/hu\/?post_type=product&#038;p=6367"},"modified":"2025-09-17T11:37:48","modified_gmt":"2025-09-17T09:37:48","slug":"eredeti-usb-port-kartya-lenovo-thinkpad-t470s-20hf-20hg-20js-20jt-ns-b083-ns-b083p-laptophoz-laptop-alkatreszek","status":"publish","type":"product","link":"https:\/\/boreait.com\/hu\/termek\/eredeti-usb-port-kartya-lenovo-thinkpad-t470s-20hf-20hg-20js-20jt-ns-b083-ns-b083p-laptophoz-laptop-alkatreszek\/","title":{"rendered":"Eredeti USB-port k\u00e1rtya LENOVO ThinkPad T470s 20HF 20HG 20JS 20JT NS-B083 NS-B083P laptophoz &#8211; Laptop alkatr\u00e9szek"},"content":{"rendered":"<p>Fokozza LENOVO ThinkPad T470s funkcionalit\u00e1s\u00e1t (kompatibilis a 20HF, 20HG, 20JS, 20JT, NS-B083, NS-B083P modellekkel) Eredeti USB-port k\u00e1rty\u00e1nkkal. Ez a prec\u00edzen kidolgozott alkatr\u00e9sz megb\u00edzhat\u00f3 \u00e9s nagy sebess\u00e9g\u0171 csatlakoz\u00e1st biztos\u00edt laptopj\u00e1hoz.<\/p>\n<p><strong>Kompatibilit\u00e1s:<\/strong><\/p>\n<ul>\n<li>LENOVO ThinkPad T470s 20HF<\/li>\n<li>LENOVO ThinkPad T470s 20HG<\/li>\n<li>LENOVO ThinkPad T470s 20JS<\/li>\n<li>LENOVO ThinkPad T470s 20JT<\/li>\n<li>LENOVO ThinkPad T470s NS-B083<\/li>\n<li>LENOVO ThinkPad T470s NS-B083P<\/li>\n<\/ul>\n<p><strong>F\u0151bb jellemz\u0151k:<\/strong><\/p>\n<ul>\n<li>Eredeti OEM USB-port k\u00e1rtya<\/li>\n<li>T\u00f6k\u00e9letesen illeszkedik az eml\u00edtett ThinkPad modellekhez<\/li>\n<li>K\u00f6nnyen telep\u00edthet\u0151, friss\u00edthet\u0151 vagy cser\u00e9lhet\u0151<\/li>\n<li>Fokozza laptopja csatlakoz\u00e1si k\u00e9pess\u00e9geit<\/li>\n<\/ul>\n<p><strong>Mi\u00e9rt v\u00e1lassza a Siggmo-t?<\/strong> A Siggmo az \u00d6n megb\u00edzhat\u00f3 forr\u00e1sa az autentikus laptop-alkatr\u00e9szek beszerz\u00e9s\u00e9hez, \u00fcgyfeleinek kiszolg\u00e1l\u00e1s\u00e1ra Eur\u00f3p\u00e1ban \u00e9s vil\u00e1gszerte. El\u0151nyben r\u00e9szes\u00edtj\u00fck a min\u0151s\u00e9get \u00e9s a megb\u00edzhat\u00f3s\u00e1got, biztos\u00edtva, hogy minden alkatr\u00e9sz megfeleljen a legmagasabb szabv\u00e1nyoknak. Ha n\u00e1lunk v\u00e1s\u00e1rol, akkor nem csak alkatr\u00e9szt v\u00e1s\u00e1rol; eszk\u00f6ze teljes\u00edtm\u00e9ny\u00e9be \u00e9s \u00e9lettartam\u00e1ba fektet be.<\/p>\n<p><strong>Megjegyz\u00e9s:<\/strong> Eredeti term\u00e9kfot\u00f3kat biztos\u00edtunk, \u00edgy pontosan l\u00e1thatja, mit fog kapni. B\u00e1r nem adunk konkr\u00e9t cser\u00e9re vonatkoz\u00f3 utas\u00edt\u00e1sokat, b\u00e1tran forduljon hozz\u00e1nk, ha seg\u00edts\u00e9gre van sz\u00fcks\u00e9ge. Az \u00d6n el\u00e9gedetts\u00e9ge sz\u00e1munkra a legfontosabb.<\/p>\n<p>Friss\u00edtse LENOVO ThinkPad T470s k\u00e9sz\u00fcl\u00e9k\u00e9t m\u00e9g ma Eredeti USB-portk\u00e1rty\u00e1nkkal \u2013 ez a t\u00f6k\u00e9letes megold\u00e1s a z\u00f6kken\u0151mentes csatlakoztathat\u00f3s\u00e1ghoz \u00e9s a fokozott teljes\u00edtm\u00e9nyhez.<\/p>\n","protected":false},"excerpt":{"rendered":"<p>Friss\u00edtse vagy cser\u00e9lje ki a LENOVO ThinkPad T470s USB-portj\u00e1t ezzel az eredeti alkatr\u00e9szre. A 20HF, 20HG, 20JS, 20JT, NS-B083 \u00e9s NS-B083P modellekkel kompatibilis USB-portunk z\u00f6kken\u0151mentes csatlakoz\u00e1st biztos\u00edt. B\u00edzzon a Siggm\u00f3ban a hiteles laptop-alkatr\u00e9szek\u00e9rt, vil\u00e1gszerte sz\u00e1ll\u00edtva.<\/p>\n","protected":false},"featured_media":6405,"template":"","meta":[],"product_brand":[],"product_cat":[27],"product_tag":[26],"class_list":{"0":"post-6367","1":"product","2":"type-product","3":"status-publish","4":"has-post-thumbnail","6":"product_cat-motherboards-board-parts","7":"product_tag-lenovo","9":"first","10":"instock","11":"taxable","12":"shipping-taxable","13":"purchasable","14":"product-type-simple"},"_links":{"self":[{"href":"https:\/\/boreait.com\/hu\/wp-json\/wp\/v2\/product\/6367","targetHints":{"allow":["GET"]}}],"collection":[{"href":"https:\/\/boreait.com\/hu\/wp-json\/wp\/v2\/product"}],"about":[{"href":"https:\/\/boreait.com\/hu\/wp-json\/wp\/v2\/types\/product"}],"wp:featuredmedia":[{"embeddable":true,"href":"https:\/\/boreait.com\/hu\/wp-json\/wp\/v2\/media\/6405"}],"wp:attachment":[{"href":"https:\/\/boreait.com\/hu\/wp-json\/wp\/v2\/media?parent=6367"}],"wp:term":[{"taxonomy":"product_brand","embeddable":true,"href":"https:\/\/boreait.com\/hu\/wp-json\/wp\/v2\/product_brand?post=6367"},{"taxonomy":"product_cat","embeddable":true,"href":"https:\/\/boreait.com\/hu\/wp-json\/wp\/v2\/product_cat?post=6367"},{"taxonomy":"product_tag","embeddable":true,"href":"https:\/\/boreait.com\/hu\/wp-json\/wp\/v2\/product_tag?post=6367"}],"curies":[{"name":"wp","href":"https:\/\/api.w.org\/{rel}","templated":true}]}}