{"id":6351,"date":"2025-09-17T11:36:48","date_gmt":"2025-09-17T09:36:48","guid":{"rendered":"https:\/\/boreait.com\/hu\/?post_type=product&#038;p=6351"},"modified":"2025-09-17T11:37:37","modified_gmt":"2025-09-17T09:37:37","slug":"eredeti-lenovo-thinkpad-t460s-14-laptop-hutoventilator-hutobordaval-00ur985","status":"publish","type":"product","link":"https:\/\/boreait.com\/hu\/termek\/eredeti-lenovo-thinkpad-t460s-14-laptop-hutoventilator-hutobordaval-00ur985\/","title":{"rendered":"Eredeti Lenovo ThinkPad T460s 14&#8243; laptop h\u0171t\u0151ventil\u00e1tor h\u0171t\u0151bord\u00e1val 00UR985"},"content":{"rendered":"<p>Friss\u00edtse Lenovo ThinkPad T460s k\u00e9sz\u00fcl\u00e9k\u00e9t az eredeti h\u0171t\u0151ventil\u00e1tor \u00e9s h\u0171t\u0151borda kombin\u00e1ci\u00f3val (cikksz\u00e1m: 00UR985). Ezt a gondosan megtervezett h\u0171t\u00e9si megold\u00e1st \u00fagy tervezt\u00e9k, hogy laptopja optim\u00e1lis h\u0151m\u00e9rs\u00e9kleten m\u0171k\u00f6dj\u00f6n, \u00e9s hat\u00e9kony teljes\u00edtm\u00e9nyt biztos\u00edt a hosszabb haszn\u00e1lat sor\u00e1n.<\/p>\n<p><strong>Kompatibilit\u00e1s:<\/strong> A Lenovo ThinkPad T460s 14&#8243;-es laptopokkal kompatibilis, ez az eredeti h\u0171t\u0151ventil\u00e1tor \u00e9s h\u0171t\u0151borda kombin\u00e1ci\u00f3 t\u00f6k\u00e9letes illeszked\u00e9st \u00e9s z\u00f6kken\u0151mentes integr\u00e1ci\u00f3t garant\u00e1l. \u00c1ll\u00edtsa vissza laptopja h\u0171t\u00e9si hat\u00e9konys\u00e1g\u00e1t a t\u00falmeleged\u00e9s elker\u00fcl\u00e9se \u00e9s a cs\u00facsteljes\u00edtm\u00e9ny meg\u0151rz\u00e9se \u00e9rdek\u00e9ben.<\/p>\n<p><strong>Megb\u00edzhat\u00f3 min\u0151s\u00e9g:<\/strong> A Lenovo, az ipar\u00e1gban egy megb\u00edzhat\u00f3 n\u00e9v alkotta h\u0171t\u0151ventil\u00e1tor- \u00e9s h\u0171t\u0151borda-szerelv\u00e9ny kiv\u00e1l\u00f3 min\u0151s\u00e9g\u0171 anyagokb\u00f3l k\u00e9sz\u00fclt a tart\u00f3ss\u00e1g \u00e9s a megb\u00edzhat\u00f3s\u00e1g \u00e9rdek\u00e9ben. Ne k\u00f6ss\u00f6n kompromisszumot a teljes\u00edtm\u00e9ny ter\u00e9n \u2013 v\u00e1lasszon eredeti Lenovo alkatr\u00e9szeket laptopj\u00e1hoz.<\/p>\n<p><strong>Egyszer\u0171 telep\u00edt\u00e9s:<\/strong> Ezzel az eredeti Lenovo alkatr\u00e9szrel probl\u00e9mamentesen cser\u00e9lheti laptopja h\u0171t\u0151rendszer\u00e9t. B\u00e1r nem adunk konkr\u00e9t telep\u00edt\u00e9si utas\u00edt\u00e1sokat, ha b\u00e1rmilyen probl\u00e9m\u00e1t tapasztal, forduljon bizalommal seg\u00edts\u00e9g\u00e9rt. Az\u00e9rt vagyunk itt, hogy seg\u00edts\u00fcnk.<\/p>\n<p><strong>Val\u00f3di fot\u00f3k, val\u00f3di alkatr\u00e9szek:<\/strong> A list\u00e1ban szerepl\u0151 fot\u00f3k a kapott term\u00e9k hiteles k\u00e9pei. Hisz\u00fcnk az \u00e1tl\u00e1that\u00f3s\u00e1gban, \u00e9s amit l\u00e1tsz, azt kapod \u2013 egy eredeti Lenovo ThinkPad T460s h\u0171t\u0151ventil\u00e1tor h\u0171t\u0151bord\u00e1val, amely k\u00e9szen \u00e1ll a laptopba val\u00f3 beszerel\u00e9sre.<\/p>\n<p><strong>V\u00e1s\u00e1roljon magabiztosan:<\/strong> A Siggmon\u00e1l az \u00fcgyfelek el\u00e9gedetts\u00e9g\u00e9t helyezz\u00fck el\u0151t\u00e9rbe. Ha b\u00e1rmilyen k\u00e9rd\u00e9se van, vagy tov\u00e1bbi seg\u00edts\u00e9gre van sz\u00fcks\u00e9ge, ne habozzon kapcsolatba l\u00e9pni vel\u00fcnk. Friss\u00edtse Lenovo ThinkPad T460s k\u00e9sz\u00fcl\u00e9k\u00e9t magabiztosan, tudva, hogy eredeti, min\u0151s\u00e9gi laptop alkatr\u00e9szeket kap.<\/p>\n<p><em>Megjegyz\u00e9s: Noha nem adunk r\u00e9szletes telep\u00edt\u00e9si \u00fatmutat\u00f3t, ha b\u00e1rmilyen agg\u00e1lya vagy k\u00e9rd\u00e9se van, k\u00fcldj\u00f6n nek\u00fcnk \u00fczenetet. Az\u00e9rt vagyunk itt, hogy t\u00e1mogassuk a laptop friss\u00edt\u00e9si \u00fatj\u00e1n.<\/em><\/p>\n","protected":false},"excerpt":{"rendered":"<p>N\u00f6velje Lenovo ThinkPad T460s teljes\u00edtm\u00e9ny\u00e9t ezzel az eredeti 14&#8243;-es laptop h\u0171t\u0151ventil\u00e1torral, amely kiv\u00e1l\u00f3 min\u0151s\u00e9g\u0171 h\u0171t\u0151bord\u00e1val rendelkezik (cikksz\u00e1m: 00UR985). Tartsa z\u00f6kken\u0151mentesen laptopj\u00e1t a r\u00e9gi vagy hib\u00e1s h\u0171t\u0151rendszer cser\u00e9j\u00e9vel. Eredeti Lenovo term\u00e9k az optim\u00e1lis kompatibilit\u00e1s \u00e9s teljes\u00edtm\u00e9ny \u00e9rdek\u00e9ben.<\/p>\n","protected":false},"featured_media":6384,"template":"","meta":[],"product_brand":[],"product_cat":[33],"product_tag":[26],"class_list":{"0":"post-6351","1":"product","2":"type-product","3":"status-publish","4":"has-post-thumbnail","6":"product_cat-cpu-fans-heatsinks","7":"product_tag-lenovo","9":"first","10":"instock","11":"taxable","12":"shipping-taxable","13":"purchasable","14":"product-type-simple"},"_links":{"self":[{"href":"https:\/\/boreait.com\/hu\/wp-json\/wp\/v2\/product\/6351","targetHints":{"allow":["GET"]}}],"collection":[{"href":"https:\/\/boreait.com\/hu\/wp-json\/wp\/v2\/product"}],"about":[{"href":"https:\/\/boreait.com\/hu\/wp-json\/wp\/v2\/types\/product"}],"wp:featuredmedia":[{"embeddable":true,"href":"https:\/\/boreait.com\/hu\/wp-json\/wp\/v2\/media\/6384"}],"wp:attachment":[{"href":"https:\/\/boreait.com\/hu\/wp-json\/wp\/v2\/media?parent=6351"}],"wp:term":[{"taxonomy":"product_brand","embeddable":true,"href":"https:\/\/boreait.com\/hu\/wp-json\/wp\/v2\/product_brand?post=6351"},{"taxonomy":"product_cat","embeddable":true,"href":"https:\/\/boreait.com\/hu\/wp-json\/wp\/v2\/product_cat?post=6351"},{"taxonomy":"product_tag","embeddable":true,"href":"https:\/\/boreait.com\/hu\/wp-json\/wp\/v2\/product_tag?post=6351"}],"curies":[{"name":"wp","href":"https:\/\/api.w.org\/{rel}","templated":true}]}}