{"id":6350,"date":"2025-09-17T11:36:48","date_gmt":"2025-09-17T09:36:48","guid":{"rendered":"https:\/\/boreait.com\/hu\/?post_type=product&#038;p=6350"},"modified":"2026-01-19T10:23:20","modified_gmt":"2026-01-19T09:23:20","slug":"intel-8265ngw-ketsavos-wifi-bt-kartya-867mbps-mini-pcie-802-11ac-4-2-laptop-alkatreszek","status":"publish","type":"product","link":"https:\/\/boreait.com\/hu\/termek\/intel-8265ngw-ketsavos-wifi-bt-kartya-867mbps-mini-pcie-802-11ac-4-2-laptop-alkatreszek\/","title":{"rendered":"Intel 8265NGW k\u00e9ts\u00e1vos WiFi BT k\u00e1rtya 867Mbps Mini PCIe 802.11ac 4.2 laptop alkatr\u00e9szek"},"content":{"rendered":"<p>B\u0151v\u00edtse laptopja vezet\u00e9k n\u00e9lk\u00fcli k\u00e9pess\u00e9geit az Intel 8265NGW Dual Band Mini PCIe WiFi BT k\u00e1rty\u00e1val. Ez az eredeti Intel k\u00e1rtya a legmodernebb technol\u00f3gi\u00e1t hozza az ujjaihoz, \u00e9s er\u0151teljes 2,4 GHz-es s\u00e1vot k\u00edn\u00e1l ak\u00e1r 867 Mbps sebess\u00e9ggel. Az IEEE 802.11ac t\u00e1mogat\u00e1s gyors \u00e9s megb\u00edzhat\u00f3 vezet\u00e9k n\u00e9lk\u00fcli kapcsolatot biztos\u00edt, m\u00edg a Bluetooth 4.2 csatlakoz\u00e1s sokoldal\u00fabb\u00e1 teszi eszk\u00f6z\u00e9t.<\/p>\n<p><strong>F\u0151bb jellemz\u0151k:<\/strong><\/p>\n<ul>\n<li><strong>Vezet\u00e9k n\u00e9lk\u00fcli sebess\u00e9g:<\/strong> \u00c9lvezze a vill\u00e1mgyors, ak\u00e1r 867 Mbps vezet\u00e9k n\u00e9lk\u00fcli sebess\u00e9get a 2,4 GHz-es s\u00e1von.<\/li>\n<li><strong>K\u00e9ts\u00e1vos technol\u00f3gia:<\/strong> Haszn\u00e1lja ki a k\u00e9ts\u00e1vos technol\u00f3gi\u00e1t a jobb kapcsol\u00f3d\u00e1s \u00e9s a cs\u00f6kkentett interferencia \u00e9rdek\u00e9ben.<\/li>\n<li><strong>IEEE 802.11ac t\u00e1mogat\u00e1s:<\/strong> Maradjon kapcsolatban a leg\u00fajabb vezet\u00e9k n\u00e9lk\u00fcli szabv\u00e1nyokkal, biztos\u00edtva a z\u00f6kken\u0151mentes online \u00e9lm\u00e9nyt.<\/li>\n<li><strong>Bluetooth 4.2:<\/strong> Tapasztalja meg a sokoldal\u00fa csatlakoztathat\u00f3s\u00e1got az integr\u00e1lt Bluetooth 4.2 k\u00e9pess\u00e9ggel.<\/li>\n<li><strong>Mini PCIe Form Factor:<\/strong> A k\u00e9nyelemre \u00e9s a k\u00fcl\u00f6nf\u00e9le laptopmodellekkel val\u00f3 kompatibilit\u00e1sra tervezt\u00e9k.<\/li>\n<li><strong>Eredeti Intel min\u0151s\u00e9g:<\/strong> B\u00edzzon az eredeti Intel technol\u00f3gia megb\u00edzhat\u00f3s\u00e1g\u00e1ban \u00e9s teljes\u00edtm\u00e9ny\u00e9ben.<\/li>\n<\/ul>\n<p>Friss\u00edtse laptopj\u00e1t k\u00f6nnyed\u00e9n ennek az Intel 8265NGW k\u00e1rty\u00e1nak a telep\u00edt\u00e9s\u00e9vel, ak\u00e1r profi, akinek nagy sebess\u00e9g\u0171 internetre van sz\u00fcks\u00e9ge munk\u00e1hoz, ak\u00e1r j\u00e1t\u00e9krajong\u00f3, aki z\u00f6kken\u0151mentes online \u00e9lm\u00e9nyt keres. Felh\u00edvjuk figyelm\u00e9t, hogy a telep\u00edt\u00e9si utas\u00edt\u00e1sokat nem adjuk meg, de ha b\u00e1rmilyen k\u00e9rd\u00e9se van, vagy seg\u00edts\u00e9gre van sz\u00fcks\u00e9ge, forduljon bizalommal.<\/p>\n<p><strong>Megjegyz\u00e9s a v\u00e1s\u00e1rl\u00f3knak:<\/strong><\/p>\n<ul>\n<li>A telep\u00edt\u00e9si utas\u00edt\u00e1sokat nem tartalmazza; ha azonban seg\u00edts\u00e9gre van sz\u00fcks\u00e9ge, nyugodtan \u00edrjon nek\u00fcnk.<\/li>\n<li>Minden term\u00e9kfot\u00f3 eredeti, amely bemutatja a t\u00e9nylegesen megkapott alkatr\u00e9szeket.<\/li>\n<li>B\u00edzzon az eredeti Intel \u00f6sszetev\u0151k min\u0151s\u00e9g\u00e9ben \u00e9s megb\u00edzhat\u00f3s\u00e1g\u00e1ban az optim\u00e1lis teljes\u00edtm\u00e9ny \u00e9rdek\u00e9ben.<\/li>\n<\/ul>\n<p>Friss\u00edtse laptopja vezet\u00e9k n\u00e9lk\u00fcli k\u00e9pess\u00e9geit m\u00e9g ma az Intel 8265NGW Dual Band Mini PCIe WiFi BT k\u00e1rty\u00e1val \u2013 az \u00d6n \u00e1tj\u00e1r\u00f3ja a gyors \u00e9s megb\u00edzhat\u00f3 csatlakoz\u00e1shoz.<\/p>\n","protected":false},"excerpt":{"rendered":"<p>Fokozza laptopja csatlakoztathat\u00f3s\u00e1g\u00e1t az Intel 8265NGW Dual Band Mini PCIe WiFi BT k\u00e1rty\u00e1val. Ez a nagy teljes\u00edtm\u00e9ny\u0171 k\u00e1rtya vill\u00e1mgyors, 867 Mbps sebess\u00e9get biztos\u00edt a 2,4 GHz-es s\u00e1vban, \u00e9s t\u00e1mogatja az IEEE 802.11ac szabv\u00e1nyt a z\u00f6kken\u0151mentes vezet\u00e9k n\u00e9lk\u00fcli teljes\u00edtm\u00e9ny \u00e9rdek\u00e9ben. Az integr\u00e1lt Bluetooth 4.2 sokoldal\u00fa csatlakoz\u00e1st biztos\u00edt. Friss\u00edtse k\u00f6nnyed\u00e9n laptopj\u00e1t ezzel az eredeti Intel k\u00e1rty\u00e1val a megb\u00edzhat\u00f3, nagy sebess\u00e9g\u0171 vezet\u00e9k n\u00e9lk\u00fcli \u00e9s Bluetooth k\u00e9pess\u00e9gek \u00e9rdek\u00e9ben.<\/p>\n","protected":false},"featured_media":6383,"template":"","meta":[],"product_brand":[],"product_cat":[27],"product_tag":[],"class_list":{"0":"post-6350","1":"product","2":"type-product","3":"status-publish","4":"has-post-thumbnail","6":"product_cat-motherboards-board-parts","8":"first","9":"instock","10":"taxable","11":"shipping-taxable","12":"purchasable","13":"product-type-simple"},"_links":{"self":[{"href":"https:\/\/boreait.com\/hu\/wp-json\/wp\/v2\/product\/6350","targetHints":{"allow":["GET"]}}],"collection":[{"href":"https:\/\/boreait.com\/hu\/wp-json\/wp\/v2\/product"}],"about":[{"href":"https:\/\/boreait.com\/hu\/wp-json\/wp\/v2\/types\/product"}],"wp:featuredmedia":[{"embeddable":true,"href":"https:\/\/boreait.com\/hu\/wp-json\/wp\/v2\/media\/6383"}],"wp:attachment":[{"href":"https:\/\/boreait.com\/hu\/wp-json\/wp\/v2\/media?parent=6350"}],"wp:term":[{"taxonomy":"product_brand","embeddable":true,"href":"https:\/\/boreait.com\/hu\/wp-json\/wp\/v2\/product_brand?post=6350"},{"taxonomy":"product_cat","embeddable":true,"href":"https:\/\/boreait.com\/hu\/wp-json\/wp\/v2\/product_cat?post=6350"},{"taxonomy":"product_tag","embeddable":true,"href":"https:\/\/boreait.com\/hu\/wp-json\/wp\/v2\/product_tag?post=6350"}],"curies":[{"name":"wp","href":"https:\/\/api.w.org\/{rel}","templated":true}]}}