{"id":630,"date":"2025-09-17T09:28:59","date_gmt":"2025-09-17T07:28:59","guid":{"rendered":"https:\/\/boreait.com\/hu\/?post_type=product&#038;p=630"},"modified":"2026-01-07T09:20:14","modified_gmt":"2026-01-07T08:20:14","slug":"hynix-2gb-1rx8-pc3-10600s-9-11-b2-ddr3-1333mhz-sodimm-ram","status":"publish","type":"product","link":"https:\/\/boreait.com\/hu\/termek\/hynix-2gb-1rx8-pc3-10600s-9-11-b2-ddr3-1333mhz-sodimm-ram\/","title":{"rendered":"Hynix 2GB 1Rx8 PC3-10600S-9-11-B2 DDR3 1333Mhz SODIMM RAM"},"content":{"rendered":"<p>N\u00f6velje laptopja teljes\u00edtm\u00e9ny\u00e9t a Hynix 2 GB 1Rx8 PC3-10600S DDR3 SODIMM RAM-mal. Ezt a mem\u00f3riamodult \u00fagy tervezt\u00e9k, hogy megb\u00edzhat\u00f3 \u00e9s hat\u00e9kony teljes\u00edtm\u00e9nyt ny\u00fajtson, lehet\u0151v\u00e9 t\u00e9ve a sim\u00e1bb t\u00f6bbfeladatos munkav\u00e9gz\u00e9st \u00e9s a rendszer \u00e1ltal\u00e1nos v\u00e1laszk\u00e9szs\u00e9g\u00e9nek jav\u00edt\u00e1s\u00e1t.<\/p>\n<p>A 2 GB kapacit\u00e1s\u00fa Hynix DDR3 SODIMM RAM modul tov\u00e1bbi mem\u00f3ri\u00e1t biztos\u00edt a mindennapi sz\u00e1m\u00edt\u00e1stechnikai feladatok \u00e9s alkalmaz\u00e1sok kezel\u00e9s\u00e9hez. Ak\u00e1r az interneten b\u00f6ng\u00e9szik, ak\u00e1r dokumentumokon dolgozik, ak\u00e1r multim\u00e9di\u00e1s tartalmakat \u00e9lvez, ez a mem\u00f3riamodul \u00e9rz\u00e9keny teljes\u00edtm\u00e9nyt \u00e9s z\u00f6kken\u0151mentes m\u0171k\u00f6d\u00e9st biztos\u00edt.<\/p>\n<p>Az 1333 MHz-es sebess\u00e9ggel m\u0171k\u00f6d\u0151 Hynix DDR3 SODIMM RAM modul gyors adat\u00e1tviteli sebess\u00e9get biztos\u00edt, lehet\u0151v\u00e9 t\u00e9ve a f\u00e1jlokhoz \u00e9s alkalmaz\u00e1sokhoz val\u00f3 gyors hozz\u00e1f\u00e9r\u00e9st. Ez seg\u00edt jav\u00edtani a rendszer \u00e1ltal\u00e1nos v\u00e1laszk\u00e9szs\u00e9g\u00e9t, cs\u00f6kkenteni a bet\u00f6lt\u00e9si id\u0151t \u00e9s jav\u00edtani a sz\u00e1m\u00edt\u00e1stechnikai \u00e9lm\u00e9nyt.<\/p>\n<p>A Hynix DDR3 SODIMM RAM modult kompatibilit\u00e1sra \u00e9s megb\u00edzhat\u00f3 teljes\u00edtm\u00e9nyre tervezt\u00e9k. Szigor\u00fa tesztel\u00e9snek vetik al\u00e1, hogy biztos\u00edts\u00e1k az optim\u00e1lis megb\u00edzhat\u00f3s\u00e1got \u00e9s kompatibilit\u00e1st a laptopmodellek sz\u00e9les sk\u00e1l\u00e1j\u00e1val. Ez biztos\u00edtja a probl\u00e9mamentes telep\u00edt\u00e9si folyamatot \u00e9s a megl\u00e9v\u0151 rendszerbe val\u00f3 z\u00f6kken\u0151mentes integr\u00e1ci\u00f3t.<\/p>\n<p>A Hynix DDR3 SODIMM RAM modul telep\u00edt\u00e9se egyszer\u0171 folyamat. Egyszer\u0171en keresse meg a laptop mem\u00f3riahelyeit, t\u00e1vol\u00edtsa el a r\u00e9gi mem\u00f3riamodult (ha van), \u00e9s helyezze be az \u00faj modult, ezzel biztos\u00edtva a biztons\u00e1gos csatlakoz\u00e1st. Tekintse meg laptopja felhaszn\u00e1l\u00f3i k\u00e9zik\u00f6nyv\u00e9t vagy a gy\u00e1rt\u00f3 webhely\u00e9t a mem\u00f3ria b\u0151v\u00edt\u00e9s\u00e9vel kapcsolatos konkr\u00e9t utas\u00edt\u00e1sok\u00e9rt.<\/p>\n<p>N\u00f6velje laptopja mem\u00f3riakapacit\u00e1s\u00e1t \u00e9s jav\u00edtsa \u00e1ltal\u00e1nos teljes\u00edtm\u00e9ny\u00e9t a Hynix 2 GB 1Rx8 PC3-10600S DDR3 SODIMM RAM seg\u00edts\u00e9g\u00e9vel. Tapasztalja meg a g\u00f6rd\u00fcl\u00e9kenyebb t\u00f6bbfeladatos munkav\u00e9gz\u00e9st, a gyorsabb adat\u00e1tviteli sebess\u00e9get \u00e9s a rendszer jobb v\u00e1laszk\u00e9szs\u00e9g\u00e9t. V\u00e1s\u00e1roljon n\u00e1lunk most, \u00e9s \u00e9lvezze laptopja b\u0151v\u00edtett mem\u00f3ri\u00e1j\u00e1nak el\u0151nyeit.<\/p>\n","protected":false},"excerpt":{"rendered":"<p>B\u0151v\u00edtse laptopja mem\u00f3ri\u00e1j\u00e1t a Hynix 2 GB 1Rx8 PC3-10600S DDR3 SODIMM RAM-mal. Ez a kiv\u00e1l\u00f3 min\u0151s\u00e9g\u0171 mem\u00f3riamodul 2 GB kapacit\u00e1st k\u00edn\u00e1l, \u00e9s 1333 MHz-es sebess\u00e9ggel m\u0171k\u00f6dik. A kompatibilit\u00e1sra \u00e9s teljes\u00edtm\u00e9nyre tervezett Hynix DDR3 SODIMM RAM sim\u00e1bb t\u00f6bbfeladatos munkav\u00e9gz\u00e9st \u00e9s jav\u00edtott \u00e1ltal\u00e1nos rendszerreakci\u00f3t biztos\u00edt.<\/p>\n","protected":false},"featured_media":684,"template":"","meta":[],"product_brand":[],"product_cat":[37,36],"product_tag":[],"class_list":{"0":"post-630","1":"product","2":"type-product","3":"status-publish","4":"has-post-thumbnail","6":"product_cat-ddr3-ddr3l","7":"product_cat-ram-memory","9":"first","10":"instock","11":"taxable","12":"shipping-taxable","13":"purchasable","14":"product-type-simple"},"_links":{"self":[{"href":"https:\/\/boreait.com\/hu\/wp-json\/wp\/v2\/product\/630","targetHints":{"allow":["GET"]}}],"collection":[{"href":"https:\/\/boreait.com\/hu\/wp-json\/wp\/v2\/product"}],"about":[{"href":"https:\/\/boreait.com\/hu\/wp-json\/wp\/v2\/types\/product"}],"wp:featuredmedia":[{"embeddable":true,"href":"https:\/\/boreait.com\/hu\/wp-json\/wp\/v2\/media\/684"}],"wp:attachment":[{"href":"https:\/\/boreait.com\/hu\/wp-json\/wp\/v2\/media?parent=630"}],"wp:term":[{"taxonomy":"product_brand","embeddable":true,"href":"https:\/\/boreait.com\/hu\/wp-json\/wp\/v2\/product_brand?post=630"},{"taxonomy":"product_cat","embeddable":true,"href":"https:\/\/boreait.com\/hu\/wp-json\/wp\/v2\/product_cat?post=630"},{"taxonomy":"product_tag","embeddable":true,"href":"https:\/\/boreait.com\/hu\/wp-json\/wp\/v2\/product_tag?post=630"}],"curies":[{"name":"wp","href":"https:\/\/api.w.org\/{rel}","templated":true}]}}