{"id":6291,"date":"2025-09-17T11:35:37","date_gmt":"2025-09-17T09:35:37","guid":{"rendered":"https:\/\/boreait.com\/hu\/?post_type=product&#038;p=6291"},"modified":"2025-09-17T11:36:37","modified_gmt":"2025-09-17T09:36:37","slug":"teljes-3-x-seagate-250-gb-sata-iii-35-merevlemez","status":"publish","type":"product","link":"https:\/\/boreait.com\/hu\/termek\/teljes-3-x-seagate-250-gb-sata-iii-35-merevlemez\/","title":{"rendered":"TELJES 3 x Seagate 250 GB SATA III 3,5&#8243; merevlemez"},"content":{"rendered":"<p><strong>All Hard Disk Sentinel 100% Health<\/strong><\/p>\n<p>N\u00f6velje sz\u00e1m\u00edt\u00f3g\u00e9pe t\u00e1rol\u00f3kapacit\u00e1s\u00e1t az eredeti Seagate 250 GB-os SATA III 3,5 h\u00fcvelykes merevlemezzel<\/p>\n<p><strong>F\u0151bb jellemz\u0151k:<\/strong><\/p>\n<ul>\n<li><strong>Kapacit\u00e1s:<\/strong> 250 GB<\/li>\n<li><strong>Interf\u00e9sz:<\/strong> SATA III<\/li>\n<li><strong>Forma t\u00e9nyez\u0151:<\/strong> 3,5 h\u00fcvelyk<\/li>\n<\/ul>\n<p><strong>Gyors \u00e9s biztons\u00e1gos sz\u00e1ll\u00edt\u00e1s:<\/strong> Tiszt\u00e1ban vagyunk vele, hogy s\u00fcrg\u0151sen \u00fajra \u00fczembe kell helyezni laptopj\u00e1t. Haszn\u00e1lja ki gyors \u00e9s biztons\u00e1gos sz\u00e1ll\u00edt\u00e1si lehet\u0151s\u00e9geinket Eur\u00f3p\u00e1ba \u00e9s vil\u00e1gszerte.<\/p>\n","protected":false},"excerpt":{"rendered":"<p>N\u00f6velje laptopja t\u00e1rhely\u00e9t az eredeti Seagate 250 GB-os SATA III 3,5 h\u00fcvelykes merevlemez\u00e9vel. Gyors \u00e9s biztons\u00e1gos sz\u00e1ll\u00edt\u00e1s el\u00e9rhet\u0151.<\/p>\n","protected":false},"featured_media":6339,"template":"","meta":[],"product_brand":[],"product_cat":[65,31],"product_tag":[],"class_list":{"0":"post-6291","1":"product","2":"type-product","3":"status-publish","4":"has-post-thumbnail","6":"product_cat-3-5-hdd","7":"product_cat-ssd-hdd-drives","9":"first","10":"instock","11":"taxable","12":"shipping-taxable","13":"purchasable","14":"product-type-simple"},"_links":{"self":[{"href":"https:\/\/boreait.com\/hu\/wp-json\/wp\/v2\/product\/6291","targetHints":{"allow":["GET"]}}],"collection":[{"href":"https:\/\/boreait.com\/hu\/wp-json\/wp\/v2\/product"}],"about":[{"href":"https:\/\/boreait.com\/hu\/wp-json\/wp\/v2\/types\/product"}],"wp:featuredmedia":[{"embeddable":true,"href":"https:\/\/boreait.com\/hu\/wp-json\/wp\/v2\/media\/6339"}],"wp:attachment":[{"href":"https:\/\/boreait.com\/hu\/wp-json\/wp\/v2\/media?parent=6291"}],"wp:term":[{"taxonomy":"product_brand","embeddable":true,"href":"https:\/\/boreait.com\/hu\/wp-json\/wp\/v2\/product_brand?post=6291"},{"taxonomy":"product_cat","embeddable":true,"href":"https:\/\/boreait.com\/hu\/wp-json\/wp\/v2\/product_cat?post=6291"},{"taxonomy":"product_tag","embeddable":true,"href":"https:\/\/boreait.com\/hu\/wp-json\/wp\/v2\/product_tag?post=6291"}],"curies":[{"name":"wp","href":"https:\/\/api.w.org\/{rel}","templated":true}]}}