{"id":6265,"date":"2025-09-17T11:35:13","date_gmt":"2025-09-17T09:35:13","guid":{"rendered":"https:\/\/boreait.com\/hu\/?post_type=product&#038;p=6265"},"modified":"2025-09-17T11:35:53","modified_gmt":"2025-09-17T09:35:53","slug":"eredeti-lenovo-thinkpad-t470s-csuklotamaszos-erintopad-billentyuzet-egyseg-am134000100","status":"publish","type":"product","link":"https:\/\/boreait.com\/hu\/termek\/eredeti-lenovo-thinkpad-t470s-csuklotamaszos-erintopad-billentyuzet-egyseg-am134000100\/","title":{"rendered":"Eredeti Lenovo ThinkPad T470s csukl\u00f3t\u00e1maszos \u00e9rint\u0151pad billenty\u0171zet-egys\u00e9g &#8211; AM134000100"},"content":{"rendered":"<p><strong>A BILLENTY\u0170ZET \u00c9S \u00c9RINT\u0150PAD NEM TARTALMAZZA, Amint AZ ADATLAP FOT\u00d3J\u00c1N L\u00c1THATJA!<\/strong><\/p>\n<p>Revitaliz\u00e1lja Lenovo ThinkPad T470s k\u00e9sz\u00fcl\u00e9k\u00e9t az eredeti Lenovo ThinkPad T470s csukl\u00f3t\u00e1maszos \u00e9rint\u0151pad billenty\u0171zet-egys\u00e9ggel \u2013 AM134000100. Ez a hiteles \u00f6ssze\u00e1ll\u00edt\u00e1s tartalmazza a teljes friss\u00edt\u00e9shez sz\u00fcks\u00e9ges alapvet\u0151 alkatr\u00e9szeket, bele\u00e9rtve a csukl\u00f3t\u00e1maszt, az \u00e9rint\u0151padot \u00e9s a billenty\u0171zetet.<\/p>\n<p><strong>Kompatibilit\u00e1s:<\/strong> Ez a kifejezetten a Lenovo ThinkPad T470s modellekhez tervezett szerelv\u00e9ny t\u00f6k\u00e9letes illeszked\u00e9st \u00e9s z\u00f6kken\u0151mentes integr\u00e1ci\u00f3t biztos\u00edt. A Lenovo magas szabv\u00e1nyai szerint k\u00e9sz\u00fclt, garant\u00e1lja a kompatibilit\u00e1st \u00e9s a megb\u00edzhat\u00f3s\u00e1got, lehet\u0151v\u00e9 t\u00e9ve, hogy \u00e9lvezze laptopja teljes funkcionalit\u00e1s\u00e1t.<\/p>\n<p><strong>Min\u0151s\u00e9g \u00e9s hiteless\u00e9g:<\/strong> Fektessen be az eredeti Lenovo alkatr\u00e9szek eredetis\u00e9g\u00e9be. Az AM134000100 szerelv\u00e9ny a Lenovo min\u0151s\u00e9g \u00e9s teljes\u00edtm\u00e9ny ir\u00e1nti elk\u00f6telezetts\u00e9g\u00e9t bizony\u00edtja. Mindegyik alkatr\u00e9sz szigor\u00fa tesztel\u00e9sen esik \u00e1t, hogy megfeleljen a Lenovo szabv\u00e1nyainak, biztos\u00edtva a tart\u00f3ss\u00e1got \u00e9s a hossz\u00fa \u00e9lettartamot.<\/p>\n<p><strong>Tov\u00e1bbfejlesztett g\u00e9pel\u00e9s \u00e9s navig\u00e1ci\u00f3:<\/strong> Tapasztalja meg a laptop haszn\u00e1lhat\u00f3s\u00e1g\u00e1nak jelent\u0151s javul\u00e1s\u00e1t ezzel a csukl\u00f3t\u00e1maszos \u00e9rint\u0151pad billenty\u0171zet-\u00f6ssze\u00e1ll\u00edt\u00e1ssal. A tapinthat\u00f3 billenty\u0171zet k\u00e9nyelmes \u00e9s hat\u00e9kony g\u00e9pel\u00e9st biztos\u00edt, m\u00edg az \u00e9rz\u00e9keny \u00e9rint\u0151pad sima \u00e9s pontos navig\u00e1ci\u00f3t tesz lehet\u0151v\u00e9.<\/p>\n<p><strong>Egyszer\u0171 telep\u00edt\u00e9s:<\/strong> A k\u00f6nnyen telep\u00edthet\u0151 szerelv\u00e9ny seg\u00edts\u00e9g\u00e9vel k\u00f6nnyed\u00e9n friss\u00edtheti laptopj\u00e1t. Nincsenek bonyolult utas\u00edt\u00e1sok, de ha tov\u00e1bbi seg\u00edts\u00e9gre van sz\u00fcks\u00e9ge, forduljon hozz\u00e1nk bizalommal. Az\u00e9rt vagyunk itt, hogy seg\u00edts\u00fcnk \u00d6nnek, hogy a legt\u00f6bbet hozza ki v\u00e1s\u00e1rl\u00e1s\u00e1b\u00f3l.<\/p>\n<p><strong>Val\u00f3di fot\u00f3k, val\u00f3di alkatr\u00e9szek:<\/strong> Biztos lehet benne, hogy a list\u00e1ban szerepl\u0151 fot\u00f3k az \u00d6n \u00e1ltal megkapott alkatr\u00e9szek val\u00f3di k\u00e9pei. Amit l\u00e1t, azt kapja \u2013 egy kiv\u00e1l\u00f3 min\u0151s\u00e9g\u0171, hiteles Lenovo-szerelv\u00e9ny, amely k\u00e9szen \u00e1ll arra, hogy \u00faj \u00e9letet leheljen ThinkPad T470-\u00e9be.<\/p>\n<p><strong>Vil\u00e1gszerte el\u00e9rhet\u0151 kompatibilit\u00e1s \u00e9s sz\u00e1ll\u00edt\u00e1s:<\/strong> Ak\u00e1r Eur\u00f3p\u00e1ban, ak\u00e1r b\u00e1rhol a vil\u00e1gon, mi biztos\u00edtjuk a sz\u00e1ll\u00edt\u00e1st az \u00d6n helysz\u00edn\u00e9re. N\u00f6velje meg laptopja \u00e9lettartam\u00e1t ezzel az eredeti Lenovo szerelv\u00e9nnyel, amelyet az \u00fcgyfelek el\u00e9gedetts\u00e9ge ir\u00e1nti elk\u00f6telezetts\u00e9g\u00fcnk t\u00e1mogat.<\/p>\n<p>Friss\u00edtse Lenovo ThinkPad T470s k\u00e9sz\u00fcl\u00e9k\u00e9t m\u00e9g ma az Eredeti Lenovo ThinkPad T470s csukl\u00f3t\u00e1maszos \u00e9rint\u0151pad billenty\u0171zet-egys\u00e9ggel. B\u00e1rmilyen k\u00e9rd\u00e9ssel vagy tov\u00e1bbi seg\u00edts\u00e9ggel kapcsolatban forduljon hozz\u00e1nk bizalommal. Az \u00d6n el\u00e9gedetts\u00e9ge sz\u00e1munkra a legfontosabb!<\/p>\n","protected":false},"excerpt":{"rendered":"<p>Fejlessze Lenovo ThinkPad T470s k\u00e9sz\u00fcl\u00e9k\u00e9t ezzel az eredeti csukl\u00f3t\u00e1maszos \u00e9rint\u0151pad billenty\u0171zet-egys\u00e9ggel. Ez az AM134000100 cikksz\u00e1m\u00fa szerelv\u00e9ny kiv\u00e1l\u00f3 min\u0151s\u00e9g\u0171 csere, amely tartalmazza a csukl\u00f3t\u00e1maszt, az \u00e9rint\u0151padot \u00e9s a billenty\u0171zetet. \u00c1ll\u00edtsa vissza laptopja optim\u00e1lis m\u0171k\u00f6d\u00e9s\u00e9t, \u00e9s \u00e9lvezze a z\u00f6kken\u0151mentes g\u00e9pel\u00e9si \u00e9s navig\u00e1ci\u00f3s \u00e9lm\u00e9nyt. A Lenovo ThinkPad T470s modellekkel kompatibilis szerelv\u00e9ny t\u00f6k\u00e9letes azoknak a felhaszn\u00e1l\u00f3knak, akik megb\u00edzhat\u00f3 \u00e9s hiteles laptop alkatr\u00e9szeket keresnek. Friss\u00edtse k\u00f6nnyed\u00e9n, \u00e9s keltse \u00e9letre laptopj\u00e1t ezzel az eredeti Lenovo alkatr\u00e9szrel.<\/p>\n","protected":false},"featured_media":6303,"template":"","meta":[],"product_brand":[],"product_cat":[16],"product_tag":[26],"class_list":{"0":"post-6265","1":"product","2":"type-product","3":"status-publish","4":"has-post-thumbnail","6":"product_cat-laptop-housing","7":"product_tag-lenovo","9":"first","10":"instock","11":"taxable","12":"shipping-taxable","13":"purchasable","14":"product-type-simple"},"_links":{"self":[{"href":"https:\/\/boreait.com\/hu\/wp-json\/wp\/v2\/product\/6265","targetHints":{"allow":["GET"]}}],"collection":[{"href":"https:\/\/boreait.com\/hu\/wp-json\/wp\/v2\/product"}],"about":[{"href":"https:\/\/boreait.com\/hu\/wp-json\/wp\/v2\/types\/product"}],"wp:featuredmedia":[{"embeddable":true,"href":"https:\/\/boreait.com\/hu\/wp-json\/wp\/v2\/media\/6303"}],"wp:attachment":[{"href":"https:\/\/boreait.com\/hu\/wp-json\/wp\/v2\/media?parent=6265"}],"wp:term":[{"taxonomy":"product_brand","embeddable":true,"href":"https:\/\/boreait.com\/hu\/wp-json\/wp\/v2\/product_brand?post=6265"},{"taxonomy":"product_cat","embeddable":true,"href":"https:\/\/boreait.com\/hu\/wp-json\/wp\/v2\/product_cat?post=6265"},{"taxonomy":"product_tag","embeddable":true,"href":"https:\/\/boreait.com\/hu\/wp-json\/wp\/v2\/product_tag?post=6265"}],"curies":[{"name":"wp","href":"https:\/\/api.w.org\/{rel}","templated":true}]}}