{"id":6259,"date":"2025-09-17T11:35:12","date_gmt":"2025-09-17T09:35:12","guid":{"rendered":"https:\/\/boreait.com\/hu\/?post_type=product&#038;p=6259"},"modified":"2025-09-17T11:35:42","modified_gmt":"2025-09-17T09:35:42","slug":"kivalo-minosegu-lcd-pantkeszlet-lenovo-thinkpad-t460s-t470s-hez-eredeti-alkatreszek-00jt998-00jt999","status":"publish","type":"product","link":"https:\/\/boreait.com\/hu\/termek\/kivalo-minosegu-lcd-pantkeszlet-lenovo-thinkpad-t460s-t470s-hez-eredeti-alkatreszek-00jt998-00jt999\/","title":{"rendered":"Kiv\u00e1l\u00f3 min\u0151s\u00e9g\u0171 LCD p\u00e1ntk\u00e9szlet Lenovo ThinkPad T460S T470S-hez &#8211; Eredeti alkatr\u00e9szek 00JT998 00JT999"},"content":{"rendered":"<p>Fokozza Lenovo ThinkPad T460S vagy T470S funkcionalit\u00e1s\u00e1t az apr\u00f3l\u00e9kosan kidolgozott LCD-p\u00e1ntk\u00e9szlet\u00fcnkkel. Ezek a 00JT998 \u00e9s 00JT999 modellsz\u00e1m\u00fa eredeti alkatr\u00e9szek t\u00f6k\u00e9letes illeszked\u00e9st \u00e9s optim\u00e1lis teljes\u00edtm\u00e9nyt garant\u00e1lnak.<\/p>\n<p><strong>F\u0151bb jellemz\u0151k:<\/strong><\/p>\n<ul>\n<li><strong>Kompatibilit\u00e1s:<\/strong> Kiz\u00e1r\u00f3lag Lenovo ThinkPad T460S \u00e9s T470S laptopokhoz tervezve.<\/li>\n<li><strong>Eredeti min\u0151s\u00e9g:<\/strong> Eredeti cserealkatr\u00e9szek biztos\u00edtj\u00e1k a tart\u00f3ss\u00e1got \u00e9s a hossz\u00fa \u00e9lettartamot.<\/li>\n<li><strong>Prec\u00edzi\u00f3s tervez\u00e9s:<\/strong> A r\u00e9szletekre val\u00f3 odafigyel\u00e9ssel k\u00e9sz\u00fclt a z\u00f6kken\u0151mentes zsan\u00e9rcsere \u00e9rdek\u00e9ben.<\/li>\n<li><strong>Egyszer\u0171 telep\u00edt\u00e9s:<\/strong> Nincs sz\u00fcks\u00e9g bonyolult utas\u00edt\u00e1sokra; egyszer\u0171en cser\u00e9lje ki a r\u00e9gi zsan\u00e9rt a mi k\u00e9szlet\u00fcnkre.<\/li>\n<li><strong>Glob\u00e1lis sz\u00e1ll\u00edt\u00e1s:<\/strong> Vil\u00e1gszerte sz\u00e1ll\u00edthat\u00f3, \u00edgy a legjobb laptop-alkatr\u00e9szek a k\u00fcsz\u00f6b\u00f6n \u00e1llnak.<\/li>\n<\/ul>\n<p>Ak\u00e1r bark\u00e1csol\u00e1s-rajong\u00f3 vagy, ak\u00e1r profi, az LCD-p\u00e1ntk\u00e9szlet\u00fcnk seg\u00edts\u00e9g\u00e9vel \u00faj \u00e9letre keltheti laptopja kijelz\u0151funkci\u00f3it. K\u00e9rj\u00fck, vegye figyelembe, hogy b\u00e1r nem adunk l\u00e9p\u00e9sr\u0151l l\u00e9p\u00e9sre cser\u00e9re vonatkoz\u00f3 utas\u00edt\u00e1sokat, eredeti term\u00e9kfot\u00f3ink pontosan \u00e1br\u00e1zolj\u00e1k a kapott alkatr\u00e9szeket. Ha b\u00e1rmilyen k\u00e9rd\u00e9se van, vagy tov\u00e1bbi seg\u00edts\u00e9gre van sz\u00fcks\u00e9ge, forduljon bizalommal. B\u0151v\u00edtse ThinkPadj\u00e9t magabiztosan \u00e9s megb\u00edzhat\u00f3an \u2013 rendelje meg LCD-p\u00e1ntk\u00e9szlet\u00e9t most!<\/p>\n","protected":false},"excerpt":{"rendered":"<p>N\u00f6velje laptopja \u00e9lm\u00e9ny\u00e9t a Lenovo ThinkPad T460S \u00e9s T470S modellekhez tervezett pr\u00e9mium LCD-p\u00e1ntk\u00e9szlet\u00fcnkkel. Ezek a prec\u00edzen kidolgozott eredeti alkatr\u00e9szek (00JT998, 00JT999) biztos\u00edtj\u00e1k a kijelz\u0151 zsan\u00e9rjainak z\u00f6kken\u0151mentes cser\u00e9j\u00e9t. \u00c9lvezze a tart\u00f3ss\u00e1got \u00e9s a megb\u00edzhat\u00f3s\u00e1got minden mozdulatn\u00e1l. Friss\u00edtse ThinkPadj\u00e9t magabiztosan!<\/p>\n","protected":false},"featured_media":6296,"template":"","meta":[],"product_brand":[],"product_cat":[19],"product_tag":[26],"class_list":{"0":"post-6259","1":"product","2":"type-product","3":"status-publish","4":"has-post-thumbnail","6":"product_cat-screen-hinge","7":"product_tag-lenovo","9":"first","10":"instock","11":"taxable","12":"shipping-taxable","13":"purchasable","14":"product-type-simple"},"_links":{"self":[{"href":"https:\/\/boreait.com\/hu\/wp-json\/wp\/v2\/product\/6259","targetHints":{"allow":["GET"]}}],"collection":[{"href":"https:\/\/boreait.com\/hu\/wp-json\/wp\/v2\/product"}],"about":[{"href":"https:\/\/boreait.com\/hu\/wp-json\/wp\/v2\/types\/product"}],"wp:featuredmedia":[{"embeddable":true,"href":"https:\/\/boreait.com\/hu\/wp-json\/wp\/v2\/media\/6296"}],"wp:attachment":[{"href":"https:\/\/boreait.com\/hu\/wp-json\/wp\/v2\/media?parent=6259"}],"wp:term":[{"taxonomy":"product_brand","embeddable":true,"href":"https:\/\/boreait.com\/hu\/wp-json\/wp\/v2\/product_brand?post=6259"},{"taxonomy":"product_cat","embeddable":true,"href":"https:\/\/boreait.com\/hu\/wp-json\/wp\/v2\/product_cat?post=6259"},{"taxonomy":"product_tag","embeddable":true,"href":"https:\/\/boreait.com\/hu\/wp-json\/wp\/v2\/product_tag?post=6259"}],"curies":[{"name":"wp","href":"https:\/\/api.w.org\/{rel}","templated":true}]}}