{"id":6234,"date":"2025-09-17T11:34:42","date_gmt":"2025-09-17T09:34:42","guid":{"rendered":"https:\/\/boreait.com\/hu\/?post_type=product&#038;p=6234"},"modified":"2026-01-19T10:19:08","modified_gmt":"2026-01-19T09:19:08","slug":"eredeti-hp-elitebook-8560-lcd-kepernyotartok-eredeti-cserealkatreszek","status":"publish","type":"product","link":"https:\/\/boreait.com\/hu\/termek\/eredeti-hp-elitebook-8560-lcd-kepernyotartok-eredeti-cserealkatreszek\/","title":{"rendered":"Eredeti HP EliteBook 8560 LCD k\u00e9perny\u0151tart\u00f3k \u2013 Eredeti cserealkatr\u00e9szek"},"content":{"rendered":"<p>Fokozza HP EliteBook 8560 vizu\u00e1lis vonzerej\u00e9t \u00e9s funkcionalit\u00e1s\u00e1t eredeti LCD-k\u00e9perny\u0151tart\u00f3inkkal. A prec\u00edzi\u00f3s kialak\u00edt\u00e1s\u00fa eredeti cserealkatr\u00e9szek garant\u00e1lj\u00e1k a z\u00f6kken\u0151mentes illeszked\u00e9st, meg\u0151rizve laptopja eszt\u00e9tik\u00e1j\u00e1t \u00e9s szerkezeti integrit\u00e1s\u00e1t.<\/p>\n<p><strong>Kompatibilit\u00e1s:<\/strong> A kifejezetten a HP EliteBook 8560 sz\u00e1m\u00e1ra tervezett LCD-k\u00e9perny\u0151tart\u00f3k biztons\u00e1gos fog\u00e1st biztos\u00edtanak, \u00edgy a k\u00e9perny\u0151 a hely\u00e9n marad. Legyen laptopja eleg\u00e1ns \u00e9s professzion\u00e1lis.<\/p>\n<p><strong>Min\u0151s\u00e9gbiztos\u00edt\u00e1s:<\/strong> LCD-k\u00e9perny\u0151tart\u00f3ink eredeti HP alkatr\u00e9szek, amelyek a legmagasabb min\u0151s\u00e9get garant\u00e1lj\u00e1k. Minden darab gondosan megmunk\u00e1lva, hogy megfeleljen a HP szigor\u00fa szabv\u00e1nyainak, tart\u00f3ss\u00e1got \u00e9s megb\u00edzhat\u00f3s\u00e1got k\u00edn\u00e1lva.<\/p>\n<p><strong>Egyszer\u0171 telep\u00edt\u00e9s:<\/strong> A tart\u00f3kat k\u00f6nnyed\u00e9n, speci\u00e1lis szersz\u00e1mok n\u00e9lk\u00fcl cser\u00e9lheti ki. B\u00e1r nem adunk \u00fatmutat\u00e1st, b\u00e1tran forduljon hozz\u00e1nk, ha seg\u00edts\u00e9gre van sz\u00fcks\u00e9ge. A folyamat egyszer\u0171, \u00edgy azok sz\u00e1m\u00e1ra is el\u00e9rhet\u0151, akik alapvet\u0151 m\u0171szaki ismeretekkel rendelkeznek.<\/p>\n<p><strong>Sz\u00e1ll\u00edt\u00e1s az eg\u00e9sz vil\u00e1gon:<\/strong> Tiszt\u00e1ban vagyunk a gyors kiszolg\u00e1l\u00e1s fontoss\u00e1g\u00e1val. \u00c9lvezze a vil\u00e1gm\u00e9ret\u0171 sz\u00e1ll\u00edt\u00e1st, biztos\u00edtva, hogy cserealkatr\u00e9szei b\u00e1rhol eljussanak \u00d6nh\u00f6z.<\/p>\n<p><strong>\u00dczenet a v\u00e1s\u00e1rl\u00f3knak:<\/strong> Ha b\u00e1rmilyen k\u00e9rd\u00e9se van, vagy tov\u00e1bbi seg\u00edts\u00e9gre van sz\u00fcks\u00e9ge, ne habozzon kapcsolatba l\u00e9pni. Nagyra \u00e9rt\u00e9kelj\u00fck el\u00e9gedetts\u00e9g\u00e9t, \u00e9s itt vagyunk, hogy seg\u00edts\u00fcnk.<\/p>\n<p>Friss\u00edtse HP EliteBook 8560 k\u00e9sz\u00fcl\u00e9k\u00e9t magabiztosan ezekkel az eredeti LCD-k\u00e9perny\u0151tart\u00f3kkal. Rendeljen most, hogy megtapasztalja a z\u00f6kken\u0151mentes cserefolyamatot, \u00e9s \u00e9lvezze a laptopot, amely \u00fajszer\u0171 megjelen\u00e9s\u0171 \u00e9s m\u0171k\u00f6d\u00e9s\u0171.<\/p>\n","protected":false},"excerpt":{"rendered":"<p>Friss\u00edtse HP EliteBook 8560 k\u00e9sz\u00fcl\u00e9k\u00e9t ezekkel az eredeti LCD-k\u00e9perny\u0151tart\u00f3kkal. Biztos\u00edtsa a t\u00f6k\u00e9letes illeszked\u00e9st, \u00e9s \u0151rizze meg laptopja eleg\u00e1ns megjelen\u00e9s\u00e9t. Eredeti cserealkatr\u00e9szek a biztons\u00e1gos \u00e9s tart\u00f3s jav\u00edt\u00e1s \u00e9rdek\u00e9ben.<\/p>\n","protected":false},"featured_media":6271,"template":"","meta":[],"product_brand":[],"product_cat":[16],"product_tag":[25],"class_list":{"0":"post-6234","1":"product","2":"type-product","3":"status-publish","4":"has-post-thumbnail","6":"product_cat-laptop-housing","7":"product_tag-hp","9":"first","10":"instock","11":"taxable","12":"shipping-taxable","13":"purchasable","14":"product-type-simple"},"_links":{"self":[{"href":"https:\/\/boreait.com\/hu\/wp-json\/wp\/v2\/product\/6234","targetHints":{"allow":["GET"]}}],"collection":[{"href":"https:\/\/boreait.com\/hu\/wp-json\/wp\/v2\/product"}],"about":[{"href":"https:\/\/boreait.com\/hu\/wp-json\/wp\/v2\/types\/product"}],"wp:featuredmedia":[{"embeddable":true,"href":"https:\/\/boreait.com\/hu\/wp-json\/wp\/v2\/media\/6271"}],"wp:attachment":[{"href":"https:\/\/boreait.com\/hu\/wp-json\/wp\/v2\/media?parent=6234"}],"wp:term":[{"taxonomy":"product_brand","embeddable":true,"href":"https:\/\/boreait.com\/hu\/wp-json\/wp\/v2\/product_brand?post=6234"},{"taxonomy":"product_cat","embeddable":true,"href":"https:\/\/boreait.com\/hu\/wp-json\/wp\/v2\/product_cat?post=6234"},{"taxonomy":"product_tag","embeddable":true,"href":"https:\/\/boreait.com\/hu\/wp-json\/wp\/v2\/product_tag?post=6234"}],"curies":[{"name":"wp","href":"https:\/\/api.w.org\/{rel}","templated":true}]}}