{"id":6213,"date":"2025-09-17T11:34:20","date_gmt":"2025-09-17T09:34:20","guid":{"rendered":"https:\/\/boreait.com\/hu\/?post_type=product&#038;p=6213"},"modified":"2025-09-17T11:35:15","modified_gmt":"2025-09-17T09:35:15","slug":"fujitsu-a574-notebook-a574-alaplap-cp666101-z2-eredeti-oem-laptop-alkatreszek","status":"publish","type":"product","link":"https:\/\/boreait.com\/hu\/termek\/fujitsu-a574-notebook-a574-alaplap-cp666101-z2-eredeti-oem-laptop-alkatreszek\/","title":{"rendered":"Fujitsu A574 Notebook A574 alaplap CP666101-Z2 &#8211; Eredeti OEM laptop alkatr\u00e9szek"},"content":{"rendered":"<p>N\u00f6velje Fujitsu A574 noteszg\u00e9pe teljes\u00edtm\u00e9ny\u00e9t az Eredeti OEM A574 alaplappal, amely kiz\u00e1r\u00f3lag a Siggm\u00f3n\u00e1l kaphat\u00f3. Ez az alaplap l\u00e9tfontoss\u00e1g\u00fa eleme laptopj\u00e1nak, amely a z\u00f6kken\u0151mentes funkcionalit\u00e1s \u00e9s a hat\u00e9kony sz\u00e1m\u00edt\u00e1stechnika alapj\u00e1t adja.<\/p>\n<p><strong>F\u0151bb jellemz\u0151k:<\/strong><\/p>\n<ul>\n<li><strong>Kompatibilit\u00e1s:<\/strong> Kifejezetten Fujitsu A574 noteszg\u00e9pekhez tervezve, t\u00f6k\u00e9letes illeszked\u00e9st biztos\u00edtva.<\/li>\n<li><strong>Fujitsu cikksz\u00e1m:<\/strong> CP666101-Z2<\/li>\n<li><strong>Eredeti OEM:<\/strong> B\u00edzzon laptop alkatr\u00e9szeink megb\u00edzhat\u00f3s\u00e1g\u00e1ban \u00e9s hiteless\u00e9g\u00e9ben.<\/li>\n<li><strong>Optim\u00e1lis teljes\u00edtm\u00e9ny:<\/strong> Tapasztalja meg a megn\u00f6velt sebess\u00e9get \u00e9s reakci\u00f3k\u00e9pess\u00e9get kiv\u00e1l\u00f3 min\u0151s\u00e9g\u0171 alaplapunkkal.<\/li>\n<li><strong>Sz\u00e1ll\u00edt\u00e1s az eg\u00e9sz vil\u00e1gon:<\/strong> Gyors \u00e9s biztons\u00e1gos sz\u00e1ll\u00edt\u00e1si lehet\u0151s\u00e9geket k\u00edn\u00e1lunk Eur\u00f3p\u00e1ba \u00e9s vil\u00e1gszerte.<\/li>\n<li><strong>\u00dcgyf\u00e9lszolg\u00e1lat:<\/strong> K\u00e9rd\u00e9sei vannak, vagy seg\u00edts\u00e9gre van sz\u00fcks\u00e9ge? L\u00e9pjen kapcsolatba vel\u00fcnk, \u00e9s hozz\u00e1\u00e9rt\u0151 csapatunk \u00f6r\u00f6mmel seg\u00edt.<\/li>\n<\/ul>\n<p><strong>Megjegyz\u00e9s:<\/strong><\/p>\n<ul>\n<li>Az alaplap cser\u00e9j\u00e9re vonatkoz\u00f3 utas\u00edt\u00e1sokat nem tartalmazza. Ha seg\u00edts\u00e9gre van sz\u00fcks\u00e9ge, nyugodtan \u00edrjon nek\u00fcnk.<\/li>\n<li>Minden term\u00e9kk\u00e9p val\u00f3di fot\u00f3k az \u00d6n \u00e1ltal megkapott alkatr\u00e9szekr\u0151l, amelyek bemutatj\u00e1k az \u00e1tl\u00e1that\u00f3s\u00e1g \u00e9s a min\u0151s\u00e9gbiztos\u00edt\u00e1s ir\u00e1nti elk\u00f6telezetts\u00e9g\u00fcnket.<\/li>\n<\/ul>\n<p>Friss\u00edtse Fujitsu A574 notebookj\u00e1t m\u00e9g ma a Siggmo eredeti OEM A574 alaplapj\u00e1val. B\u00edzzon szak\u00e9rtelm\u00fcnkben, hogy megb\u00edzhat\u00f3 laptop alkatr\u00e9szeket biztos\u00edthassunk a tov\u00e1bbfejlesztett sz\u00e1m\u00edt\u00e1stechnikai \u00e9lm\u00e9ny \u00e9rdek\u00e9ben.<\/p>\n","protected":false},"excerpt":{"rendered":"<p>Friss\u00edtse Fujitsu A574 notebookj\u00e1t eredeti OEM A574 alaplapunkkal. Biztos\u00edtsa az optim\u00e1lis teljes\u00edtm\u00e9nyt \u00e9s megb\u00edzhat\u00f3s\u00e1got ezzel a kiv\u00e1l\u00f3 min\u0151s\u00e9g\u0171 laptop-r\u00e9sszel. Gyors \u00e9s biztons\u00e1gos sz\u00e1ll\u00edt\u00e1s eg\u00e9sz Eur\u00f3p\u00e1ban \u00e9s vil\u00e1gszerte. Tov\u00e1bbi inform\u00e1ci\u00f3\u00e9rt forduljon hozz\u00e1nk.<\/p>\n","protected":false},"featured_media":6266,"template":"","meta":[],"product_brand":[],"product_cat":[27],"product_tag":[28],"class_list":{"0":"post-6213","1":"product","2":"type-product","3":"status-publish","4":"has-post-thumbnail","6":"product_cat-motherboards-board-parts","7":"product_tag-fujitsu","9":"first","10":"instock","11":"taxable","12":"shipping-taxable","13":"purchasable","14":"product-type-simple"},"_links":{"self":[{"href":"https:\/\/boreait.com\/hu\/wp-json\/wp\/v2\/product\/6213","targetHints":{"allow":["GET"]}}],"collection":[{"href":"https:\/\/boreait.com\/hu\/wp-json\/wp\/v2\/product"}],"about":[{"href":"https:\/\/boreait.com\/hu\/wp-json\/wp\/v2\/types\/product"}],"wp:featuredmedia":[{"embeddable":true,"href":"https:\/\/boreait.com\/hu\/wp-json\/wp\/v2\/media\/6266"}],"wp:attachment":[{"href":"https:\/\/boreait.com\/hu\/wp-json\/wp\/v2\/media?parent=6213"}],"wp:term":[{"taxonomy":"product_brand","embeddable":true,"href":"https:\/\/boreait.com\/hu\/wp-json\/wp\/v2\/product_brand?post=6213"},{"taxonomy":"product_cat","embeddable":true,"href":"https:\/\/boreait.com\/hu\/wp-json\/wp\/v2\/product_cat?post=6213"},{"taxonomy":"product_tag","embeddable":true,"href":"https:\/\/boreait.com\/hu\/wp-json\/wp\/v2\/product_tag?post=6213"}],"curies":[{"name":"wp","href":"https:\/\/api.w.org\/{rel}","templated":true}]}}