{"id":6211,"date":"2025-09-17T11:34:20","date_gmt":"2025-09-17T09:34:20","guid":{"rendered":"https:\/\/boreait.com\/hu\/?post_type=product&#038;p=6211"},"modified":"2025-09-17T11:35:02","modified_gmt":"2025-09-17T09:35:02","slug":"eredeti-lenovo-x230-also-alaptok-burkolata-30-4ra02-xxx-laptop-alkatreszeinek-csereje","status":"publish","type":"product","link":"https:\/\/boreait.com\/hu\/termek\/eredeti-lenovo-x230-also-alaptok-burkolata-30-4ra02-xxx-laptop-alkatreszeinek-csereje\/","title":{"rendered":"Eredeti Lenovo X230 als\u00f3 alaptok burkolata 30.4RA02.XXX \u2013 Laptop alkatr\u00e9szeinek cser\u00e9je"},"content":{"rendered":"<p>Friss\u00edtse \u00e9s \u00f3vja Lenovo X230 k\u00e9sz\u00fcl\u00e9k\u00e9t a 30.4RA02.XXX cikksz\u00e1m\u00fa, eredeti als\u00f3 burkolatunkkal. Kifejezetten a z\u00f6kken\u0151mentes illeszked\u00e9sre tervezt\u00e9k, ez a kiv\u00e1l\u00f3 min\u0151s\u00e9g\u0171 csere tart\u00f3ss\u00e1got biztos\u00edt \u00e9s v\u00e9di laptopja bels\u0151 alkatr\u00e9szeit.<\/p>\n<p><strong>A term\u00e9k jellemz\u0151i:<\/strong><\/p>\n<ul>\n<li>Autentikus Lenovo X230 als\u00f3 alapburkolat<\/li>\n<li>Alkatr\u00e9szsz\u00e1m: 30.4RA02.XXX<\/li>\n<li>Megb\u00edzhat\u00f3 \u00e9s robusztus fel\u00e9p\u00edt\u00e9s<\/li>\n<li>T\u00f6k\u00e9letesen illeszkedik Lenovo X230 laptopokhoz<\/li>\n<li>N\u00f6velje eszk\u00f6ze \u00e9lettartam\u00e1t<\/li>\n<\/ul>\n<p><strong>Mi\u00e9rt v\u00e1lassza a Siggmot?<\/strong> A Siggmon\u00e1l meg\u00e9rtj\u00fck az eredeti laptop alkatr\u00e9szek fontoss\u00e1g\u00e1t. A hiteless\u00e9g \u00e9s a min\u0151s\u00e9g biztos\u00edt\u00e1sa \u00e9rdek\u00e9ben az als\u00f3 alaptok fedel\u00e9t k\u00f6zvetlen\u00fcl megb\u00edzhat\u00f3 gy\u00e1rt\u00f3kt\u00f3l szerezz\u00fck be. A term\u00e9k, amit l\u00e1t, az a term\u00e9k, amelyet kap, mivel minden fot\u00f3 a kapott alkatr\u00e9szek val\u00f3di k\u00e9pe.<\/p>\n<p><strong>Egyszer\u0171 telep\u00edt\u00e9s:<\/strong> B\u00e1r nem adunk konkr\u00e9t cser\u00e9re vonatkoz\u00f3 utas\u00edt\u00e1sokat, az als\u00f3 alaptok fedel\u00e9nek cser\u00e9je egyszer\u0171. Ha seg\u00edts\u00e9gre van sz\u00fcks\u00e9ge, b\u00e1tran \u00edrjon nek\u00fcnk.<\/p>\n<p>Adjon \u00faj \u00e9letet Lenovo X230-\u00e1nak. Friss\u00edtsen magabiztosan \u2013 v\u00e1lassza a Siggmo-t laptopja alkatr\u00e9szeihez.<\/p>\n","protected":false},"excerpt":{"rendered":"<p>N\u00f6velje Lenovo X230 tart\u00f3ss\u00e1g\u00e1t a 30.4RA02.XXX cikksz\u00e1m\u00fa Eredeti als\u00f3 burkolatunkkal. Ez a t\u00f6k\u00e9letesre kidolgozott csere szoros illeszked\u00e9st \u00e9s v\u00e9delmet biztos\u00edt a l\u00e9tfontoss\u00e1g\u00fa alkatr\u00e9szek sz\u00e1m\u00e1ra. B\u00edzzon a Siggm\u00f3ban az autentikus laptop alkatr\u00e9szek\u00e9rt.<\/p>\n","protected":false},"featured_media":6254,"template":"","meta":[],"product_brand":[],"product_cat":[16],"product_tag":[26],"class_list":{"0":"post-6211","1":"product","2":"type-product","3":"status-publish","4":"has-post-thumbnail","6":"product_cat-laptop-housing","7":"product_tag-lenovo","9":"first","10":"instock","11":"taxable","12":"shipping-taxable","13":"purchasable","14":"product-type-simple"},"_links":{"self":[{"href":"https:\/\/boreait.com\/hu\/wp-json\/wp\/v2\/product\/6211","targetHints":{"allow":["GET"]}}],"collection":[{"href":"https:\/\/boreait.com\/hu\/wp-json\/wp\/v2\/product"}],"about":[{"href":"https:\/\/boreait.com\/hu\/wp-json\/wp\/v2\/types\/product"}],"wp:featuredmedia":[{"embeddable":true,"href":"https:\/\/boreait.com\/hu\/wp-json\/wp\/v2\/media\/6254"}],"wp:attachment":[{"href":"https:\/\/boreait.com\/hu\/wp-json\/wp\/v2\/media?parent=6211"}],"wp:term":[{"taxonomy":"product_brand","embeddable":true,"href":"https:\/\/boreait.com\/hu\/wp-json\/wp\/v2\/product_brand?post=6211"},{"taxonomy":"product_cat","embeddable":true,"href":"https:\/\/boreait.com\/hu\/wp-json\/wp\/v2\/product_cat?post=6211"},{"taxonomy":"product_tag","embeddable":true,"href":"https:\/\/boreait.com\/hu\/wp-json\/wp\/v2\/product_tag?post=6211"}],"curies":[{"name":"wp","href":"https:\/\/api.w.org\/{rel}","templated":true}]}}