{"id":6185,"date":"2025-09-17T11:33:55","date_gmt":"2025-09-17T09:33:55","guid":{"rendered":"https:\/\/boreait.com\/hu\/?post_type=product&#038;p=6185"},"modified":"2025-09-17T11:34:32","modified_gmt":"2025-09-17T09:34:32","slug":"eredeti-dell-latitude-5420-e5420-belso-kartyaolvaso-kartyanyilas-cn-04ph29-laptop-alkatreszek","status":"publish","type":"product","link":"https:\/\/boreait.com\/hu\/termek\/eredeti-dell-latitude-5420-e5420-belso-kartyaolvaso-kartyanyilas-cn-04ph29-laptop-alkatreszek\/","title":{"rendered":"Eredeti Dell Latitude 5420 E5420 bels\u0151 k\u00e1rtyaolvas\u00f3 k\u00e1rtyany\u00edl\u00e1s CN-04PH29 laptop alkatr\u00e9szek"},"content":{"rendered":"<p>Friss\u00edtse Dell Latitude 5420 E5420 laptopj\u00e1t k\u00f6nnyed\u00e9n az Eredeti Dell bels\u0151 k\u00e1rtyaolvas\u00f3 k\u00e1rtyany\u00edl\u00e1ssal (CN-04PH29). Ez a kiv\u00e1l\u00f3 min\u0151s\u00e9g\u0171 laptop alkatr\u00e9sz z\u00f6kken\u0151mentes kompatibilit\u00e1st \u00e9s optim\u00e1lis teljes\u00edtm\u00e9nyt biztos\u00edt.<\/p>\n<p><strong>Kompatibilit\u00e1s:<\/strong> Ezt a bels\u0151 k\u00e1rtyaolvas\u00f3 k\u00e1rtyany\u00edl\u00e1st kifejezetten a Dell Latitude 5420 E5420 laptopokhoz tervezt\u00e9k. Biztos\u00edtsa laptopja t\u00f6k\u00e9letes illeszked\u00e9s\u00e9t \u00e9s megb\u00edzhat\u00f3 m\u0171k\u00f6d\u00e9s\u00e9t.<\/p>\n<p><strong>Egyszer\u0171 telep\u00edt\u00e9s:<\/strong> Nem kell m\u0171szaki szak\u00e9rt\u0151nek lenni \u2013 a telep\u00edt\u00e9si folyamat egyszer\u0171. N\u00f6velje laptopja k\u00e9pess\u00e9geit gond n\u00e9lk\u00fcl. Ha azonban seg\u00edts\u00e9gre van sz\u00fcks\u00e9ge, b\u00e1tran \u00edrjon nek\u00fcnk t\u00e1mogat\u00e1s\u00e9rt.<\/p>\n<p><strong>Megb\u00edzhat\u00f3 teljes\u00edtm\u00e9ny:<\/strong> Tapasztalja meg az \u00e1lland\u00f3 \u00e9s megb\u00edzhat\u00f3 teljes\u00edtm\u00e9nyt ezzel az eredeti Dell laptop alkatr\u00e9szsel. Ak\u00e1r adat\u00e1tvitelr\u0151l, ak\u00e1r k\u00fcl\u00f6nb\u00f6z\u0151 k\u00e1rty\u00e1k haszn\u00e1lat\u00e1r\u00f3l van sz\u00f3, ez a bels\u0151 k\u00e1rtyaolvas\u00f3 k\u00e1rtyany\u00edl\u00e1s z\u00f6kken\u0151mentes m\u0171k\u00f6d\u00e9st biztos\u00edt.<\/p>\n<p><strong>Val\u00f3di fot\u00f3k:<\/strong> Az adatlapon szerepl\u0151 fot\u00f3k eredetiek, \u00e9s pontosan azt a r\u00e9szt k\u00e9pviselik, amelyet kapni fog. Hisz\u00fcnk az \u00e1tl\u00e1that\u00f3s\u00e1gban, \u00e9s ezek a val\u00f3di k\u00e9pek a term\u00e9k min\u0151s\u00e9g\u00e9t mutatj\u00e1k be.<\/p>\n<p><strong>Sz\u00e1ll\u00edt\u00e1s az eg\u00e9sz vil\u00e1gon:<\/strong> Mik\u00f6zben els\u0151dlegesen Eur\u00f3p\u00e1ra \u00f6sszpontos\u00edtunk, vil\u00e1gszerte sz\u00e1ll\u00edtunk. B\u00e1rhol is van, t\u00f6k\u00e9letes\u00edtse Dell Latitude 5420 E5420 laptopj\u00e1t ezzel az eredeti Dell laptop alkatr\u00e9szsel.<\/p>\n<p><strong>Megjegyz\u00e9s az utas\u00edt\u00e1sokhoz:<\/strong> nem adunk konkr\u00e9t cser\u00e9re vonatkoz\u00f3 utas\u00edt\u00e1sokat. Ha azonban b\u00e1rmilyen k\u00e9rd\u00e9se van, vagy \u00fatmutat\u00e1sra van sz\u00fcks\u00e9ge a telep\u00edt\u00e9si folyamat sor\u00e1n, ne habozzon kapcsolatba l\u00e9pni vel\u00fcnk. Az\u00e9rt vagyunk itt, hogy seg\u00edts\u00fcnk.<\/p>\n<p>N\u00f6velje laptop \u00e9lm\u00e9ny\u00e9t az Eredeti Dell Latitude 5420 E5420 bels\u0151 k\u00e1rtyaolvas\u00f3 CN-04PH29 k\u00e1rtyany\u00edl\u00e1ssal. Rendeljen most, \u00e9s \u00e9lvezze a tov\u00e1bbfejlesztett funkcionalit\u00e1st k\u00f6nnyed\u00e9n!<\/p>\n","protected":false},"excerpt":{"rendered":"<p>N\u00f6velje Dell Latitude 5420 E5420 laptopja funkcionalit\u00e1s\u00e1t ezzel az eredeti bels\u0151 k\u00e1rtyaolvas\u00f3 k\u00e1rtyany\u00edl\u00e1ssal (CN-04PH29). Az egyszer\u0171 telep\u00edt\u00e9s, a megb\u00edzhat\u00f3 teljes\u00edtm\u00e9ny \u00e9s a k\u00f6zvetlen kompatibilit\u00e1s t\u00f6k\u00e9letes v\u00e1laszt\u00e1ss\u00e1 teszik laptopja \u00e9lm\u00e9ny\u00e9nek fokoz\u00e1s\u00e1ra.<\/p>\n","protected":false},"featured_media":6223,"template":"","meta":[],"product_brand":[],"product_cat":[27],"product_tag":[17],"class_list":{"0":"post-6185","1":"product","2":"type-product","3":"status-publish","4":"has-post-thumbnail","6":"product_cat-motherboards-board-parts","7":"product_tag-dell","9":"first","10":"instock","11":"taxable","12":"shipping-taxable","13":"purchasable","14":"product-type-simple"},"_links":{"self":[{"href":"https:\/\/boreait.com\/hu\/wp-json\/wp\/v2\/product\/6185","targetHints":{"allow":["GET"]}}],"collection":[{"href":"https:\/\/boreait.com\/hu\/wp-json\/wp\/v2\/product"}],"about":[{"href":"https:\/\/boreait.com\/hu\/wp-json\/wp\/v2\/types\/product"}],"wp:featuredmedia":[{"embeddable":true,"href":"https:\/\/boreait.com\/hu\/wp-json\/wp\/v2\/media\/6223"}],"wp:attachment":[{"href":"https:\/\/boreait.com\/hu\/wp-json\/wp\/v2\/media?parent=6185"}],"wp:term":[{"taxonomy":"product_brand","embeddable":true,"href":"https:\/\/boreait.com\/hu\/wp-json\/wp\/v2\/product_brand?post=6185"},{"taxonomy":"product_cat","embeddable":true,"href":"https:\/\/boreait.com\/hu\/wp-json\/wp\/v2\/product_cat?post=6185"},{"taxonomy":"product_tag","embeddable":true,"href":"https:\/\/boreait.com\/hu\/wp-json\/wp\/v2\/product_tag?post=6185"}],"curies":[{"name":"wp","href":"https:\/\/api.w.org\/{rel}","templated":true}]}}