{"id":6166,"date":"2025-09-17T11:33:32","date_gmt":"2025-09-17T09:33:32","guid":{"rendered":"https:\/\/boreait.com\/hu\/?post_type=product&#038;p=6166"},"modified":"2026-01-19T10:18:11","modified_gmt":"2026-01-19T09:18:11","slug":"eredeti-hp-15-r-15-h-15-s-15-g-usb-kartya-kabellel-ls-a993p-laptop-alkatreszek-gyors-szallitas","status":"publish","type":"product","link":"https:\/\/boreait.com\/hu\/termek\/eredeti-hp-15-r-15-h-15-s-15-g-usb-kartya-kabellel-ls-a993p-laptop-alkatreszek-gyors-szallitas\/","title":{"rendered":"Eredeti HP 15-R \/ 15-H \/ 15-S \/ 15-G USB k\u00e1rtya k\u00e1bellel LS-A993P Laptop alkatr\u00e9szek Gyors sz\u00e1ll\u00edt\u00e1s"},"content":{"rendered":"<p>Friss\u00edtse HP 15-R \/ 15-H \/ 15-S \/ 15-G k\u00e9sz\u00fcl\u00e9k\u00e9t eredeti USB-k\u00e1rty\u00e1val az LS-A993P k\u00e1bellel \u2013 a t\u00f6k\u00e9letes megold\u00e1s laptopja alkatr\u00e9szeihez. Ez az eredeti alkatr\u00e9sz z\u00f6kken\u0151mentes kompatibilit\u00e1st biztos\u00edt, optim\u00e1lis teljes\u00edtm\u00e9nyt biztos\u00edtva k\u00e9sz\u00fcl\u00e9k\u00e9nek.<\/p>\n<p><strong>F\u0151bb jellemz\u0151k:<\/strong><\/p>\n<ul>\n<li>Eredeti HP 15-R \/ 15-H \/ 15-S \/ 15-G USB-k\u00e1rtya LS-A993P k\u00e1bellel<\/li>\n<li>Fokozza a csatlakoztathat\u00f3s\u00e1got \u00e9s a funkcionalit\u00e1st<\/li>\n<li>Eredeti alkatr\u00e9sz a garant\u00e1lt kompatibilit\u00e1s \u00e9rdek\u00e9ben<\/li>\n<li>Gyors \u00e9s biztons\u00e1gos sz\u00e1ll\u00edt\u00e1s vil\u00e1gszerte<\/li>\n<li>K\u00f6nnyen telep\u00edthet\u0151 \u2013 nincs sz\u00fcks\u00e9g szakmai seg\u00edts\u00e9gre<\/li>\n<li>Azonnal jav\u00edtja laptopja teljes\u00edtm\u00e9ny\u00e9t<\/li>\n<\/ul>\n<p><strong>Kompatibilit\u00e1s:<\/strong> Ezt a kifejezetten a\u00a0HP 15-R \/ 15-H \/ 15-S \/ 15-G-hez tervezt\u00e9k, ez az LS-A993P k\u00e1bellel ell\u00e1tott USB-k\u00e1rtya t\u00f6k\u00e9letes illeszked\u00e9st garant\u00e1l. Tapasztalja meg a probl\u00e9mamentes integr\u00e1ci\u00f3t a min\u0151s\u00e9gi kompromisszumok n\u00e9lk\u00fcl.<\/p>\n<p><strong>Gyors sz\u00e1ll\u00edt\u00e1s a vil\u00e1g minden pontj\u00e1ra:<\/strong> Tiszt\u00e1ban vagyunk vele, hogy laptopja jav\u00edt\u00e1si ig\u00e9nyei s\u00fcrg\u0151sek. Haszn\u00e1lja ki gyors \u00e9s biztons\u00e1gos vil\u00e1gm\u00e9ret\u0171 kisz\u00e1ll\u00edt\u00e1sunk el\u0151nyeit, biztos\u00edtva, hogy azonnal megkapja Eredeti HP 15-R \/ 15-H \/ 15-S \/ 15-G USB-k\u00e1rty\u00e1j\u00e1t az LS-A993P k\u00e1bellel.<\/p>\n<p>&nbsp;<\/p>\n","protected":false},"excerpt":{"rendered":"<p>N\u00f6velje HP Compaq 15-s000sg k\u00e9sz\u00fcl\u00e9k\u00e9t ezzel az Eredeti HP 15-R \/ 15-H \/ 15-S \/ 15-G USB-k\u00e1rty\u00e1val, LS-A993P k\u00e1bellel. Eredeti alkatr\u00e9sz a z\u00f6kken\u0151mentes kompatibilit\u00e1s \u00e9rdek\u00e9ben. Gyors \u00e9s biztons\u00e1gos sz\u00e1ll\u00edt\u00e1s vil\u00e1gszerte. Friss\u00edtse laptopj\u00e1t most!<\/p>\n","protected":false},"featured_media":6200,"template":"","meta":[],"product_brand":[],"product_cat":[27],"product_tag":[25],"class_list":{"0":"post-6166","1":"product","2":"type-product","3":"status-publish","4":"has-post-thumbnail","6":"product_cat-motherboards-board-parts","7":"product_tag-hp","9":"first","10":"instock","11":"taxable","12":"shipping-taxable","13":"purchasable","14":"product-type-simple"},"_links":{"self":[{"href":"https:\/\/boreait.com\/hu\/wp-json\/wp\/v2\/product\/6166","targetHints":{"allow":["GET"]}}],"collection":[{"href":"https:\/\/boreait.com\/hu\/wp-json\/wp\/v2\/product"}],"about":[{"href":"https:\/\/boreait.com\/hu\/wp-json\/wp\/v2\/types\/product"}],"wp:featuredmedia":[{"embeddable":true,"href":"https:\/\/boreait.com\/hu\/wp-json\/wp\/v2\/media\/6200"}],"wp:attachment":[{"href":"https:\/\/boreait.com\/hu\/wp-json\/wp\/v2\/media?parent=6166"}],"wp:term":[{"taxonomy":"product_brand","embeddable":true,"href":"https:\/\/boreait.com\/hu\/wp-json\/wp\/v2\/product_brand?post=6166"},{"taxonomy":"product_cat","embeddable":true,"href":"https:\/\/boreait.com\/hu\/wp-json\/wp\/v2\/product_cat?post=6166"},{"taxonomy":"product_tag","embeddable":true,"href":"https:\/\/boreait.com\/hu\/wp-json\/wp\/v2\/product_tag?post=6166"}],"curies":[{"name":"wp","href":"https:\/\/api.w.org\/{rel}","templated":true}]}}