{"id":6137,"date":"2025-09-17T11:33:04","date_gmt":"2025-09-17T09:33:04","guid":{"rendered":"https:\/\/boreait.com\/hu\/?post_type=product&#038;p=6137"},"modified":"2025-09-17T11:34:11","modified_gmt":"2025-09-17T09:34:11","slug":"hp-488506-001-z600-z620-z800-z820-lff-optikai-ures-756801-001-eredeti-oem-laptop-alkatreszek","status":"publish","type":"product","link":"https:\/\/boreait.com\/hu\/termek\/hp-488506-001-z600-z620-z800-z820-lff-optikai-ures-756801-001-eredeti-oem-laptop-alkatreszek\/","title":{"rendered":"HP (488506-001) Z600 Z620 Z800 Z820 LFF optikai \u00fcres (756801-001) \u2013 Eredeti OEM laptop-alkatr\u00e9szek"},"content":{"rendered":"<p>Friss\u00edtse HP Z600, Z620, Z800 vagy Z820 munka\u00e1llom\u00e1s\u00e1t az eredeti HP (488506-001) LFF Optical Blank (756801-001) seg\u00edts\u00e9g\u00e9vel. A prec\u00edzi\u00f3ra tervezett \u00e9s az OEM specifik\u00e1ci\u00f3inak megfelel\u0151 tervez\u00e9s\u0171 laptop alkatr\u00e9sz kompatibilit\u00e1st \u00e9s optim\u00e1lis teljes\u00edtm\u00e9nyt garant\u00e1l HP Z-sorozat\u00fa munka\u00e1llom\u00e1sa sz\u00e1m\u00e1ra.<\/p>\n<p>Ak\u00e1r elhaszn\u00e1l\u00f3dott alkatr\u00e9szt cser\u00e9l, ak\u00e1r szem\u00e9lyre szabja munka\u00e1llom\u00e1s\u00e1t, a HP LFF Optical Blank z\u00f6kken\u0151mentes illeszked\u00e9st biztos\u00edt. N\u00f6velje rendszere \u00e1ltal\u00e1nos megb\u00edzhat\u00f3s\u00e1g\u00e1t \u00e9s hat\u00e9konys\u00e1g\u00e1t ezzel az eredeti OEM laptop alkatr\u00e9szsel.<\/p>\n<p>A kompatibilit\u00e1s kulcsfontoss\u00e1g\u00fa, \u00e9s ezt az optikai \u00fcress\u00e9get kifejezetten a HP munka\u00e1llom\u00e1sokhoz szabt\u00e1k, bele\u00e9rtve a Z600, Z620, Z800 \u00e9s Z820 modelleket. Gy\u0151z\u0151dj\u00f6n meg arr\u00f3l, hogy munka\u00e1llom\u00e1sa a lehet\u0151 legjobban m\u0171k\u00f6dik: cser\u00e9lje ki az optikai blankot erre a kiv\u00e1l\u00f3 min\u0151s\u00e9g\u0171, eredeti alkatr\u00e9szre.<\/p>\n<p>A [Webhelyed neve]-n\u00e9l b\u00fcszk\u00e9k vagyunk arra, hogy hiteles laptop-alkatr\u00e9szeket k\u00edn\u00e1lunk a felhaszn\u00e1l\u00f3k sz\u00e1m\u00e1ra Eur\u00f3p\u00e1ban \u00e9s vil\u00e1gszerte. Biztos lehet benne, hogy a list\u00e1n szerepl\u0151 fot\u00f3k pontosan azokat a r\u00e9szeket \u00e1br\u00e1zolj\u00e1k, amelyeket \u00d6n kap. Minden alkatr\u00e9szt alaposan megvizsg\u00e1lnak \u00e9s azonnal h\u00e1zhoz sz\u00e1ll\u00edtanak.<\/p>\n<p>K\u00e9rj\u00fck, vegye figyelembe, hogy nem adunk konkr\u00e9t cser\u00e9re vonatkoz\u00f3 utas\u00edt\u00e1sokat, de az\u00e9rt vagyunk itt, hogy seg\u00edts\u00fcnk. Ha b\u00e1rmilyen k\u00e9rd\u00e9se van, vagy tov\u00e1bbi seg\u00edts\u00e9gre van sz\u00fcks\u00e9ge, nyugodtan \u00edrjon nek\u00fcnk. B\u00e1tran friss\u00edtse HP munka\u00e1llom\u00e1s\u00e1t \u2013 rendelje meg HP (488506-001) Z600, Z620, Z800, Z820 LFF optikai \u00fcres (756801-001) k\u00e9sz\u00fcl\u00e9k\u00e9t m\u00e9g ma!<\/p>\n<p><strong>M\u0171szaki adatok:<\/strong><\/p>\n<ul>\n<li>Alkatr\u00e9szsz\u00e1m: 488506-001<\/li>\n<li>Modell: Z600, Z620, Z800, Z820<\/li>\n<li>T\u00edpus: LFF Optical Blank<\/li>\n<li>\u00c1llapot: Eredeti OEM<\/li>\n<li>Sz\u00e1ll\u00edt\u00e1s az eg\u00e9sz vil\u00e1gon: Igen<\/li>\n<\/ul>\n","protected":false},"excerpt":{"rendered":"<p>N\u00f6velje HP munka\u00e1llom\u00e1sa teljes\u00edtm\u00e9ny\u00e9t a HP (488506-001) Z600, Z620, Z800, Z820 LFF Optical Blank (756801-001) seg\u00edts\u00e9g\u00e9vel. Ezt az eredeti OEM laptop alkatr\u00e9szt a precizit\u00e1s \u00e9s a kompatibilit\u00e1s jegy\u00e9ben tervezt\u00e9k. Optimaliz\u00e1lja rendszer\u00e9t az optikai blank cser\u00e9j\u00e9vel, \u00edgy biztos\u00edtva a z\u00f6kken\u0151mentes illeszked\u00e9st Z-sorozat\u00fa munka\u00e1llom\u00e1s\u00e1hoz. V\u00e1s\u00e1roljon most, \u00e9s tapasztalja meg a nagyobb megb\u00edzhat\u00f3s\u00e1got \u00e9s teljes\u00edtm\u00e9nyt. Vil\u00e1gszerte el\u00e9rhet\u0151 sz\u00e1ll\u00edt\u00e1s.<\/p>\n","protected":false},"featured_media":6198,"template":"","meta":[],"product_brand":[],"product_cat":[16],"product_tag":[],"class_list":{"0":"post-6137","1":"product","2":"type-product","3":"status-publish","4":"has-post-thumbnail","6":"product_cat-laptop-housing","8":"first","9":"instock","10":"taxable","11":"shipping-taxable","12":"purchasable","13":"product-type-simple"},"_links":{"self":[{"href":"https:\/\/boreait.com\/hu\/wp-json\/wp\/v2\/product\/6137","targetHints":{"allow":["GET"]}}],"collection":[{"href":"https:\/\/boreait.com\/hu\/wp-json\/wp\/v2\/product"}],"about":[{"href":"https:\/\/boreait.com\/hu\/wp-json\/wp\/v2\/types\/product"}],"wp:featuredmedia":[{"embeddable":true,"href":"https:\/\/boreait.com\/hu\/wp-json\/wp\/v2\/media\/6198"}],"wp:attachment":[{"href":"https:\/\/boreait.com\/hu\/wp-json\/wp\/v2\/media?parent=6137"}],"wp:term":[{"taxonomy":"product_brand","embeddable":true,"href":"https:\/\/boreait.com\/hu\/wp-json\/wp\/v2\/product_brand?post=6137"},{"taxonomy":"product_cat","embeddable":true,"href":"https:\/\/boreait.com\/hu\/wp-json\/wp\/v2\/product_cat?post=6137"},{"taxonomy":"product_tag","embeddable":true,"href":"https:\/\/boreait.com\/hu\/wp-json\/wp\/v2\/product_tag?post=6137"}],"curies":[{"name":"wp","href":"https:\/\/api.w.org\/{rel}","templated":true}]}}