{"id":6136,"date":"2025-09-17T11:33:04","date_gmt":"2025-09-17T09:33:04","guid":{"rendered":"https:\/\/boreait.com\/hu\/?post_type=product&#038;p=6136"},"modified":"2025-09-17T11:34:10","modified_gmt":"2025-09-17T09:34:10","slug":"eredeti-hp-506601-001-506601-002-z600-z800-munkaallomas-hdd-caddy-talcatarto","status":"publish","type":"product","link":"https:\/\/boreait.com\/hu\/termek\/eredeti-hp-506601-001-506601-002-z600-z800-munkaallomas-hdd-caddy-talcatarto\/","title":{"rendered":"Eredeti HP 506601-001 506601-002 Z600 Z800 munka\u00e1llom\u00e1s HDD Caddy t\u00e1lcatart\u00f3"},"content":{"rendered":"<p>N\u00f6velje HP Z600 vagy Z800 munka\u00e1llom\u00e1s\u00e1nak t\u00e1rol\u00f3kapacit\u00e1s\u00e1t az eredeti HP 506601-001 506601-002 merevlemez-meghajt\u00f3 doboztart\u00f3 t\u00e1lc\u00e1val. A HP szigor\u00fa szabv\u00e1nyainak megfelel\u0151en kialak\u00edtott t\u00e1lca pontosan illeszkedik a merevlemezhez, biztos\u00edtva a stabilit\u00e1st \u00e9s a hossz\u00fa \u00e9lettartamot. A k\u00f6nny\u0171 haszn\u00e1lat \u00e9rdek\u00e9ben ez a caddy egy eredeti cserealkatr\u00e9sz, amely kompatibilis a HP Z600 \u00e9s Z800 modellekkel, \u00e9s probl\u00e9mamentes friss\u00edt\u00e9st biztos\u00edt.<\/p>\n<p><strong>F\u0151bb jellemz\u0151k:<\/strong><\/p>\n<ul>\n<li>Eredeti HP csere: B\u00edzzon a HP cserealkatr\u00e9sz eredetis\u00e9g\u00e9ben \u00e9s min\u0151s\u00e9g\u00e9ben.<\/li>\n<li>Kompatibilit\u00e1s: Kifejezetten HP Z600 \u00e9s Z800 munka\u00e1llom\u00e1sokhoz tervezve, t\u00f6k\u00e9letes illeszked\u00e9st biztos\u00edtva.<\/li>\n<li>Er\u0151s konstrukci\u00f3: A tart\u00f3s anyagok szil\u00e1rd \u00e9s megb\u00edzhat\u00f3 r\u00f6gz\u00edt\u00e9si megold\u00e1st garant\u00e1lnak a merevlemezhez.<\/li>\n<li>Egyszer\u0171 telep\u00edt\u00e9s: K\u00f6nnyed\u00e9n b\u0151v\u00edtheti munka\u00e1llom\u00e1sa t\u00e1rhely\u00e9t egy egyszer\u0171 \u00e9s biztons\u00e1gos telep\u00edt\u00e9si folyamattal.<\/li>\n<\/ul>\n<p>Ak\u00e1r egy elhaszn\u00e1l\u00f3dott dobozt cser\u00e9l, ak\u00e1r b\u0151v\u00edti t\u00e1rol\u00e1si lehet\u0151s\u00e9geit, az eredeti HP 506601-001 merevlemez-meghajt\u00f3 doboztart\u00f3 t\u00e1lca megb\u00edzhat\u00f3 v\u00e1laszt\u00e1s. K\u00e9rj\u00fck, vegye figyelembe, hogy ez az adatlap val\u00f3di f\u00e9nyk\u00e9peket tartalmaz, \u00edgy pontosan l\u00e1thatja, hogy mit fog kapni. Tov\u00e1bbi seg\u00edts\u00e9g\u00e9rt forduljon hozz\u00e1nk bizalommal. B\u00e1tran friss\u00edtse HP munka\u00e1llom\u00e1s\u00e1t, \u00e9s optimaliz\u00e1lja munkafolyamatait ezzel az eredeti HP HDD-vel.<\/p>\n","protected":false},"excerpt":{"rendered":"<p>N\u00f6velje HP Z600 vagy Z800 munka\u00e1llom\u00e1sa t\u00e1rol\u00e1si k\u00e9pess\u00e9geit az Eredeti HP 506601-001 merevlemez-meghajt\u00f3 doboztart\u00f3 t\u00e1lc\u00e1val. Ez a kiv\u00e1l\u00f3 min\u0151s\u00e9g\u0171 t\u00e1lca biztons\u00e1gosan illeszkedik merevlemez\u00e9hez, optim\u00e1lis teljes\u00edtm\u00e9nyt \u00e9s megb\u00edzhat\u00f3s\u00e1got biztos\u00edtva. Ez a HP Z600 \u00e9s Z800 modellekkel kompatibilis t\u00e1lca hiteles cserealkatr\u00e9sz, amely garant\u00e1lja a z\u00f6kken\u0151mentes integr\u00e1ci\u00f3t. B\u0151v\u00edtse munka\u00e1llom\u00e1sa t\u00e1rhely\u00e9t k\u00f6nnyed\u00e9n ezzel a megb\u00edzhat\u00f3 HDD-k\u00e1rty\u00e1val.<\/p>\n","protected":false},"featured_media":6197,"template":"","meta":[],"product_brand":[],"product_cat":[16],"product_tag":[25],"class_list":{"0":"post-6136","1":"product","2":"type-product","3":"status-publish","4":"has-post-thumbnail","6":"product_cat-laptop-housing","7":"product_tag-hp","9":"first","10":"instock","11":"taxable","12":"shipping-taxable","13":"purchasable","14":"product-type-simple"},"_links":{"self":[{"href":"https:\/\/boreait.com\/hu\/wp-json\/wp\/v2\/product\/6136","targetHints":{"allow":["GET"]}}],"collection":[{"href":"https:\/\/boreait.com\/hu\/wp-json\/wp\/v2\/product"}],"about":[{"href":"https:\/\/boreait.com\/hu\/wp-json\/wp\/v2\/types\/product"}],"wp:featuredmedia":[{"embeddable":true,"href":"https:\/\/boreait.com\/hu\/wp-json\/wp\/v2\/media\/6197"}],"wp:attachment":[{"href":"https:\/\/boreait.com\/hu\/wp-json\/wp\/v2\/media?parent=6136"}],"wp:term":[{"taxonomy":"product_brand","embeddable":true,"href":"https:\/\/boreait.com\/hu\/wp-json\/wp\/v2\/product_brand?post=6136"},{"taxonomy":"product_cat","embeddable":true,"href":"https:\/\/boreait.com\/hu\/wp-json\/wp\/v2\/product_cat?post=6136"},{"taxonomy":"product_tag","embeddable":true,"href":"https:\/\/boreait.com\/hu\/wp-json\/wp\/v2\/product_tag?post=6136"}],"curies":[{"name":"wp","href":"https:\/\/api.w.org\/{rel}","templated":true}]}}