{"id":6113,"date":"2025-09-17T11:32:39","date_gmt":"2025-09-17T09:32:39","guid":{"rendered":"https:\/\/boreait.com\/hu\/?post_type=product&#038;p=6113"},"modified":"2025-09-17T11:33:41","modified_gmt":"2025-09-17T09:33:41","slug":"eredeti-dell-inspiron-1525-1526-laptop-meghajto-es-elolap-nm087-tesztelt","status":"publish","type":"product","link":"https:\/\/boreait.com\/hu\/termek\/eredeti-dell-inspiron-1525-1526-laptop-meghajto-es-elolap-nm087-tesztelt\/","title":{"rendered":"Eredeti Dell Inspiron 1525 1526 laptop meghajt\u00f3 \u00e9s el\u0151lap NM087 \u2013 Tesztelt"},"content":{"rendered":"<p>Alak\u00edtsa \u00e1t Dell Inspiron 1525 vagy 1526 k\u00e9sz\u00fcl\u00e9k\u00e9t hiteles laptopmeghajt\u00f3nkkal &amp; El\u0151lap NM087. A teljes\u00edtm\u00e9ny \u00e9s a tart\u00f3ss\u00e1g szempontj\u00e1b\u00f3l gondosan tesztelt kombin\u00e1ci\u00f3 garant\u00e1ltan megfelel az elv\u00e1r\u00e1soknak.<\/p>\n<p><strong>Term\u00e9k r\u00e9szletei:<\/strong><\/p>\n<ul>\n<li>Modell: NM087<\/li>\n<li>Kompatibilit\u00e1s: Dell Inspiron 1525, 1526<\/li>\n<li>\u00c1llapot: Tesztelt \u00e9s tan\u00fas\u00edtott<\/li>\n<\/ul>\n<p><strong>F\u0151bb jellemz\u0151k:<\/strong><\/p>\n<ul>\n<li><strong>Megb\u00edzhat\u00f3 teljes\u00edtm\u00e9ny:<\/strong> \u00dagy tervezt\u00e9k, hogy egyenletes \u00e9s megb\u00edzhat\u00f3 teljes\u00edtm\u00e9nyt ny\u00fajtson, biztos\u00edtva a zavartalan m\u0171k\u00f6d\u00e9st.<\/li>\n<li><strong>Egyszer\u0171 friss\u00edt\u00e9s:<\/strong> K\u00f6nnyed\u00e9n cser\u00e9lje ki megl\u00e9v\u0151 meghajt\u00f3j\u00e1t \u00e9s el\u0151lapj\u00e1t, jav\u00edtva laptopja funkcionalit\u00e1s\u00e1t.<\/li>\n<li><strong>Tesztelt min\u0151s\u00e9g:<\/strong> Szigor\u00faan tesztelt\u00e9k a tart\u00f3ss\u00e1got, ami biztos\u00edtja a hossz\u00fa \u00e9lettartamot \u00e9s a tart\u00f3s teljes\u00edtm\u00e9nyt.<\/li>\n<\/ul>\n<p><strong>K\u00e9rj\u00fck, vegye figyelembe:<\/strong><\/p>\n<ul>\n<li>A telep\u00edt\u00e9si utas\u00edt\u00e1sokat nem tartalmazza, de ha seg\u00edts\u00e9gre van sz\u00fcks\u00e9ge, forduljon bizalommal.<\/li>\n<li>A val\u00f3di fot\u00f3k a t\u00e9nylegesen megkapott r\u00e9szeket \u00e1br\u00e1zolj\u00e1k.<\/li>\n<li>Sz\u00e1ll\u00edt\u00e1s az eg\u00e9sz vil\u00e1gon: Eur\u00f3p\u00e1ba \u00e9s azon t\u00fal is sz\u00e1ll\u00edtunk, \u00edgy biztos\u00edtjuk, hogy min\u0151s\u00e9gi term\u00e9keink eljussanak \u00d6nh\u00f6z, b\u00e1rhol is legyen.<\/li>\n<\/ul>\n<p>Magabiztosan friss\u00edtheti Dell Inspiron 1525 vagy 1526 k\u00e9sz\u00fcl\u00e9k\u00e9t. V\u00e1s\u00e1roljon most, \u00e9s tapasztalja meg a k\u00fcl\u00f6nbs\u00e9get!<\/p>\n","protected":false},"excerpt":{"rendered":"<p>Fejlessze Dell Inspiron 1525 vagy 1526 k\u00e9sz\u00fcl\u00e9k\u00e9t ezzel az eredeti laptopmeghajt\u00f3 \u00e9s el\u0151lap kombin\u00e1ci\u00f3val. A megb\u00edzhat\u00f3s\u00e1g szempontj\u00e1b\u00f3l tesztelt NM087 modell optim\u00e1lis teljes\u00edtm\u00e9nyt biztos\u00edt. Friss\u00edtse z\u00f6kken\u0151mentesen laptopj\u00e1t, \u00e9s tapasztalja meg a k\u00fcl\u00f6nbs\u00e9get.<\/p>\n","protected":false},"featured_media":6177,"template":"","meta":[],"product_brand":[],"product_cat":[27],"product_tag":[17],"class_list":{"0":"post-6113","1":"product","2":"type-product","3":"status-publish","4":"has-post-thumbnail","6":"product_cat-motherboards-board-parts","7":"product_tag-dell","9":"first","10":"instock","11":"taxable","12":"shipping-taxable","13":"purchasable","14":"product-type-simple"},"_links":{"self":[{"href":"https:\/\/boreait.com\/hu\/wp-json\/wp\/v2\/product\/6113","targetHints":{"allow":["GET"]}}],"collection":[{"href":"https:\/\/boreait.com\/hu\/wp-json\/wp\/v2\/product"}],"about":[{"href":"https:\/\/boreait.com\/hu\/wp-json\/wp\/v2\/types\/product"}],"wp:featuredmedia":[{"embeddable":true,"href":"https:\/\/boreait.com\/hu\/wp-json\/wp\/v2\/media\/6177"}],"wp:attachment":[{"href":"https:\/\/boreait.com\/hu\/wp-json\/wp\/v2\/media?parent=6113"}],"wp:term":[{"taxonomy":"product_brand","embeddable":true,"href":"https:\/\/boreait.com\/hu\/wp-json\/wp\/v2\/product_brand?post=6113"},{"taxonomy":"product_cat","embeddable":true,"href":"https:\/\/boreait.com\/hu\/wp-json\/wp\/v2\/product_cat?post=6113"},{"taxonomy":"product_tag","embeddable":true,"href":"https:\/\/boreait.com\/hu\/wp-json\/wp\/v2\/product_tag?post=6113"}],"curies":[{"name":"wp","href":"https:\/\/api.w.org\/{rel}","templated":true}]}}