{"id":6094,"date":"2025-09-17T11:32:15","date_gmt":"2025-09-17T09:32:15","guid":{"rendered":"https:\/\/boreait.com\/hu\/?post_type=product&#038;p=6094"},"modified":"2025-09-17T11:33:20","modified_gmt":"2025-09-17T09:33:20","slug":"hp-elitebook-8560p-csuklopant-boritas-eredeti-laptop-cserealkatresz-gyors-szallitas","status":"publish","type":"product","link":"https:\/\/boreait.com\/hu\/termek\/hp-elitebook-8560p-csuklopant-boritas-eredeti-laptop-cserealkatresz-gyors-szallitas\/","title":{"rendered":"HP Elitebook 8560P csukl\u00f3p\u00e1nt bor\u00edt\u00e1s \u2013 eredeti laptop cserealkatr\u00e9sz \u2013 gyors sz\u00e1ll\u00edt\u00e1s"},"content":{"rendered":"<p>Friss\u00edtse HP Elitebook 8560P-j\u00e9t eredeti csukl\u00f3p\u00e1nt-burkolatunkkal \u2013 t\u00f6k\u00e9letes megold\u00e1s laptopja eleg\u00e1ns \u00e9s professzion\u00e1lis megjelen\u00e9s\u00e9nek meg\u0151rz\u00e9s\u00e9re. Ez a kiv\u00e1l\u00f3 min\u0151s\u00e9g\u0171 alkatr\u00e9sz az OEM specifik\u00e1ci\u00f3i szerint k\u00e9sz\u00fclt, \u00edgy biztos\u00edtva a pontos illeszked\u00e9st \u00e9s a probl\u00e9mamentes telep\u00edt\u00e9st.<\/p>\n<p><strong>F\u0151bb jellemz\u0151k:<\/strong><\/p>\n<ul>\n<li><strong>Kompatibilit\u00e1s:<\/strong> Kifejezetten HP Elitebook 8560P laptopokhoz tervezve.<\/li>\n<li><strong>Anyag:<\/strong> Tart\u00f3s anyagokb\u00f3l k\u00e9sz\u00fclt a hossz\u00fa \u00e9lettartam \u00e9rdek\u00e9ben.<\/li>\n<li><strong>Pontos illeszked\u00e9s:<\/strong> Pontosan \u00fagy tervezt\u00e9k, hogy illeszkedjen az eredeti zsan\u00e9rburkolathoz.<\/li>\n<li><strong>Egyszer\u0171 telep\u00edt\u00e9s:<\/strong> Nincs sz\u00fcks\u00e9g szakmai seg\u00edts\u00e9gre; a telep\u00edt\u00e9s egyszer\u0171.<\/li>\n<li><strong>Gyors sz\u00e1ll\u00edt\u00e1s:<\/strong> Meg\u00e9rtj\u00fck a s\u00fcrg\u0151ss\u00e9get; gyors kisz\u00e1ll\u00edt\u00e1sunk biztos\u00edtja, hogy gyorsan megkapja a r\u00e9sz\u00e9t.<\/li>\n<\/ul>\n<p><strong>Mi\u00e9rt \u00e9rdemes eredeti cserealkatr\u00e9szeket v\u00e1lasztani?<\/strong> Az eredeti cserealkatr\u00e9szek v\u00e1laszt\u00e1sa biztos\u00edtja a kompatibilit\u00e1st \u00e9s a teljes\u00edtm\u00e9nyt. B\u00edzhat abban, hogy zsan\u00e9rburkolatunk min\u0151s\u00e9ge megfelel vagy meghaladja az eredeti gy\u00e1rt\u00f3 \u00e1ltal meghat\u00e1rozott szabv\u00e1nyokat. Ne k\u00f6ss\u00f6n kompromisszumot laptopja integrit\u00e1s\u00e1t illet\u0151en \u2013 v\u00e1lassza az eredeti alkatr\u00e9szek megb\u00edzhat\u00f3s\u00e1g\u00e1t.<\/p>\n<p><strong>\u00dcgyf\u00e9lszolg\u00e1lat:<\/strong> B\u00e1r nem adunk l\u00e9p\u00e9sr\u0151l l\u00e9p\u00e9sre \u00fatmutat\u00e1st, csapatunk k\u00e9szen \u00e1ll a seg\u00edts\u00e9g\u00e9re. Ha b\u00e1rmilyen k\u00e9rd\u00e9se van, vagy \u00fatmutat\u00e1sra van sz\u00fcks\u00e9ge a telep\u00edt\u00e9si folyamat sor\u00e1n, nyugodtan \u00edrjon nek\u00fcnk. Az\u00e9rt vagyunk itt, hogy biztos\u00edtsuk az \u00d6n el\u00e9gedetts\u00e9g\u00e9t.<\/p>\n<p><strong>Megjegyz\u00e9s:<\/strong> A megjelen\u00edtett term\u00e9kk\u00e9pek val\u00f3di fot\u00f3k a zsan\u00e9rburkolatr\u00f3l, amelyet megkap. Amit l\u00e1t, azt kapja \u2013 kiv\u00e1l\u00f3 min\u0151s\u00e9g\u0171 cserealkatr\u00e9szt HP Elitebook 8560P k\u00e9sz\u00fcl\u00e9k\u00e9hez.<\/p>\n<p>Fokozza laptopja funkcionalit\u00e1s\u00e1t \u00e9s eszt\u00e9tik\u00e1j\u00e1t a HP Elitebook 8560P csukl\u00f3p\u00e1nt bor\u00edt\u00e1s\u00e1nak cser\u00e9j\u00e9vel. Rendeljen most a z\u00f6kken\u0151mentes friss\u00edt\u00e9s \u00e9rdek\u00e9ben.<\/p>\n","protected":false},"excerpt":{"rendered":"<p>Cser\u00e9lje ki HP Elitebook 8560P zsan\u00e9rburkolat\u00e1t erre az eredeti cserealkatr\u00e9szre. A prec\u00edz illeszked\u00e9sre tervezve, biztos\u00edtja a tart\u00f3ss\u00e1got \u00e9s a funkcionalit\u00e1st. Gyors sz\u00e1ll\u00edt\u00e1s el\u00e9rhet\u0151.<\/p>\n","protected":false},"featured_media":6155,"template":"","meta":[],"product_brand":[],"product_cat":[16],"product_tag":[25],"class_list":{"0":"post-6094","1":"product","2":"type-product","3":"status-publish","4":"has-post-thumbnail","6":"product_cat-laptop-housing","7":"product_tag-hp","9":"first","10":"instock","11":"taxable","12":"shipping-taxable","13":"purchasable","14":"product-type-simple"},"_links":{"self":[{"href":"https:\/\/boreait.com\/hu\/wp-json\/wp\/v2\/product\/6094","targetHints":{"allow":["GET"]}}],"collection":[{"href":"https:\/\/boreait.com\/hu\/wp-json\/wp\/v2\/product"}],"about":[{"href":"https:\/\/boreait.com\/hu\/wp-json\/wp\/v2\/types\/product"}],"wp:featuredmedia":[{"embeddable":true,"href":"https:\/\/boreait.com\/hu\/wp-json\/wp\/v2\/media\/6155"}],"wp:attachment":[{"href":"https:\/\/boreait.com\/hu\/wp-json\/wp\/v2\/media?parent=6094"}],"wp:term":[{"taxonomy":"product_brand","embeddable":true,"href":"https:\/\/boreait.com\/hu\/wp-json\/wp\/v2\/product_brand?post=6094"},{"taxonomy":"product_cat","embeddable":true,"href":"https:\/\/boreait.com\/hu\/wp-json\/wp\/v2\/product_cat?post=6094"},{"taxonomy":"product_tag","embeddable":true,"href":"https:\/\/boreait.com\/hu\/wp-json\/wp\/v2\/product_tag?post=6094"}],"curies":[{"name":"wp","href":"https:\/\/api.w.org\/{rel}","templated":true}]}}