{"id":6088,"date":"2025-09-17T11:32:14","date_gmt":"2025-09-17T09:32:14","guid":{"rendered":"https:\/\/boreait.com\/hu\/?post_type=product&#038;p=6088"},"modified":"2025-09-17T11:33:06","modified_gmt":"2025-09-17T09:33:06","slug":"intel-core-i5-3210m-sr0mz-laptop-processzor-eredeti-oem-gyors-szallitas","status":"publish","type":"product","link":"https:\/\/boreait.com\/hu\/termek\/intel-core-i5-3210m-sr0mz-laptop-processzor-eredeti-oem-gyors-szallitas\/","title":{"rendered":"Intel Core i5-3210M SR0MZ laptop processzor \u2013 Eredeti OEM, gyors sz\u00e1ll\u00edt\u00e1s!"},"content":{"rendered":"<p>N\u00f6velje laptopja sebess\u00e9g\u00e9t \u00e9s hat\u00e9konys\u00e1g\u00e1t az Intel Core i5-3210M SR0MZ processzorral, amely egy eredeti OEM alkatr\u00e9sz, amely megv\u00e1s\u00e1rolhat\u00f3 a Siggm\u00f3n\u00e1l. Ezt a nagy teljes\u00edtm\u00e9ny\u0171 processzort \u00fagy tervezt\u00e9k, hogy cs\u00facsteljes\u00edtm\u00e9nyt ny\u00fajtson laptopja sz\u00e1m\u00e1ra, z\u00f6kken\u0151mentes t\u00f6bbfeladatos munkav\u00e9gz\u00e9st \u00e9s v\u00e1laszk\u00e9szs\u00e9get biztos\u00edtva.<\/p>\n<p><strong>F\u0151bb jellemz\u0151k:<\/strong><\/p>\n<ul>\n<li><strong>Modell:<\/strong> Intel Core i5-3210M SR0MZ<\/li>\n<li><strong>\u00c1llapot:<\/strong> Eredeti OEM<\/li>\n<li><strong>Kompatibilit\u00e1s:<\/strong> V\u00e1s\u00e1rl\u00e1s el\u0151tt ellen\u0151rizze laptopja kompatibilit\u00e1s\u00e1t.<\/li>\n<li><strong>Sz\u00e1ll\u00edt\u00e1s:<\/strong> Gyors \u00e9s megb\u00edzhat\u00f3 sz\u00e1ll\u00edt\u00e1s vil\u00e1gszerte<\/li>\n<\/ul>\n<p><strong>Mi\u00e9rt v\u00e1lassza az Intel Core i5-3210M SR0MZ-t?<\/strong> Az Intel Core i5-3210M egy megb\u00edzhat\u00f3 \u00e9s hat\u00e9kony processzor, amely teljes\u00edtm\u00e9ny\u00e9r\u0151l \u00e9s sokoldal\u00fas\u00e1g\u00e1r\u00f3l ismert. A k\u00fcl\u00f6nf\u00e9le alkalmaz\u00e1sokhoz ide\u00e1lis processzor t\u00f6k\u00e9letes azoknak a felhaszn\u00e1l\u00f3knak, akik a min\u0151s\u00e9gi kompromisszumok n\u00e9lk\u00fcl szeretn\u00e9nek friss\u00edteni laptopjukat.<\/p>\n<p><strong>Egyszer\u0171 telep\u00edt\u00e9s:<\/strong> A laptop processzor\u00e1nak cser\u00e9je Intel Core i5-3210M SR0MZ-re egyszer\u0171. B\u00e1r nem adunk konkr\u00e9t cser\u00e9re vonatkoz\u00f3 utas\u00edt\u00e1sokat, nyugodtan \u00edrjon nek\u00fcnk, ha seg\u00edts\u00e9gre van sz\u00fcks\u00e9ge, vagy b\u00e1rmilyen k\u00e9rd\u00e9se van.<\/p>\n<p><strong>Val\u00f3di fot\u00f3k, val\u00f3di min\u0151s\u00e9g:<\/strong> A list\u00e1ban szerepl\u0151 k\u00e9pek az \u00d6n \u00e1ltal megkapott Intel Core i5-3210M SR0MZ processzor val\u00f3di fot\u00f3k. Hisz\u00fcnk az \u00e1tl\u00e1that\u00f3s\u00e1gban, \u00e9s szeretn\u00e9nk, ha pontosan l\u00e1tn\u00e1, mit kap.<\/p>\n<p><strong>Sz\u00e1ll\u00edt\u00e1s az eg\u00e9sz vil\u00e1gon:<\/strong> Ak\u00e1r Eur\u00f3p\u00e1ban, ak\u00e1r b\u00e1rhol a vil\u00e1gon tart\u00f3zkodik, gyors \u00e9s megb\u00edzhat\u00f3 sz\u00e1ll\u00edt\u00e1st k\u00edn\u00e1lunk, hogy azonnal megkapja megrendel\u00e9s\u00e9t.<\/p>\n<p>Friss\u00edtse laptopj\u00e1t a Siggmo Intel Core i5-3210M SR0MZ processzor\u00e1val m\u00e9g ma, \u00e9s tapasztalja meg a m\u00e9g soha nem l\u00e1tott teljes\u00edtm\u00e9nyn\u00f6veked\u00e9st. Ha k\u00e9rd\u00e9se van, vagy tov\u00e1bbi seg\u00edts\u00e9gre van sz\u00fcks\u00e9ge, ne habozzon kapcsolatba l\u00e9pni vel\u00fcnk. Alak\u00edtsa \u00e1t laptopj\u00e1t er\u0151m\u0171v\u00e9 ezzel a kiv\u00e1l\u00f3 min\u0151s\u00e9g\u0171 laptopr\u00e9sszel.<\/p>\n","protected":false},"excerpt":{"rendered":"<p>N\u00f6velje laptopja teljes\u00edtm\u00e9ny\u00e9t az Intel Core i5-3210M SR0MZ processzorral. Eredeti OEM alkatr\u00e9sz gyors \u00e9s vil\u00e1gm\u00e9ret\u0171 sz\u00e1ll\u00edt\u00e1ssal.<\/p>\n","protected":false},"featured_media":6139,"template":"","meta":[],"product_brand":[],"product_cat":[39],"product_tag":[],"class_list":{"0":"post-6088","1":"product","2":"type-product","3":"status-publish","4":"has-post-thumbnail","6":"product_cat-processors-cpu","8":"first","9":"instock","10":"taxable","11":"shipping-taxable","12":"purchasable","13":"product-type-simple"},"_links":{"self":[{"href":"https:\/\/boreait.com\/hu\/wp-json\/wp\/v2\/product\/6088","targetHints":{"allow":["GET"]}}],"collection":[{"href":"https:\/\/boreait.com\/hu\/wp-json\/wp\/v2\/product"}],"about":[{"href":"https:\/\/boreait.com\/hu\/wp-json\/wp\/v2\/types\/product"}],"wp:featuredmedia":[{"embeddable":true,"href":"https:\/\/boreait.com\/hu\/wp-json\/wp\/v2\/media\/6139"}],"wp:attachment":[{"href":"https:\/\/boreait.com\/hu\/wp-json\/wp\/v2\/media?parent=6088"}],"wp:term":[{"taxonomy":"product_brand","embeddable":true,"href":"https:\/\/boreait.com\/hu\/wp-json\/wp\/v2\/product_brand?post=6088"},{"taxonomy":"product_cat","embeddable":true,"href":"https:\/\/boreait.com\/hu\/wp-json\/wp\/v2\/product_cat?post=6088"},{"taxonomy":"product_tag","embeddable":true,"href":"https:\/\/boreait.com\/hu\/wp-json\/wp\/v2\/product_tag?post=6088"}],"curies":[{"name":"wp","href":"https:\/\/api.w.org\/{rel}","templated":true}]}}