{"id":6068,"date":"2025-09-17T11:31:51","date_gmt":"2025-09-17T09:31:51","guid":{"rendered":"https:\/\/boreait.com\/hu\/?post_type=product&#038;p=6068"},"modified":"2025-09-17T11:32:47","modified_gmt":"2025-09-17T09:32:47","slug":"eredeti-hp-compaq-nx7300-laptop-billentyuzet-417525-ba1-cserekulcs-keszlet","status":"publish","type":"product","link":"https:\/\/boreait.com\/hu\/termek\/eredeti-hp-compaq-nx7300-laptop-billentyuzet-417525-ba1-cserekulcs-keszlet\/","title":{"rendered":"Eredeti HP Compaq nx7300 laptop billenty\u0171zet 417525-BA1 cserekulcs k\u00e9szlet"},"content":{"rendered":"<p>N\u00f6velje HP Compaq nx7300 laptopja teljes\u00edtm\u00e9ny\u00e9t \u00e9s \u00e9lettartam\u00e1t az apr\u00f3l\u00e9kosan kidolgozott cserebillenty\u0171zet\u00fcnkkel, a 417525-BA1 modellel. A szlov\u00e9n elrendez\u00e9si szabv\u00e1nyoknak megfelel\u0151en tervezett billenty\u0171zet z\u00f6kken\u0151mentes illeszked\u00e9st biztos\u00edt az eszk\u00f6zh\u00f6z \u2013 m\u00e1s orsz\u00e1gokkal \u00e9s nyelvekkel is kompatibilis. Kompatibilis cikksz\u00e1mok: 413554-061 413554-141 413554-171 417525-001<\/p>\n<p><strong>Kompatibilit\u00e1s \u00e9s min\u0151s\u00e9gbiztos\u00edt\u00e1s:<\/strong> Billenty\u0171zetcsere eredeti HP alkatr\u00e9sz, amely a megb\u00edzhat\u00f3 HP m\u00e1rk\u00e1val egy\u00fctt j\u00e1r\u00f3 megb\u00edzhat\u00f3s\u00e1got \u00e9s min\u0151s\u00e9gbiztos\u00edt\u00e1st biztos\u00edtja. A prec\u00edzi\u00f3s kialak\u00edt\u00e1s\u00fa minden kulcsot tart\u00f3ss\u00e1gra \u00e9s optim\u00e1lis teljes\u00edtm\u00e9nyre terveztek.<\/p>\n<p><strong>Egyszer\u0171 telep\u00edt\u00e9s:<\/strong> A laptop \u00fajj\u00e1\u00e9leszt\u00e9se m\u00e9g soha nem volt ilyen egyszer\u0171. Csere billenty\u0171zet\u00fcnk felhaszn\u00e1l\u00f3bar\u00e1t kialak\u00edt\u00e1ssal rendelkezik az egyszer\u0171 telep\u00edt\u00e9s \u00e9rdek\u00e9ben. B\u00e1r nem adunk r\u00e9szletes utas\u00edt\u00e1sokat, term\u00e9k\u00fcnket az otthoni csere k\u00e9nyelm\u00e9t szolg\u00e1lja. Ha tov\u00e1bbi seg\u00edts\u00e9gre van sz\u00fcks\u00e9ge, forduljon bizalommal elk\u00f6telezett \u00fcgyf\u00e9lszolg\u00e1latunkhoz.<\/p>\n<p><strong>Sz\u00e1ll\u00edt\u00e1s vil\u00e1gszerte:<\/strong> Nem sz\u00e1m\u00edt, hol tart\u00f3zkodik, a Siggmo biztos\u00edtja, hogy az eredeti laptop-alkatr\u00e9szek el\u00e9rhet\u0151k legyenek. Vil\u00e1gszerte k\u00edn\u00e1lunk kisz\u00e1ll\u00edt\u00e1st, min\u0151s\u00e9gi term\u00e9keinket k\u00f6zvetlen\u00fcl az \u00d6n k\u00fcsz\u00f6b\u00e9hez hozva.<\/p>\n<p><strong>Val\u00f3di term\u00e9kfot\u00f3k:<\/strong> Az ezen a list\u00e1n szerepl\u0151 k\u00e9pek val\u00f3di fot\u00f3k az \u00d6n \u00e1ltal kapott billenty\u0171zetr\u0151l. Hisz\u00fcnk az \u00e1tl\u00e1that\u00f3s\u00e1gban, \u00e9s azt akarjuk, hogy tiszta r\u00e1l\u00e1t\u00e1sa legyen a term\u00e9kr\u0151l, amelybe befektet.<\/p>\n<p>Magabiztosan friss\u00edtheti HP Compaq nx7300 laptopj\u00e1t. Rendelje meg cserebillenty\u0171zet\u00e9t m\u00e9g ma a Siggm\u00f3t\u00f3l, a legjobb laptop-alkatr\u00e9szek megb\u00edzhat\u00f3 forr\u00e1s\u00e1t\u00f3l. Ha b\u00e1rmilyen k\u00e9rd\u00e9se van, vagy seg\u00edts\u00e9gre van sz\u00fcks\u00e9ge, ne habozzon, \u00edrjon nek\u00fcnk. Az \u00d6n el\u00e9gedetts\u00e9ge sz\u00e1munkra a legfontosabb.<\/p>\n","protected":false},"excerpt":{"rendered":"<p>N\u00f6velje HP Compaq nx7300 laptopja \u00e9lm\u00e9ny\u00e9t autentikus billenty\u0171zetcsere k\u00e9szlet\u00fcnkkel. 417525-BA1 modell, prec\u00edzen a szlov\u00e9n elrendez\u00e9shez tervezett, z\u00f6kken\u0151mentes kompatibilit\u00e1st biztos\u00edtva. \u00c1ll\u00edtsa vissza laptopja funkcionalit\u00e1s\u00e1t ezzel az eredeti HP alkatr\u00e9szrel. B\u00edzzon a Siggm\u00f3ban a min\u0151s\u00e9gi laptop-alkatr\u00e9szek\u00e9rt, amelyeket vil\u00e1gszerte sz\u00e1ll\u00edtanak.<\/p>\n","protected":false},"featured_media":6120,"template":"","meta":[],"product_brand":[],"product_cat":[35],"product_tag":[25],"class_list":{"0":"post-6068","1":"product","2":"type-product","3":"status-publish","4":"has-post-thumbnail","6":"product_cat-laptop-keyboard","7":"product_tag-hp","9":"first","10":"instock","11":"taxable","12":"shipping-taxable","13":"purchasable","14":"product-type-simple"},"_links":{"self":[{"href":"https:\/\/boreait.com\/hu\/wp-json\/wp\/v2\/product\/6068","targetHints":{"allow":["GET"]}}],"collection":[{"href":"https:\/\/boreait.com\/hu\/wp-json\/wp\/v2\/product"}],"about":[{"href":"https:\/\/boreait.com\/hu\/wp-json\/wp\/v2\/types\/product"}],"wp:featuredmedia":[{"embeddable":true,"href":"https:\/\/boreait.com\/hu\/wp-json\/wp\/v2\/media\/6120"}],"wp:attachment":[{"href":"https:\/\/boreait.com\/hu\/wp-json\/wp\/v2\/media?parent=6068"}],"wp:term":[{"taxonomy":"product_brand","embeddable":true,"href":"https:\/\/boreait.com\/hu\/wp-json\/wp\/v2\/product_brand?post=6068"},{"taxonomy":"product_cat","embeddable":true,"href":"https:\/\/boreait.com\/hu\/wp-json\/wp\/v2\/product_cat?post=6068"},{"taxonomy":"product_tag","embeddable":true,"href":"https:\/\/boreait.com\/hu\/wp-json\/wp\/v2\/product_tag?post=6068"}],"curies":[{"name":"wp","href":"https:\/\/api.w.org\/{rel}","templated":true}]}}