{"id":6062,"date":"2025-09-17T11:31:51","date_gmt":"2025-09-17T09:31:51","guid":{"rendered":"https:\/\/boreait.com\/hu\/?post_type=product&#038;p=6062"},"modified":"2026-01-19T10:11:47","modified_gmt":"2026-01-19T09:11:47","slug":"eredeti-hp-modemkartya-399441-001-compaq-laptopokhoz-eredeti-laptop-alkatreszek","status":"publish","type":"product","link":"https:\/\/boreait.com\/hu\/termek\/eredeti-hp-modemkartya-399441-001-compaq-laptopokhoz-eredeti-laptop-alkatreszek\/","title":{"rendered":"Eredeti HP modemk\u00e1rtya 399441-001 Compaq laptopokhoz \u2013 Eredeti laptop-alkatr\u00e9szek"},"content":{"rendered":"<p>Fokozza Compaq laptopja csatlakoztathat\u00f3s\u00e1g\u00e1t az <strong>Eredeti HP Modem Card 399441-001<\/strong> seg\u00edts\u00e9g\u00e9vel. Ezt az eredeti laptop-alkatr\u00e9szt a z\u00f6kken\u0151mentes integr\u00e1ci\u00f3ra tervezt\u00e9k, megb\u00edzhat\u00f3 \u00e9s hat\u00e9kony modemk\u00e1rty\u00e1t biztos\u00edtva k\u00e9sz\u00fcl\u00e9k\u00e9hez.<\/p>\n<p><strong>Term\u00e9k r\u00e9szletei:<\/strong><\/p>\n<ul>\n<li><strong>Alkatr\u00e9szsz\u00e1m:<\/strong> 399441-001<\/li>\n<li><strong>Kompatibilit\u00e1s:<\/strong> Compaq laptopokkal kompatibilis<\/li>\n<li><strong>Eredeti \u00e9s eredeti:<\/strong> Ez a modemk\u00e1rtya egy eredeti \u00e9s eredeti HP term\u00e9k, amely a legmagasabb min\u0151s\u00e9get \u00e9s kompatibilit\u00e1st biztos\u00edtja.<\/li>\n<\/ul>\n<p><strong>F\u0151bb jellemz\u0151k:<\/strong><\/p>\n<ul>\n<li><strong>Optim\u00e1lis teljes\u00edtm\u00e9ny:<\/strong> Tapasztalja meg a megb\u00edzhat\u00f3 \u00e9s gyors internetkapcsolatot ezzel az eredeti HP modemk\u00e1rty\u00e1val.<\/li>\n<li><strong>Egyszer\u0171 telep\u00edt\u00e9s:<\/strong> Az egyszer\u0171 telep\u00edt\u00e9sre tervezve, gond n\u00e9lk\u00fcl friss\u00edtheti laptopj\u00e1t.<\/li>\n<li><strong>Kompatibilit\u00e1si garancia:<\/strong> Ezt a modemk\u00e1rty\u00e1t kifejezetten Compaq laptopokhoz tervezt\u00e9k, \u00edgy t\u00f6k\u00e9letes kompatibilit\u00e1st biztos\u00edt.<\/li>\n<\/ul>\n<p>Ak\u00e1r hib\u00e1s modemk\u00e1rty\u00e1t cser\u00e9l, ak\u00e1r laptopja k\u00e9pess\u00e9geit friss\u00edti, v\u00e1lassza ki a HP-\u00f6sszetev\u0151k hiteless\u00e9g\u00e9t \u00e9s min\u0151s\u00e9g\u00e9t. A [Webhelyed neve] oldalon garant\u00e1ljuk, hogy a kapott term\u00e9k pontosan olyan, mint a k\u00e9pen, \u00e9s elk\u00f6telezettek vagyunk a kiv\u00e1l\u00f3 \u00fcgyf\u00e9lszolg\u00e1lat mellett. Ha b\u00e1rmilyen k\u00e9rd\u00e9se van, vagy seg\u00edts\u00e9gre van sz\u00fcks\u00e9ge, nyugodtan \u00edrjon nek\u00fcnk.<\/p>\n","protected":false},"excerpt":{"rendered":"<p>Friss\u00edtse Compaq laptopj\u00e1t ezzel az eredeti HP modemk\u00e1rty\u00e1val (cikksz\u00e1m: 399441-001). Biztos\u00edtson optim\u00e1lis csatlakoz\u00e1st \u00e9s megb\u00edzhat\u00f3 teljes\u00edtm\u00e9nyt ezzel az eredeti laptop-alkatr\u00e9szrel. B\u00edzzon a laptopja ig\u00e9nyeinek megfelel\u0151 hiteles HP alkatr\u00e9szek min\u0151s\u00e9g\u00e9ben.<\/p>\n","protected":false},"featured_media":6102,"template":"","meta":[],"product_brand":[],"product_cat":[27],"product_tag":[25],"class_list":{"0":"post-6062","1":"product","2":"type-product","3":"status-publish","4":"has-post-thumbnail","6":"product_cat-motherboards-board-parts","7":"product_tag-hp","9":"first","10":"instock","11":"taxable","12":"shipping-taxable","13":"purchasable","14":"product-type-simple"},"_links":{"self":[{"href":"https:\/\/boreait.com\/hu\/wp-json\/wp\/v2\/product\/6062","targetHints":{"allow":["GET"]}}],"collection":[{"href":"https:\/\/boreait.com\/hu\/wp-json\/wp\/v2\/product"}],"about":[{"href":"https:\/\/boreait.com\/hu\/wp-json\/wp\/v2\/types\/product"}],"wp:featuredmedia":[{"embeddable":true,"href":"https:\/\/boreait.com\/hu\/wp-json\/wp\/v2\/media\/6102"}],"wp:attachment":[{"href":"https:\/\/boreait.com\/hu\/wp-json\/wp\/v2\/media?parent=6062"}],"wp:term":[{"taxonomy":"product_brand","embeddable":true,"href":"https:\/\/boreait.com\/hu\/wp-json\/wp\/v2\/product_brand?post=6062"},{"taxonomy":"product_cat","embeddable":true,"href":"https:\/\/boreait.com\/hu\/wp-json\/wp\/v2\/product_cat?post=6062"},{"taxonomy":"product_tag","embeddable":true,"href":"https:\/\/boreait.com\/hu\/wp-json\/wp\/v2\/product_tag?post=6062"}],"curies":[{"name":"wp","href":"https:\/\/api.w.org\/{rel}","templated":true}]}}