{"id":6059,"date":"2025-09-17T11:31:50","date_gmt":"2025-09-17T09:31:50","guid":{"rendered":"https:\/\/boreait.com\/hu\/?post_type=product&#038;p=6059"},"modified":"2026-01-19T10:11:27","modified_gmt":"2026-01-19T09:11:27","slug":"intel-hp-6720s-407575-002-396331-002-407576-002-wm3945abg-vezetek-nelkuli-wifi-kartya-eredeti-oem-laptop-alkatreszek","status":"publish","type":"product","link":"https:\/\/boreait.com\/hu\/termek\/intel-hp-6720s-407575-002-396331-002-407576-002-wm3945abg-vezetek-nelkuli-wifi-kartya-eredeti-oem-laptop-alkatreszek\/","title":{"rendered":"Intel HP 6720S 407575-002 396331-002 407576-002 WM3945ABG vezet\u00e9k n\u00e9lk\u00fcli WiFi k\u00e1rtya \u2013 Eredeti OEM laptop-alkatr\u00e9szek"},"content":{"rendered":"<p>N\u00f6velje laptopja vezet\u00e9k n\u00e9lk\u00fcli k\u00e9pess\u00e9geit az Intel HP 6720S 407575-002 396331-002 407576-002 WM3945ABG vezet\u00e9k n\u00e9lk\u00fcli WiFi k\u00e1rty\u00e1val. Ezt az eredeti OEM laptop alkatr\u00e9szt \u00fagy tervezt\u00e9k, hogy z\u00f6kken\u0151mentes \u00e9s megb\u00edzhat\u00f3 vezet\u00e9k n\u00e9lk\u00fcli \u00e9lm\u00e9nyt ny\u00fajtson, lehet\u0151v\u00e9 t\u00e9ve, hogy kompromisszumok n\u00e9lk\u00fcl maradjon kapcsolatban.<\/p>\n<p><strong>Kompatibilit\u00e1s:<\/strong> Az Intel HP 6720S 407575-002 396331-002 407576-002 WM3945ABG vezet\u00e9k n\u00e9lk\u00fcli WiFi k\u00e1rtya teljes m\u00e9rt\u00e9kben kompatibilis a HP 6720S-vel \u00e9s sz\u00e1mos m\u00e1s laptopmodellel. Ellen\u0151rizze a rendszer specifik\u00e1ci\u00f3it a t\u00f6k\u00e9letes illeszked\u00e9s \u00e9rdek\u00e9ben.<\/p>\n<p><strong>F\u0151bb jellemz\u0151k:<\/strong><\/p>\n<ul>\n<li>Eredeti OEM laptop alkatr\u00e9sz<\/li>\n<li>Modell: Intel HP 6720S 407575-002 396331-002 407576-002 WM3945ABG<\/li>\n<li>Jav\u00edtja a vezet\u00e9k n\u00e9lk\u00fcli kapcsolatot<\/li>\n<li>Nagy sebess\u00e9g\u0171 teljes\u00edtm\u00e9ny a hat\u00e9kony online tev\u00e9kenys\u00e9gekhez<\/li>\n<\/ul>\n<p><strong>Telep\u00edt\u00e9s:<\/strong> A telep\u00edt\u00e9s egyszer\u0171, \u00e9s nem ig\u00e9nyel szakmai seg\u00edts\u00e9get. B\u00e1r nem adunk konkr\u00e9t cser\u00e9re vonatkoz\u00f3 utas\u00edt\u00e1sokat, ha b\u00e1rmilyen k\u00e9rd\u00e9se van, vagy tov\u00e1bbi seg\u00edts\u00e9gre van sz\u00fcks\u00e9ge, forduljon bizalommal.<\/p>\n<p><strong>Min\u0151s\u00e9gbiztos\u00edt\u00e1s:<\/strong> Biztos lehet benne, hogy a list\u00e1n szerepl\u0151 fot\u00f3k a t\u00e9nylegesen megkapott term\u00e9ket \u00e1br\u00e1zolj\u00e1k. Laptopalkatr\u00e9szeinkn\u00e9l a min\u0151s\u00e9get \u00e9s a hiteless\u00e9get helyezz\u00fck el\u0151t\u00e9rbe, \u00edgy biztos\u00edtjuk, hogy az elv\u00e1rt teljes\u00edtm\u00e9nyt kapja.<\/p>\n<p><strong>Sz\u00e1ll\u00edt\u00e1s:<\/strong> Rendeljen most a gyors \u00e9s biztons\u00e1gos sz\u00e1ll\u00edt\u00e1s \u00e9rdek\u00e9ben. Kiszolg\u00e1ljuk v\u00e1s\u00e1rl\u00f3inkat Eur\u00f3p\u00e1ban \u00e9s vil\u00e1gszerte. Ha k\u00e9rd\u00e9se van, vagy tov\u00e1bbi inform\u00e1ci\u00f3ra van sz\u00fcks\u00e9ge, ne habozzon kapcsolatba l\u00e9pni vel\u00fcnk. Fokozza laptopja k\u00e9pess\u00e9geit az Intel HP 6720S 407575-002 396331-002 407576-002 WM3945ABG vezet\u00e9k n\u00e9lk\u00fcli WiFi k\u00e1rty\u00e1val \u2013 az \u00e1tj\u00e1r\u00f3 a z\u00f6kken\u0151mentes vezet\u00e9k n\u00e9lk\u00fcli kapcsolathoz.<\/p>\n","protected":false},"excerpt":{"rendered":"<p>Fokozza laptopja csatlakoztathat\u00f3s\u00e1g\u00e1t az Intel HP 6720S 407575-002 396331-002 407576-002 WM3945ABG vezet\u00e9k n\u00e9lk\u00fcli WiFi k\u00e1rty\u00e1val. Ez az eredeti OEM laptop alkatr\u00e9sz megb\u00edzhat\u00f3 \u00e9s nagy sebess\u00e9g\u0171 vezet\u00e9k n\u00e9lk\u00fcli teljes\u00edtm\u00e9nyt biztos\u00edt. A gyorsabb \u00e9s hat\u00e9konyabb online \u00e9lm\u00e9ny \u00e9rdek\u00e9ben z\u00f6kken\u0151mentesen friss\u00edthet. Kompatibilis a HP 6720S \u00e9s m\u00e1s modellekkel. Rendelje meg most a gyors \u00e9s biztons\u00e1gos sz\u00e1ll\u00edt\u00e1s\u00e9rt.<\/p>\n","protected":false},"featured_media":6097,"template":"","meta":[],"product_brand":[],"product_cat":[27],"product_tag":[],"class_list":{"0":"post-6059","1":"product","2":"type-product","3":"status-publish","4":"has-post-thumbnail","6":"product_cat-motherboards-board-parts","8":"first","9":"instock","10":"taxable","11":"shipping-taxable","12":"purchasable","13":"product-type-simple"},"_links":{"self":[{"href":"https:\/\/boreait.com\/hu\/wp-json\/wp\/v2\/product\/6059","targetHints":{"allow":["GET"]}}],"collection":[{"href":"https:\/\/boreait.com\/hu\/wp-json\/wp\/v2\/product"}],"about":[{"href":"https:\/\/boreait.com\/hu\/wp-json\/wp\/v2\/types\/product"}],"wp:featuredmedia":[{"embeddable":true,"href":"https:\/\/boreait.com\/hu\/wp-json\/wp\/v2\/media\/6097"}],"wp:attachment":[{"href":"https:\/\/boreait.com\/hu\/wp-json\/wp\/v2\/media?parent=6059"}],"wp:term":[{"taxonomy":"product_brand","embeddable":true,"href":"https:\/\/boreait.com\/hu\/wp-json\/wp\/v2\/product_brand?post=6059"},{"taxonomy":"product_cat","embeddable":true,"href":"https:\/\/boreait.com\/hu\/wp-json\/wp\/v2\/product_cat?post=6059"},{"taxonomy":"product_tag","embeddable":true,"href":"https:\/\/boreait.com\/hu\/wp-json\/wp\/v2\/product_tag?post=6059"}],"curies":[{"name":"wp","href":"https:\/\/api.w.org\/{rel}","templated":true}]}}