{"id":604,"date":"2025-09-17T09:28:31","date_gmt":"2025-09-17T07:28:31","guid":{"rendered":"https:\/\/boreait.com\/hu\/?post_type=product&#038;p=604"},"modified":"2026-01-07T09:19:39","modified_gmt":"2026-01-07T08:19:39","slug":"hp-350-g1-ventilator-hutoborda-cpu-levego-746659-001-hutoborda-huto","status":"publish","type":"product","link":"https:\/\/boreait.com\/hu\/termek\/hp-350-g1-ventilator-hutoborda-cpu-levego-746659-001-hutoborda-huto\/","title":{"rendered":"HP 350 G1 ventil\u00e1tor h\u0171t\u0151borda CPU leveg\u0151 746659-001 h\u0171t\u0151borda h\u0171t\u0151"},"content":{"rendered":"<p>Fenntartja az optim\u00e1lis h\u0171t\u00e9si teljes\u00edtm\u00e9nyt HP 350 G1 laptopja sz\u00e1m\u00e1ra a 746659-001 Fan Heatsink CPU Air seg\u00edts\u00e9g\u00e9vel. Ezt az eredeti HP cserealkatr\u00e9szt \u00fagy tervezt\u00e9k, hogy hat\u00e9konyan elvezesse a h\u0151t, \u00e9s megb\u00edzhat\u00f3 h\u0171t\u00e9st biztos\u00edtson laptopja CPU-ja sz\u00e1m\u00e1ra.<\/p>\n<p>A CPU ventil\u00e1tora \u00e9s h\u0171t\u0151bord\u00e1ja d\u00f6nt\u0151 szerepet j\u00e1tszik a CPU h\u0151m\u00e9rs\u00e9klet\u00e9nek fenntart\u00e1s\u00e1ban \u00e9s a t\u00falmeleged\u00e9s megel\u0151z\u00e9s\u00e9ben. Id\u0151vel a ventil\u00e1tor \u00e9s a h\u0171t\u0151borda elt\u00f6m\u0151dhet a port\u00f3l, vagy elhaszn\u00e1l\u00f3dhat, ami cs\u00f6kkenti a h\u0171t\u00e9si hat\u00e9konys\u00e1got \u00e9s potenci\u00e1lis teljes\u00edtm\u00e9nyprobl\u00e9m\u00e1kat. Ha lecser\u00e9li \u0151ket a 746659-001 Fan Heatsink CPU Airre, helyre\u00e1ll\u00edthatja laptopja optim\u00e1lis h\u0171t\u00e9si teljes\u00edtm\u00e9ny\u00e9t, \u00e9s megel\u0151zheti a t\u00falmeleged\u00e9st.<\/p>\n<p>A 746659-001 Fan Heatsink CPU Air k\u00f6zvetlen\u00fcl a HP-t\u00f3l sz\u00e1rmazik, \u00edgy biztos\u00edtja a kompatibilit\u00e1st, a megb\u00edzhat\u00f3s\u00e1got \u00e9s az optim\u00e1lis teljes\u00edtm\u00e9nyt laptopja sz\u00e1m\u00e1ra. Kiv\u00e1l\u00f3 min\u0151s\u00e9g\u0171 anyagokb\u00f3l k\u00e9sz\u00fclt, \u00e9s \u00fagy tervezt\u00e9k, hogy t\u00f6k\u00e9letesen illeszkedjen a HP 350 G1 k\u00e9sz\u00fcl\u00e9khez, hat\u00e9kony h\u0151elvezet\u00e9st \u00e9s megb\u00edzhat\u00f3 h\u0171t\u00e9st garant\u00e1lva.<\/p>\n<p>A 746659-001 Fan Heatsink CPU Air telep\u00edt\u00e9se egyszer\u0171 folyamat. Egyszer\u0171en t\u00e1vol\u00edtsa el a r\u00e9gi ventil\u00e1tort \u00e9s h\u0171t\u0151bord\u00e1t, \u00e9s cser\u00e9lje ki \u0151ket az \u00fajra a gy\u00e1rt\u00f3 utas\u00edt\u00e1sait k\u00f6vetve. Laptopj\u00e1nak CPU-ja v\u00e9dve lesz a t\u00falmeleged\u00e9st\u0151l, \u00edgy biztos\u00edtva az optim\u00e1lis teljes\u00edtm\u00e9nyt \u00e9s meghosszabb\u00edtva \u00e9lettartam\u00e1t.<\/p>\n<p>Friss\u00edtse h\u0171t\u0151rendszer\u00e9t a 746659-001 Fan Heatsink CPU Air seg\u00edts\u00e9g\u00e9vel, \u00e9s \u0151rizze meg HP 350 G1 laptopja megb\u00edzhat\u00f3s\u00e1g\u00e1t. \u00c9lvezze a hat\u00e9kony h\u0151elvezet\u00e9st, megakad\u00e1lyozza a t\u00falmeleged\u00e9st, \u00e9s biztos\u00edtsa a CPU optim\u00e1lis teljes\u00edtm\u00e9ny\u00e9t. V\u00e1s\u00e1roljon n\u00e1lunk most, \u00e9s biztos\u00edtsa HP 350 G1 z\u00f6kken\u0151mentes m\u0171k\u00f6d\u00e9s\u00e9t.<\/p>\n","protected":false},"excerpt":{"rendered":"<p>Tartsa h\u0171v\u00f6sen \u00e9s z\u00f6kken\u0151mentesen HP 350 G1 laptopj\u00e1t a 746659-001 Fan Heatsink CPU Air seg\u00edts\u00e9g\u00e9vel. Ez az eredeti HP cserealkatr\u00e9sz hat\u00e9kony h\u0151elvezet\u00e9st \u00e9s laptop CPU-j\u00e1nak optim\u00e1lis teljes\u00edtm\u00e9ny\u00e9t biztos\u00edtja. A 746659-001 Fan Heatsink CPU Air seg\u00edts\u00e9g\u00e9vel akad\u00e1lyozza meg a t\u00falmeleged\u00e9st, \u00e9s hosszabb\u00edtsa meg laptopja \u00e9lettartam\u00e1t. Friss\u00edtse h\u0171t\u0151rendszer\u00e9t, \u00e9s \u0151rizze meg HP 350 G1 megb\u00edzhat\u00f3s\u00e1g\u00e1t.<\/p>\n","protected":false},"featured_media":665,"template":"","meta":[],"product_brand":[],"product_cat":[33],"product_tag":[25],"class_list":{"0":"post-604","1":"product","2":"type-product","3":"status-publish","4":"has-post-thumbnail","6":"product_cat-cpu-fans-heatsinks","7":"product_tag-hp","9":"first","10":"instock","11":"taxable","12":"shipping-taxable","13":"purchasable","14":"product-type-simple"},"_links":{"self":[{"href":"https:\/\/boreait.com\/hu\/wp-json\/wp\/v2\/product\/604","targetHints":{"allow":["GET"]}}],"collection":[{"href":"https:\/\/boreait.com\/hu\/wp-json\/wp\/v2\/product"}],"about":[{"href":"https:\/\/boreait.com\/hu\/wp-json\/wp\/v2\/types\/product"}],"wp:featuredmedia":[{"embeddable":true,"href":"https:\/\/boreait.com\/hu\/wp-json\/wp\/v2\/media\/665"}],"wp:attachment":[{"href":"https:\/\/boreait.com\/hu\/wp-json\/wp\/v2\/media?parent=604"}],"wp:term":[{"taxonomy":"product_brand","embeddable":true,"href":"https:\/\/boreait.com\/hu\/wp-json\/wp\/v2\/product_brand?post=604"},{"taxonomy":"product_cat","embeddable":true,"href":"https:\/\/boreait.com\/hu\/wp-json\/wp\/v2\/product_cat?post=604"},{"taxonomy":"product_tag","embeddable":true,"href":"https:\/\/boreait.com\/hu\/wp-json\/wp\/v2\/product_tag?post=604"}],"curies":[{"name":"wp","href":"https:\/\/api.w.org\/{rel}","templated":true}]}}