{"id":603,"date":"2025-09-17T09:28:31","date_gmt":"2025-09-17T07:28:31","guid":{"rendered":"https:\/\/boreait.com\/hu\/?post_type=product&#038;p=603"},"modified":"2025-09-17T09:29:42","modified_gmt":"2025-09-17T07:29:42","slug":"737732-001-ls-9373p-eredeti-eredeti-hp-usb-audio-alap-zbook-17","status":"publish","type":"product","link":"https:\/\/boreait.com\/hu\/termek\/737732-001-ls-9373p-eredeti-eredeti-hp-usb-audio-alap-zbook-17\/","title":{"rendered":"737732-001 LS-9373P EREDETI EREDETI HP USB AUDIO ALAP ZBOOK 17"},"content":{"rendered":"<p>A 737732-001 LS-9373P USB audiok\u00e1rty\u00e1val \u00e1ll\u00edtsa vissza HP ZBook 17 laptopja USB audioportjainak m\u0171k\u00f6d\u00e9s\u00e9t. Ezt az eredeti HP cserealkatr\u00e9szt \u00fagy tervezt\u00e9k, hogy t\u00f6k\u00e9letesen illeszkedjen laptopj\u00e1hoz, \u00e9s kiv\u00e1l\u00f3 min\u0151s\u00e9g\u0171 audiocsatlakoz\u00e1st \u00e9s k\u00e9nyelmes USB-funkci\u00f3t biztos\u00edtson.<\/p>\n<p>Az USB-audiok\u00e1rtya kulcsfontoss\u00e1g\u00fa \u00f6sszetev\u0151, amely lehet\u0151v\u00e9 teszi k\u00fcl\u00f6nf\u00e9le audioeszk\u00f6z\u00f6k, p\u00e9ld\u00e1ul fejhallgat\u00f3k, hangsz\u00f3r\u00f3k \u00e9s mikrofonok csatlakoztat\u00e1s\u00e1t laptopj\u00e1hoz. Id\u0151vel az USB audiok\u00e1rtya elhaszn\u00e1l\u00f3dhat vagy megs\u00e9r\u00fclhet, ami nem m\u0171k\u00f6d\u0151 audioportokat eredm\u00e9nyezhet. Ha lecser\u00e9li a 737732-001 LS-9373P USB audiok\u00e1rty\u00e1ra, vissza\u00e1ll\u00edthatja az USB audioportok m\u0171k\u00f6d\u00e9s\u00e9t, \u00e9s \u00e9lvezheti a kiv\u00e1l\u00f3 min\u0151s\u00e9g\u0171 audio csatlakoz\u00e1st.<\/p>\n<p>A 737732-001 LS-9373P USB Audio Board k\u00f6zvetlen\u00fcl a HP-t\u00f3l sz\u00e1rmazik, \u00edgy biztos\u00edtja a kompatibilit\u00e1st, a megb\u00edzhat\u00f3s\u00e1got \u00e9s az optim\u00e1lis teljes\u00edtm\u00e9nyt laptopja sz\u00e1m\u00e1ra. Kiv\u00e1l\u00f3 min\u0151s\u00e9g\u0171 alkatr\u00e9szekb\u0151l k\u00e9sz\u00fclt, amelyek megfelelnek a HP szigor\u00fa szabv\u00e1nyainak, garant\u00e1lva a hossz\u00fa t\u00e1v\u00fa m\u0171k\u00f6d\u00e9st, valamint a kiv\u00e1l\u00f3 audio- \u00e9s USB-csatlakoz\u00e1st.<\/p>\n<p>A 737732-001 LS-9373P USB audiok\u00e1rtya telep\u00edt\u00e9se egyszer\u0171 folyamat. Egyszer\u0171en t\u00e1vol\u00edtsa el a r\u00e9gi USB audio k\u00e1rty\u00e1t, \u00e9s csatlakoztassa az \u00fajat a gy\u00e1rt\u00f3 utas\u00edt\u00e1sait k\u00f6vetve. A laptop USB audio portjai helyre\u00e1llnak, lehet\u0151v\u00e9 t\u00e9ve k\u00fcl\u00f6nf\u00e9le audioeszk\u00f6z\u00f6k csatlakoztat\u00e1s\u00e1t \u00e9s \u00e9lvezet\u00e9t.<\/p>\n<p>Friss\u00edtse HP ZBook 17 laptopj\u00e1t a 737732-001 LS-9373P USB audiok\u00e1rty\u00e1val, \u00e9s fokozza az audio- \u00e9s USB-\u00e9lm\u00e9nyt. Ak\u00e1r zen\u00e9t hallgat, filmet n\u00e9z, ak\u00e1r videokonferenci\u00e1n vesz r\u00e9szt, ez az USB audiok\u00e1rtya megb\u00edzhat\u00f3 audiocsatlakoz\u00e1st \u00e9s k\u00e9nyelmes USB-funkci\u00f3kat biztos\u00edt. V\u00e1s\u00e1roljon most n\u00e1lunk, \u00e9s \u00e9lvezze a tov\u00e1bbfejlesztett audio- \u00e9s USB-csatlakoz\u00e1s el\u0151nyeit HP ZBook 17 k\u00e9sz\u00fcl\u00e9k\u00e9n.<\/p>\n","protected":false},"excerpt":{"rendered":"<p>Cser\u00e9lje ki a HP ZBook 17 laptop USB audiok\u00e1rty\u00e1j\u00e1t a 737732-001 LS-9373P USB audiok\u00e1rty\u00e1ra. Ez az eredeti HP cserealkatr\u00e9sz t\u00f6k\u00e9letes illeszked\u00e9st biztos\u00edt, \u00e9s vissza\u00e1ll\u00edtja az USB audioportok m\u0171k\u00f6d\u00e9s\u00e9t. \u00c9lvezze a kiv\u00e1l\u00f3 min\u0151s\u00e9g\u0171 audiocsatlakoz\u00e1st \u00e9s a k\u00e9nyelmes USB-funkci\u00f3kat HP ZBook 17 k\u00e9sz\u00fcl\u00e9k\u00e9n. Friss\u00edtse laptopj\u00e1t a 737732-001 LS-9373P USB audiok\u00e1rty\u00e1val, \u00e9s fokozza a hang- \u00e9s USB-\u00e9lm\u00e9nyt.<\/p>\n","protected":false},"featured_media":664,"template":"","meta":[],"product_brand":[],"product_cat":[27],"product_tag":[25],"class_list":{"0":"post-603","1":"product","2":"type-product","3":"status-publish","4":"has-post-thumbnail","6":"product_cat-motherboards-board-parts","7":"product_tag-hp","9":"first","10":"instock","11":"taxable","12":"shipping-taxable","13":"purchasable","14":"product-type-simple"},"_links":{"self":[{"href":"https:\/\/boreait.com\/hu\/wp-json\/wp\/v2\/product\/603","targetHints":{"allow":["GET"]}}],"collection":[{"href":"https:\/\/boreait.com\/hu\/wp-json\/wp\/v2\/product"}],"about":[{"href":"https:\/\/boreait.com\/hu\/wp-json\/wp\/v2\/types\/product"}],"wp:featuredmedia":[{"embeddable":true,"href":"https:\/\/boreait.com\/hu\/wp-json\/wp\/v2\/media\/664"}],"wp:attachment":[{"href":"https:\/\/boreait.com\/hu\/wp-json\/wp\/v2\/media?parent=603"}],"wp:term":[{"taxonomy":"product_brand","embeddable":true,"href":"https:\/\/boreait.com\/hu\/wp-json\/wp\/v2\/product_brand?post=603"},{"taxonomy":"product_cat","embeddable":true,"href":"https:\/\/boreait.com\/hu\/wp-json\/wp\/v2\/product_cat?post=603"},{"taxonomy":"product_tag","embeddable":true,"href":"https:\/\/boreait.com\/hu\/wp-json\/wp\/v2\/product_tag?post=603"}],"curies":[{"name":"wp","href":"https:\/\/api.w.org\/{rel}","templated":true}]}}