{"id":5997,"date":"2025-09-17T11:31:04","date_gmt":"2025-09-17T09:31:04","guid":{"rendered":"https:\/\/boreait.com\/hu\/?post_type=product&#038;p=5997"},"modified":"2025-09-17T11:31:26","modified_gmt":"2025-09-17T09:31:26","slug":"dell-inspiron-15-latitude-3580-3585-g4jk9-beepitett-kamera-webkamera-tabla-laptop-alkatreszek","status":"publish","type":"product","link":"https:\/\/boreait.com\/hu\/termek\/dell-inspiron-15-latitude-3580-3585-g4jk9-beepitett-kamera-webkamera-tabla-laptop-alkatreszek\/","title":{"rendered":"Dell Inspiron 15 Latitude 3580 3585 G4JK9 be\u00e9p\u00edtett kamera webkamera t\u00e1bla laptop alkatr\u00e9szek"},"content":{"rendered":"<p>Friss\u00edtse Dell\u00a0 13 3300 k\u00e9sz\u00fcl\u00e9k\u00e9t az eredeti G4JK9 be\u00e9p\u00edtett kamera webkamera k\u00e1rty\u00e1val, amely kiz\u00e1r\u00f3lag a Siggmo-n\u00e1l kaphat\u00f3. Ez az eredeti Dell-alkatr\u00e9sz z\u00f6kken\u0151mentes kompatibilit\u00e1st, optim\u00e1lis teljes\u00edtm\u00e9nyt \u00e9s probl\u00e9mamentes telep\u00edt\u00e9st garant\u00e1l.<\/p>\n<p><strong>A term\u00e9k jellemz\u0151i:<\/strong><\/p>\n<ul>\n<li><strong>Kompatibilit\u00e1s:<\/strong> Kifejezetten a Dell Inspiron 15 Latitude 3580 3585-h\u00f6z tervezve<\/li>\n<li><strong>Eredeti Dell alkatr\u00e9sz:<\/strong> Biztos\u00edtsa a megb\u00edzhat\u00f3s\u00e1got egy hiteles G4JK9 webkamera k\u00e1rty\u00e1val.<\/li>\n<li><strong>Krist\u00e1lytiszta k\u00e9palkot\u00e1s:<\/strong> Cser\u00e9lje ki a hib\u00e1s kamer\u00e1t, hogy \u00e9les videoh\u00edv\u00e1sokat \u00e9s kiv\u00e1l\u00f3 min\u0151s\u00e9g\u0171 k\u00e9pr\u00f6gz\u00edt\u00e9st \u00e9lvezhessen.<\/li>\n<li><strong>Egyszer\u0171 telep\u00edt\u00e9s:<\/strong> Nincs sz\u00fcks\u00e9g bonyolult utas\u00edt\u00e1sokra; k\u00f6nnyed\u00e9n cser\u00e9lje ki az alkatr\u00e9szt.<\/li>\n<li><strong>Sz\u00e1ll\u00edt\u00e1s az eg\u00e9sz vil\u00e1gon:<\/strong> Eur\u00f3p\u00e1ba \u00e9s azon t\u00fal is sz\u00e1ll\u00edtunk, \u00edgy biztos\u00edtjuk, hogy b\u00e1rhol megkapja a sz\u00fcks\u00e9ges alkatr\u00e9szt.<\/li>\n<\/ul>\n<p>A Siggmon\u00e1l b\u00fcszk\u00e9k vagyunk arra, hogy kiv\u00e1l\u00f3 min\u0151s\u00e9g\u0171 laptop alkatr\u00e9szeket k\u00edn\u00e1lunk. Minden egyes t\u00e9telt gondosan megvizsg\u00e1lnak, \u00e9s a list\u00e1ban szerepl\u0151 val\u00f3di fot\u00f3k pontosan mutatj\u00e1k, hogy mit fog kapni. Nyugodjon meg, tudva, hogy egy megb\u00edzhat\u00f3 forr\u00e1sb\u00f3l sz\u00e1rmaz\u00f3 eredeti Dell Inspiron 15 Latitude 3580 3585 G4JK9 be\u00e9p\u00edtett kamera webkamera k\u00e1rty\u00e1t kap.<\/p>\n<p>K\u00e9rj\u00fck, vegye figyelembe, hogy b\u00e1r nem adunk utas\u00edt\u00e1sokat az alkatr\u00e9szcser\u00e9hez, bar\u00e1ts\u00e1gos csapatunk k\u00e9szen \u00e1ll a seg\u00edts\u00e9g\u00e9re. Nyugodtan \u00edrjon nek\u00fcnk, ha tov\u00e1bbi seg\u00edts\u00e9gre vagy inform\u00e1ci\u00f3ra van sz\u00fcks\u00e9ge. B\u00e1tran friss\u00edtse laptopj\u00e1t, \u00e9s v\u00e1s\u00e1roljon a Siggm\u00f3ban m\u00e9g ma!<\/p>\n","protected":false},"excerpt":{"rendered":"<p>Fejlessze Dell Inspiron 15 Latitude 3580 3585 f\u00e9nyk\u00e9pez\u0151g\u00e9p\u00e9t ezzel az eredeti G4JK9 be\u00e9p\u00edtett kamera webkamera k\u00e1rty\u00e1val. Autentikus Dell alkatr\u00e9sz a z\u00f6kken\u0151mentes kompatibilit\u00e1s \u00e9s az optim\u00e1lis teljes\u00edtm\u00e9ny \u00e9rdek\u00e9ben. Cser\u00e9lje ki a hib\u00e1s kamer\u00e1t, hogy krist\u00e1lytiszta videoh\u00edv\u00e1sokat \u00e9lvezhessen, \u00e9s eml\u00e9kezetes pillanatokat \u00f6r\u00f6k\u00edtsen meg. B\u00edzzon a Siggm\u00f3ban a min\u0151s\u00e9gi laptop alkatr\u00e9szek\u00e9rt.<\/p>\n","protected":false},"featured_media":6026,"template":"","meta":[],"product_brand":[],"product_cat":[23],"product_tag":[17],"class_list":{"0":"post-5997","1":"product","2":"type-product","3":"status-publish","4":"has-post-thumbnail","6":"product_cat-laptop-camera","7":"product_tag-dell","9":"first","10":"instock","11":"taxable","12":"shipping-taxable","13":"purchasable","14":"product-type-simple"},"_links":{"self":[{"href":"https:\/\/boreait.com\/hu\/wp-json\/wp\/v2\/product\/5997","targetHints":{"allow":["GET"]}}],"collection":[{"href":"https:\/\/boreait.com\/hu\/wp-json\/wp\/v2\/product"}],"about":[{"href":"https:\/\/boreait.com\/hu\/wp-json\/wp\/v2\/types\/product"}],"wp:featuredmedia":[{"embeddable":true,"href":"https:\/\/boreait.com\/hu\/wp-json\/wp\/v2\/media\/6026"}],"wp:attachment":[{"href":"https:\/\/boreait.com\/hu\/wp-json\/wp\/v2\/media?parent=5997"}],"wp:term":[{"taxonomy":"product_brand","embeddable":true,"href":"https:\/\/boreait.com\/hu\/wp-json\/wp\/v2\/product_brand?post=5997"},{"taxonomy":"product_cat","embeddable":true,"href":"https:\/\/boreait.com\/hu\/wp-json\/wp\/v2\/product_cat?post=5997"},{"taxonomy":"product_tag","embeddable":true,"href":"https:\/\/boreait.com\/hu\/wp-json\/wp\/v2\/product_tag?post=5997"}],"curies":[{"name":"wp","href":"https:\/\/api.w.org\/{rel}","templated":true}]}}