{"id":598,"date":"2025-09-17T09:28:30","date_gmt":"2025-09-17T07:28:30","guid":{"rendered":"https:\/\/boreait.com\/hu\/?post_type=product&#038;p=598"},"modified":"2025-09-17T09:29:32","modified_gmt":"2025-09-17T07:29:32","slug":"eredeti-laptop-super-multi-dvd-rw-iro-meghajto-guc0n-9-5mm","status":"publish","type":"product","link":"https:\/\/boreait.com\/hu\/termek\/eredeti-laptop-super-multi-dvd-rw-iro-meghajto-guc0n-9-5mm\/","title":{"rendered":"Eredeti Laptop Super Multi DVD-RW \u00edr\u00f3 meghajt\u00f3 GUC0N 9.5mm"},"content":{"rendered":"<p>N\u00f6velje Lenovo G51-35 laptopja optikai meghajt\u00f3j\u00e1nak k\u00e9pess\u00e9geit az Original Laptop Super Multi DVD-RW GUC0N 9,5 mm-es \u00edr\u00f3meghajt\u00f3val. Ezt az eredeti Lenovo cseremeghajt\u00f3t \u00fagy tervezt\u00e9k, hogy megb\u00edzhat\u00f3 teljes\u00edtm\u00e9nyt \u00e9s sokoldal\u00fa funkcionalit\u00e1st biztos\u00edtson az \u00d6n m\u00e9diasz\u00fcks\u00e9gleteihez.<\/p>\n<p>Az eredeti Laptop Super Multi DVD-RW \u00edr\u00f3meghajt\u00f3 GUC0N lehet\u0151v\u00e9 teszi k\u00fcl\u00f6nb\u00f6z\u0151 CD \u00e9s DVD form\u00e1tumok olvas\u00e1s\u00e1t \u00e9s \u00edr\u00e1s\u00e1t, bele\u00e9rtve a CD-R, CD-RW, DVD-R, DVD+R, DVD-RW \u00e9s DVD+RW form\u00e1tumokat. Ak\u00e1r biztons\u00e1gi m\u00e1solatot kell k\u00e9sz\u00edtenie, ak\u00e1r zene- vagy videolemezeket kell \u00edrnia, ak\u00e1r szoftvereket kell telep\u00edtenie, ez a meghajt\u00f3 rugalmass\u00e1got k\u00edn\u00e1l az \u00d6n ig\u00e9nyeinek kiel\u00e9g\u00edt\u00e9s\u00e9re.<\/p>\n<p>A gyors adat\u00e1tviteli sebess\u00e9ggel gyorsan olvashat \u00e9s \u00edrhat adatokat lemezekre, \u00edgy id\u0151t takar\u00edthat meg, \u00e9s n\u00f6veli a termel\u00e9kenys\u00e9get. Az Original Laptop Super Multi DVD-RW \u00edr\u00f3meghajt\u00f3 GUC0N biztos\u00edtja a lemezek z\u00f6kken\u0151mentes m\u0171k\u00f6d\u00e9s\u00e9t \u00e9s megb\u00edzhat\u00f3 teljes\u00edtm\u00e9ny\u00e9t, lehet\u0151v\u00e9 t\u00e9ve a z\u00f6kken\u0151mentes m\u00e9dialej\u00e1tsz\u00e1st \u00e9s az adatokhoz val\u00f3 hozz\u00e1f\u00e9r\u00e9st.<\/p>\n<p>Az eredeti laptop Super Multi DVD-RW \u00edr\u00f3 GUC0N meghajt\u00f3 telep\u00edt\u00e9se egyszer\u0171 folyamat. Egyszer\u0171en t\u00e1vol\u00edtsa el a megl\u00e9v\u0151 optikai meghajt\u00f3t Lenovo G51-35 laptopj\u00e1b\u00f3l, \u00e9s cser\u00e9lje ki az \u00faj meghajt\u00f3ra a gy\u00e1rt\u00f3 utas\u00edt\u00e1sait k\u00f6vetve. Az oper\u00e1ci\u00f3s rendszernek automatikusan fel kell ismernie a meghajt\u00f3t, \u00edgy azonnal elkezdheti haszn\u00e1lni.<\/p>\n<p>Friss\u00edtse Lenovo G51-35 laptopja optikai meghajt\u00f3j\u00e1t az Original Laptop Super Multi DVD-RW Burner Drive GUC0N meghajt\u00f3val, \u00e9s b\u0151v\u00edtse m\u00e9diak\u00e9pess\u00e9geit. Ak\u00e1r adatlemezeket kell \u00edrnia, ak\u00e1r zenei vagy vide\u00f3-\u00f6ssze\u00e1ll\u00edt\u00e1sokat kell k\u00e9sz\u00edtenie, ak\u00e1r egyszer\u0171en csak CD-ket \u00e9s DVD-ket kell olvasnia, ez a meghajt\u00f3 megb\u00edzhat\u00f3 teljes\u00edtm\u00e9nyt \u00e9s sokoldal\u00fas\u00e1got biztos\u00edt. V\u00e1s\u00e1roljon n\u00e1lunk most, \u00e9s \u00e9lvezze a tov\u00e1bbfejlesztett optikai meghajt\u00f3 el\u0151nyeit.<\/p>\n","protected":false},"excerpt":{"rendered":"<p>Friss\u00edtse Lenovo G51-35 laptopja optikai meghajt\u00f3j\u00e1t az Original Laptop Super Multi DVD-RW GUC0N \u00edr\u00f3meghajt\u00f3val. Ezzel az eredeti Lenovo cseremeghajt\u00f3val k\u00fcl\u00f6nf\u00e9le CD- \u00e9s DVD-form\u00e1tumokat olvashat \u00e9s \u00edrhat, sokoldal\u00fa funkcionalit\u00e1st biztos\u00edtva az \u00d6n m\u00e9diasz\u00fcks\u00e9gleteinek. \u00c9lvezze a megb\u00edzhat\u00f3 teljes\u00edtm\u00e9nyt, a gyors adat\u00e1tviteli sebess\u00e9get \u00e9s a lemezek \u00edr\u00e1s\u00e1t biztons\u00e1gi ment\u00e9s vagy sz\u00f3rakoztat\u00e1s c\u00e9lj\u00e1b\u00f3l. Friss\u00edtse Lenovo G51-35 k\u00e9sz\u00fcl\u00e9k\u00e9t az eredeti Laptop Super Multi DVD-RW Burner Drive GUC0N meghajt\u00f3val, \u00e9s fokozza az optikai meghajt\u00f3 k\u00e9pess\u00e9geit.<\/p>\n","protected":false},"featured_media":658,"template":"","meta":[],"product_brand":[],"product_cat":[27],"product_tag":[26],"class_list":{"0":"post-598","1":"product","2":"type-product","3":"status-publish","4":"has-post-thumbnail","6":"product_cat-motherboards-board-parts","7":"product_tag-lenovo","9":"first","10":"instock","11":"taxable","12":"shipping-taxable","13":"purchasable","14":"product-type-simple"},"_links":{"self":[{"href":"https:\/\/boreait.com\/hu\/wp-json\/wp\/v2\/product\/598","targetHints":{"allow":["GET"]}}],"collection":[{"href":"https:\/\/boreait.com\/hu\/wp-json\/wp\/v2\/product"}],"about":[{"href":"https:\/\/boreait.com\/hu\/wp-json\/wp\/v2\/types\/product"}],"wp:featuredmedia":[{"embeddable":true,"href":"https:\/\/boreait.com\/hu\/wp-json\/wp\/v2\/media\/658"}],"wp:attachment":[{"href":"https:\/\/boreait.com\/hu\/wp-json\/wp\/v2\/media?parent=598"}],"wp:term":[{"taxonomy":"product_brand","embeddable":true,"href":"https:\/\/boreait.com\/hu\/wp-json\/wp\/v2\/product_brand?post=598"},{"taxonomy":"product_cat","embeddable":true,"href":"https:\/\/boreait.com\/hu\/wp-json\/wp\/v2\/product_cat?post=598"},{"taxonomy":"product_tag","embeddable":true,"href":"https:\/\/boreait.com\/hu\/wp-json\/wp\/v2\/product_tag?post=598"}],"curies":[{"name":"wp","href":"https:\/\/api.w.org\/{rel}","templated":true}]}}